{"id":93566,"date":"2026-03-04T20:20:11","date_gmt":"2026-03-04T23:20:11","guid":{"rendered":"https:\/\/www.ecommerceupdate.com.br\/produto\/estrategias-de-marketing-digital-na-era-da-inteligencia-artificial\/"},"modified":"2026-03-13T15:37:04","modified_gmt":"2026-03-13T18:37:04","slug":"estrategias-de-marketing-digital-na-era-da-inteligencia-artificial","status":"publish","type":"product","link":"https:\/\/www.ecommerceupdate.com.br\/fi\/produto\/estrategias-de-marketing-digital-na-era-da-inteligencia-artificial\/","title":{"rendered":"Digitaalisen markkinoinnin strategiat teko\u00e4lyn aikakaudella"},"content":{"rendered":"<div class=\"woocommerce-product-details\">\n<h3>Tuotteen yksityiskohdat<\/h3>\n<ul>\n<li>Julkaisija: DVS EDITORA<\/li>\n<li>Julkaisup\u00e4iv\u00e4: 2.9.2025<\/li>\n<li>Painos: 1a<\/li>\n<li>Kieli: Portugali<\/li>\n<li>Sivum\u00e4\u00e4r\u00e4: 280 sivua<\/li>\n<li>ISBN-10:6556951536<\/li>\n<li>ISBN-13:978-6556951539<\/li>\n<li>Tuotteen paino: 460g<\/li>\n<li>Mitat: 17 x 1,43 x 24 cm<\/li>\n<li>Myyjien sijoitukset: nro 75 988 kirjoissa (Tapaa 100 parasta kirjojen kategoriassa) nro 75 verkkomarkkinoinnissa nro 239 markkinoinnissa nro 635 liikkeenjohdon tieteess\u00e4<\/li>\n<li>75 Sis\u00e4\u00e4n Web Markkinointi<\/li>\n<li>239 Markkinoinnissa<\/li>\n<li>635 Sis\u00e4\u00e4n Liiketalouden Tiede<\/li>\n<li>Asiakkaiden arviot: 4,4 4,4\/5 t\u00e4hte\u00e4 (4)<\/li>\n<\/ul><\/div>","protected":false},"excerpt":{"rendered":"<p>Digitaaliset markkinointistrategiat teko\u00e4lyn aikakaudella Teko\u00e4ly mullistaa digitaalisen markkinoinnin.Yh\u00e4 kehittyneemm\u00e4t algoritmit analysoivat dataa reaaliajassa, r\u00e4\u00e4t\u00e4l\u00f6iv\u00e4t vuorovaikutuksia ja automatisoivat prosesseja, m\u00e4\u00e4ritt\u00e4v\u00e4t uudelleen tavan, jolla br\u00e4ndit muodostavat yhteyden yleis\u00f6\u00f6ns\u00e4. Mutta kuinka hy\u00f6dynt\u00e4\u00e4 t\u00e4t\u00e4 potentiaalia t\u00e4ysill\u00e4? Mit\u00e4 l\u00f6yd\u00e4t t\u00e4st\u00e4 oppaasta T\u00e4m\u00e4 kirja tuo t\u00e4ydellisen oppaan ymm\u00e4rt\u00e4\u00e4 ja soveltaa tehokkaita strategioita nykyisess\u00e4 digitaalisessa maisemassa. Strategisen vision ja teknisen syvent\u00e4misen yhdist\u00e4v\u00e4n l\u00e4hestymistavan avulla opit: <span>Digitaalinen markkinoinnin suunnittelu<\/span>Digitaalinen markkinoinnin suunnittelu<span>SEO<\/span>SEO<span>Sosiaalinen media<\/span>Sosiaalinen media<span>Verkkomainonta<\/span>Verkkomainonta<span>Inbound-markkinointi<\/span>Inbound-markkinointi<span>Markkinointi B2 B-markkinoilla<\/span>Markkinointi B2 B-markkinoilla<span>Suorituskykymittarit<\/span>Suorituskykymittarit<span>Teko\u00e4lyn vaikutus kaikilla n\u00e4ill\u00e4 alueilla<\/span>Teko\u00e4lyn vaikutus kaikilla n\u00e4ill\u00e4 alueilla Ainutlaatuiset ominaisuudet Lis\u00e4ksi kirjassa on eksklusiivisia podcasteja markkina-asiantuntijoiden kanssa, tuoden arvokkaita oivalluksia ja todellisia esimerkkej\u00e4 siit\u00e4, kuinka teknologia muuttaa alaa. Kenelle t\u00e4m\u00e4 kirja olet kokenut ammattilainen tai joku, joka haluaa syventy\u00e4 aiheeseen, t\u00e4m\u00e4 lukeminen on v\u00e4ltt\u00e4m\u00e4t\u00f6nt\u00e4 digitaalisen markkinoinnin menestyksekk\u00e4\u00e4ksi navigoimiseksi teko\u00e4lyn aikakaudella.<\/p>","protected":false},"featured_media":93566,"comment_status":"open","ping_status":"closed","template":"","meta":[],"product_cat":[1611,1621,1595],"product_tag":[],"class_list":{"0":"post-93566","1":"product","2":"type-product","3":"status-publish","4":"has-post-thumbnail","6":"product_brand-por-sandra-turchi-autor","7":"product_cat-administracao-negocios-e-economia","8":"product_cat-gestao-e-lideranca","9":"product_cat-livros","11":"first","12":"instock","13":"sale","14":"shipping-taxable","15":"purchasable","16":"product-type-simple"},"aioseo_notices":[],"_links":{"self":[{"href":"https:\/\/www.ecommerceupdate.com.br\/fi\/wp-json\/wp\/v2\/product\/93566","targetHints":{"allow":["GET"]}}],"collection":[{"href":"https:\/\/www.ecommerceupdate.com.br\/fi\/wp-json\/wp\/v2\/product"}],"about":[{"href":"https:\/\/www.ecommerceupdate.com.br\/fi\/wp-json\/wp\/v2\/types\/product"}],"replies":[{"embeddable":true,"href":"https:\/\/www.ecommerceupdate.com.br\/fi\/wp-json\/wp\/v2\/comments?post=93566"}],"wp:featuredmedia":[{"embeddable":true,"href":"https:\/\/www.ecommerceupdate.com.br\/fi\/wp-json\/wp\/v2\/product\/93566"}],"wp:attachment":[{"href":"https:\/\/www.ecommerceupdate.com.br\/fi\/wp-json\/wp\/v2\/media?parent=93566"}],"wp:term":[{"taxonomy":"product_cat","embeddable":true,"href":"https:\/\/www.ecommerceupdate.com.br\/fi\/wp-json\/wp\/v2\/product_cat?post=93566"},{"taxonomy":"product_tag","embeddable":true,"href":"https:\/\/www.ecommerceupdate.com.br\/fi\/wp-json\/wp\/v2\/product_tag?post=93566"}],"curies":[{"name":"wp","href":"https:\/\/api.w.org\/{rel}","templated":true}]}}