{"id":93570,"date":"2026-03-04T20:20:50","date_gmt":"2026-03-04T23:20:50","guid":{"rendered":"https:\/\/www.ecommerceupdate.com.br\/produto\/storytelling-e-inteligencia-artificial-como-reinventar-o-marketing-digital-com-verdade-emocao-e-proposito\/"},"modified":"2026-03-13T15:37:46","modified_gmt":"2026-03-13T18:37:46","slug":"storytelling-e-inteligencia-artificial-como-reinventar-o-marketing-digital-com-verdade-emocao-e-proposito","status":"publish","type":"product","link":"https:\/\/www.ecommerceupdate.com.br\/fi\/produto\/storytelling-e-inteligencia-artificial-como-reinventar-o-marketing-digital-com-verdade-emocao-e-proposito\/","title":{"rendered":"Tarinankerronta ja teko\u00e4ly: Kuinka keksi\u00e4 digitaalinen markkinointi uudelleen totuudella, tunteilla ja tarkoituksella"},"content":{"rendered":"<div class=\"woocommerce-product-details\">\n<h3>Tuotteen yksityiskohdat<\/h3>\n<ul>\n<li>Julkaisija: DVS EDITORA<\/li>\n<li>Julkaisup\u00e4iv\u00e4: 10.12.2025<\/li>\n<li>Painos: 1a<\/li>\n<li>Kieli: Portugali<\/li>\n<li>Sivum\u00e4\u00e4r\u00e4: 456 sivua<\/li>\n<li>ISBN-10:6556951641<\/li>\n<li>ISBN-13:978-6556951645<\/li>\n<li>Tuotteen paino: 580g<\/li>\n<li>Mitat: 16 x 2,1 x 23 cm<\/li>\n<li>Myyjien sijoitukset: nro 98 891 kirjoissa (Tapaa 100 parasta kirjojen kategoriassa) nro 88 verkkomarkkinoinnissa nro 209 kirjoitusviitekirjoissa nro 336 taidoissa<\/li>\n<li>88 Sis\u00e4\u00e4n Web Markkinointi<\/li>\n<li>209 Kirjoittamista koskevissa hakukirjoissa<\/li>\n<li>336 Osaamisissa<\/li>\n<li>Asiakkaiden arviot: 5,0 5,0\/5 t\u00e4hte\u00e4 (1)<\/li>\n<\/ul><\/div>","protected":false},"excerpt":{"rendered":"<p>Kuinka pysy\u00e4 ihmisen\u00e4, kun markkinoinnista tuli algoritmi? James McSill k\u00e4vi l\u00e4pi vuosikymmeni\u00e4 opettaen ihmisi\u00e4 kertomaan tarinoita. Mutta viime vuosina h\u00e4n kohtasi uudenlaisen haasteen: kuinka s\u00e4ilytt\u00e4\u00e4 totuus, tunteet ja aikomus aikakaudella, jolloin teko\u00e4ly kirjoittaa nopeammin, testaa nopeammin ja korjaa l\u00e4hes kliinisell\u00e4 tarkkuudella?T\u00e4m\u00e4 kirja syntyy maasta, mentorointisessioista, rohkeudesta kolmella mantereella, kursseista, jotka ohjasivat ammattilaisille, jotka ihmeen ja uupumuksen v\u00e4lill\u00e4 pyyt\u00e4v\u00e4t vastauksia, jotka eiv\u00e4t sovi opetusohjelmiin.Storytelling and Artificial Intelligence ei ole tekninen uudelleenkirjoitus ty\u00f6st\u00e4 akateemiseen ty\u00f6h\u00f6n ja k\u00e4yt\u00e4nn\u00f6n teos, joka on suunnattu kerrontaan ja itsetekoon, se on opas itsek\u00e4\u00e4nn\u00f6. <\/p>","protected":false},"featured_media":0,"comment_status":"open","ping_status":"closed","template":"","meta":[],"product_cat":[1653,1796,1595],"product_tag":[],"class_list":{"0":"post-93570","1":"product","2":"type-product","3":"status-publish","5":"product_brand-por-james-mcsill-autor","6":"product_cat-educacao-referencia-e-didaticos","7":"product_cat-guias-de-escrita-pesquisa-e-publicacao","8":"product_cat-livros","10":"first","11":"instock","12":"sale","13":"shipping-taxable","14":"purchasable","15":"product-type-simple"},"aioseo_notices":[],"_links":{"self":[{"href":"https:\/\/www.ecommerceupdate.com.br\/fi\/wp-json\/wp\/v2\/product\/93570","targetHints":{"allow":["GET"]}}],"collection":[{"href":"https:\/\/www.ecommerceupdate.com.br\/fi\/wp-json\/wp\/v2\/product"}],"about":[{"href":"https:\/\/www.ecommerceupdate.com.br\/fi\/wp-json\/wp\/v2\/types\/product"}],"replies":[{"embeddable":true,"href":"https:\/\/www.ecommerceupdate.com.br\/fi\/wp-json\/wp\/v2\/comments?post=93570"}],"wp:attachment":[{"href":"https:\/\/www.ecommerceupdate.com.br\/fi\/wp-json\/wp\/v2\/media?parent=93570"}],"wp:term":[{"taxonomy":"product_cat","embeddable":true,"href":"https:\/\/www.ecommerceupdate.com.br\/fi\/wp-json\/wp\/v2\/product_cat?post=93570"},{"taxonomy":"product_tag","embeddable":true,"href":"https:\/\/www.ecommerceupdate.com.br\/fi\/wp-json\/wp\/v2\/product_tag?post=93570"}],"curies":[{"name":"wp","href":"https:\/\/api.w.org\/{rel}","templated":true}]}}