{"id":93674,"date":"2026-03-05T14:07:10","date_gmt":"2026-03-05T17:07:10","guid":{"rendered":"https:\/\/www.ecommerceupdate.com.br\/produto\/como-vender-no-mercado-livre\/"},"modified":"2026-03-13T15:44:06","modified_gmt":"2026-03-13T18:44:06","slug":"como-vender-no-mercado-livre","status":"publish","type":"product","link":"https:\/\/www.ecommerceupdate.com.br\/fi\/produto\/como-vender-no-mercado-livre\/","title":{"rendered":"MITEN MYYD\u00c4 VAPAILLA MARKKINOILLA?"},"content":{"rendered":"<div class=\"woocommerce-product-details\">\n<h3>Tuotteen yksityiskohdat<\/h3>\n<ul>\n<li>ASIN: B0CW1MKNV2<\/li>\n<li>Saavutettavuus: Lis\u00e4tietoja<\/li>\n<li>Julkaisup\u00e4iv\u00e4: 25.4.2024<\/li>\n<li>Kieli: Portugali<\/li>\n<li>Tiedoston koko: 12,8 MB<\/li>\n<li>N\u00e4yt\u00f6nlukija: Yhteensopiva<\/li>\n<li>Kirjasinkokoonpano: K\u00e4yt\u00f6ss\u00e4<\/li>\n<li>Sanastovinkit: Ei k\u00e4yt\u00f6ss\u00e4<\/li>\n<li>Sivum\u00e4\u00e4r\u00e4: 231 sivua<\/li>\n<li>Sivun l\u00e4pp\u00e4: K\u00e4yt\u00f6ss\u00e4<\/li>\n<li>Myyjien ranking: nro 348 564 Kindle Storessa (Tapaa 100 parasta Kindle Store -kategoriassa) nro 343 210 Kindle eBooksissa<\/li>\n<li>343 210 Kindle eBooks<\/li>\n<\/ul><\/div>","protected":false},"excerpt":{"rendered":"<p>T\u00e4ydellinen e-kirja, jossa on kaikki vinkit siit\u00e4, kuinka aloittaa ensimm\u00e4inen myyntisi Free Marketilla, Latinalaisen Amerikan suurimmalla markkinapaikalla. Kirjamme sis\u00e4lt\u00e4\u00e4: Free Market Free History, konseptit ja liiketoimintasuunnitelman Free Marketista Kuinka aloittaa myyntini Free MarketDigital Marketing -markkinoilla Kuinka hallita tili\u00e4ni vapailla markkinoillaKuinka mainostaa vapailla markkinoilla Parhaiden toimittajien maksuttomien markkinoiden ja markkinajohtajien ohjelmointi Alusta Free Market Free Market Free Market -palvelun kanssa Viestint\u00e4kanavat Free Market Classified Free MarketProgram Free MarketProducts Marketplace Free MarketBrands MarketBusiness MarketBusiness<\/p>","protected":false},"featured_media":93674,"comment_status":"open","ping_status":"closed","template":"","meta":[],"product_cat":[1608,1607],"product_tag":[],"class_list":{"0":"post-93674","1":"product","2":"type-product","3":"status-publish","4":"has-post-thumbnail","6":"product_brand-por-andr-santos-autor-formato-ebook-kindle","7":"product_cat-ebooks-kindle","8":"product_cat-loja-kindle","10":"first","11":"instock","12":"shipping-taxable","13":"purchasable","14":"product-type-simple"},"aioseo_notices":[],"_links":{"self":[{"href":"https:\/\/www.ecommerceupdate.com.br\/fi\/wp-json\/wp\/v2\/product\/93674","targetHints":{"allow":["GET"]}}],"collection":[{"href":"https:\/\/www.ecommerceupdate.com.br\/fi\/wp-json\/wp\/v2\/product"}],"about":[{"href":"https:\/\/www.ecommerceupdate.com.br\/fi\/wp-json\/wp\/v2\/types\/product"}],"replies":[{"embeddable":true,"href":"https:\/\/www.ecommerceupdate.com.br\/fi\/wp-json\/wp\/v2\/comments?post=93674"}],"wp:featuredmedia":[{"embeddable":true,"href":"https:\/\/www.ecommerceupdate.com.br\/fi\/wp-json\/wp\/v2\/product\/93674"}],"wp:attachment":[{"href":"https:\/\/www.ecommerceupdate.com.br\/fi\/wp-json\/wp\/v2\/media?parent=93674"}],"wp:term":[{"taxonomy":"product_cat","embeddable":true,"href":"https:\/\/www.ecommerceupdate.com.br\/fi\/wp-json\/wp\/v2\/product_cat?post=93674"},{"taxonomy":"product_tag","embeddable":true,"href":"https:\/\/www.ecommerceupdate.com.br\/fi\/wp-json\/wp\/v2\/product_tag?post=93674"}],"curies":[{"name":"wp","href":"https:\/\/api.w.org\/{rel}","templated":true}]}}