{"id":93880,"date":"2026-03-06T03:30:35","date_gmt":"2026-03-06T06:30:35","guid":{"rendered":"https:\/\/www.ecommerceupdate.com.br\/produto\/guia-completo-como-comecar-a-vender-na-amazon\/"},"modified":"2026-03-13T15:48:32","modified_gmt":"2026-03-13T18:48:32","slug":"guia-completo-como-comecar-a-vender-na-amazon","status":"publish","type":"product","link":"https:\/\/www.ecommerceupdate.com.br\/fi\/produto\/guia-completo-como-comecar-a-vender-na-amazon\/","title":{"rendered":"T\u00e4ydellinen opas kuinka aloittaa myynti Amazonissa"},"content":{"rendered":"<div class=\"woocommerce-product-details\">\n<h3>Tuotteen yksityiskohdat<\/h3>\n<ul>\n<li>ASIN: B0DZZC7M54<\/li>\n<li>Saavutettavuus: Lis\u00e4tietoja<\/li>\n<li>Julkaisup\u00e4iv\u00e4: 10.3.2025<\/li>\n<li>Painos: 1a<\/li>\n<li>Kieli: Portugali<\/li>\n<li>Tiedoston koko: 825 KB<\/li>\n<li>Kirjasinkokoonpano: Ei k\u00e4yt\u00f6ss\u00e4<\/li>\n<li>Sanastovinkit: Ei k\u00e4yt\u00f6ss\u00e4<\/li>\n<li>Muoto: Tulosta Replica<\/li>\n<li>Sivun Flip: Ei k\u00e4yt\u00f6ss\u00e4<\/li>\n<li>Lukuik\u00e4: 17 18 vuotta<\/li>\n<li>Myyjien sijoitukset: nro 424 161 Kindle Storessa (Tapaa 100 parasta Kindle Store -kategoriassa) nro 15 624 Business &amp; Economy -sarjassa<\/li>\n<li>15 624 Liike-el\u00e4m\u00e4ss\u00e4<\/li>\n<li>Asiakkaiden arviot: 5,0 5,0\/5 t\u00e4hte\u00e4 (1)<\/li>\n<\/ul><\/div>","protected":false},"excerpt":{"rendered":"<p>Myynti Amazon on yksi kannattavimmista tavoista perustaa online-liiketoiminta, jonka avulla kuka tahansa voi perustaa yrityksen, jolla on alhainen investointi ja suuri kasvupotentiaali. Markkinapaikka tarjoaa vankan rakenteen, maailmanlaajuisen ulottuvuuden ja miljoonia p\u00e4ivitt\u00e4isi\u00e4 aktiivisia asiakkaita.<\/p>\n<p>T\u00e4m\u00e4n e-kirjan avulla kuka tahansa voi muuttaa Amazonin skaalautuvaksi ja kest\u00e4v\u00e4ksi tulonl\u00e4hteeksi hallitsemalla markkinoita ja saavuttamalla taloudellisen vapauden<\/p>","protected":false},"featured_media":93880,"comment_status":"open","ping_status":"closed","template":"","meta":[],"product_cat":[1611,1608,1607],"product_tag":[],"class_list":{"0":"post-93880","1":"product","2":"type-product","3":"status-publish","4":"has-post-thumbnail","6":"product_brand-por-allan-paixo-autor-formato-ebook-kindle","7":"product_cat-administracao-negocios-e-economia","8":"product_cat-ebooks-kindle","9":"product_cat-loja-kindle","11":"first","12":"instock","13":"shipping-taxable","14":"purchasable","15":"product-type-simple"},"aioseo_notices":[],"_links":{"self":[{"href":"https:\/\/www.ecommerceupdate.com.br\/fi\/wp-json\/wp\/v2\/product\/93880","targetHints":{"allow":["GET"]}}],"collection":[{"href":"https:\/\/www.ecommerceupdate.com.br\/fi\/wp-json\/wp\/v2\/product"}],"about":[{"href":"https:\/\/www.ecommerceupdate.com.br\/fi\/wp-json\/wp\/v2\/types\/product"}],"replies":[{"embeddable":true,"href":"https:\/\/www.ecommerceupdate.com.br\/fi\/wp-json\/wp\/v2\/comments?post=93880"}],"wp:featuredmedia":[{"embeddable":true,"href":"https:\/\/www.ecommerceupdate.com.br\/fi\/wp-json\/wp\/v2\/product\/93880"}],"wp:attachment":[{"href":"https:\/\/www.ecommerceupdate.com.br\/fi\/wp-json\/wp\/v2\/media?parent=93880"}],"wp:term":[{"taxonomy":"product_cat","embeddable":true,"href":"https:\/\/www.ecommerceupdate.com.br\/fi\/wp-json\/wp\/v2\/product_cat?post=93880"},{"taxonomy":"product_tag","embeddable":true,"href":"https:\/\/www.ecommerceupdate.com.br\/fi\/wp-json\/wp\/v2\/product_tag?post=93880"}],"curies":[{"name":"wp","href":"https:\/\/api.w.org\/{rel}","templated":true}]}}