{"id":93884,"date":"2026-03-06T03:32:27","date_gmt":"2026-03-06T06:32:27","guid":{"rendered":"https:\/\/www.ecommerceupdate.com.br\/produto\/amazon-para-ti-guia-pratico-de-como-comecar-a-vender-na-amazon\/"},"modified":"2026-05-13T10:39:29","modified_gmt":"2026-05-13T13:39:29","slug":"amazon-para-ti-guia-pratico-de-como-comecar-a-vender-na-amazon","status":"publish","type":"product","link":"https:\/\/www.ecommerceupdate.com.br\/fi\/produto\/amazon-para-ti-guia-pratico-de-como-comecar-a-vender-na-amazon\/","title":{"rendered":"Amazon For You: K\u00e4yt\u00e4nn\u00f6n opas siit\u00e4, kuinka aloittaa myynti Amazonissa"},"content":{"rendered":"<div class=\"woocommerce-product-details\">\n<h3>Tuotteen yksityiskohdat<\/h3>\n<ul>\n<li>ASIN: B0GPP3PN2W<\/li>\n<li>Kustantaja: Francisco Joao Barros Matos<\/li>\n<li>Saavutettavuus: Lis\u00e4tietoja<\/li>\n<li>Julkaisup\u00e4iv\u00e4: 23.2.2026<\/li>\n<li>Painos: 1a<\/li>\n<li>Kieli: Portugali<\/li>\n<li>Tiedoston koko: 1,2 MB<\/li>\n<li>Kirjasinkokoonpano: Ei k\u00e4yt\u00f6ss\u00e4<\/li>\n<li>Sanastovinkit: Ei k\u00e4yt\u00f6ss\u00e4<\/li>\n<li>Sivum\u00e4\u00e4r\u00e4: 24 sivua<\/li>\n<li>Muoto: Tulosta Replica<\/li>\n<li>Sivun Flip: Ei k\u00e4yt\u00f6ss\u00e4<\/li>\n<li>Osa sarjaa: Myynti Amazonissa<\/li>\n<\/ul><\/div>","protected":false},"excerpt":{"rendered":"<p>Oletko ajatellut laittaa tuotteesi maailman suurimpaan myym\u00e4l\u00e4\u00e4n, mutta et tied\u00e4 mist\u00e4 aloittaa? Amazonin sanoma on yksi kannattavimmista liiketoimintamahdollisuuksista t\u00e4n\u00e4\u00e4n, mutta alustan alkubyrokratia ja monimutkaisuus karkottavat monia yritt\u00e4ji\u00e4 T\u00e4m\u00e4 opas on luotu poistamaan melu ja antamaan sinulle selke\u00e4, suora ja kohdennettu kartta Euroopan markkinoiden todellisuudesta T\u00e4ss\u00e4 kirjassa saat selville, miten navigoida Amazonin ekosysteemi luottavaisesti v\u00e4ltt\u00e4en yhteisi\u00e4 virheit\u00e4, jotka johtavat tilien keskeytt\u00e4miseen ja p\u00e4\u00e4oman menett\u00e4miseen.Mit\u00e4 l\u00f6yd\u00e4t t\u00e4st\u00e4 oppaasta:<\/p>\n<p><span class=\"a-text-bold\">Oikeudellinen ja veropohja:<\/span><span> Mit\u00e4 sinun on varmistettava ennen kuin avaat tilisi toimiaksesi t\u00e4ysin vaatimusten mukaisesti.<\/span><\/p>\n<p>Oikeudelliset ja veron perusteet: Mit\u00e4 sinun on varmistettava ennen kuin avaat tilisi toimiaksesi t\u00e4ysin noudattaen.<\/p>\n<p><span class=\"a-text-bold\">Strateginen logistiikka:<\/span><span> Johtamismallien kriittinen ero ja se, miten valita se, joka sopii parhaiten budjettiisi ja el\u00e4m\u00e4ntapaasi.<\/span><\/p>\n<p>Strateginen logistiikka: Johtamismallien kriittinen ero ja se, miten valita se, joka sopii parhaiten budjettiisi ja el\u00e4m\u00e4ntapaasi.<\/p>\n<p><span class=\"a-text-bold\">Liiketoimintamallit:<\/span><span> Syv\u00e4llinen analyysi eri tavoista myyd\u00e4 \u00a1n kaikki tunnettujen merkkien j\u00e4lleenmyynnist\u00e4 oman eksklusiivisen br\u00e4ndin luomiseen.<\/span><\/p>\n<p>Liiketoimintamallit: Syv\u00e4llinen analyysi eri tavoista myyd\u00e4 \u00a1 \u0304 tunnettujen merkkien uudelleenmyynnist\u00e4 oman eksklusiivisen br\u00e4ndin luomiseen.<\/p>\n<p><span class=\"a-text-bold\">Algoritmin voima:<\/span><span> Ymm\u00e4rt\u00e4\u00e4, mik\u00e4 saa tuotteen myym\u00e4\u00e4n ja kuinka ansaita Amazonin ja asiakkaiden luottamus.<\/span><\/p>\n<p>The Power of Algorithm: Ymm\u00e4rt\u00e4\u00e4, mik\u00e4 saa tuotteen myym\u00e4\u00e4n ja kuinka ansaita Amazonin ja asiakkaiden luottamus.<\/p>\n<p><span class=\"a-text-bold\">Skaalautuvuus:<\/span><span> Kuinka muuttaa paikallinen toiminta kansainv\u00e4liseksi liiketoiminnaksi, tavoittaa asiakkaat ymp\u00e4ri Eurooppaa.<\/span><\/p>\n<p>Skaalautuvuus: Kuinka muuttaa paikallinen toiminta kansainv\u00e4liseksi liiketoiminnaksi, tavoittaa asiakkaat ymp\u00e4ri Eurooppaa.Kenelle t\u00e4m\u00e4 kirja on?T\u00e4m\u00e4 k\u00e4sikirja on ihanteellinen molemmille aloittelijoille alkaen absoluuttisesta nollasta, kuten v\u00e4hitt\u00e4iskauppiaille, joilla on jo varastoja ja jotka haluavat digitoida liiketoimintansa planeetan kehittyneimpien logistiikkainfrastruktuurien kautta Amazonin menestys ei riipu onnesta, vaan menetelm\u00e4st\u00e4.On tullut aika lopettaa pelkk\u00e4 kuluttaja ja tulla menestyv\u00e4ksi liikekumppaniksi.Esimyynnin Prepara.<\/p>","protected":false},"featured_media":93884,"comment_status":"open","ping_status":"closed","template":"","meta":[],"product_cat":[1608,1607],"product_tag":[],"class_list":{"0":"post-93884","1":"product","2":"type-product","3":"status-publish","4":"has-post-thumbnail","5":"product_brand-por-francisco-matos-autor-formato-ebook-kindle","6":"product_cat-ebooks-kindle","7":"product_cat-loja-kindle","9":"first","10":"instock","11":"shipping-taxable","12":"purchasable","13":"product-type-simple"},"aioseo_notices":[],"_links":{"self":[{"href":"https:\/\/www.ecommerceupdate.com.br\/fi\/wp-json\/wp\/v2\/product\/93884","targetHints":{"allow":["GET"]}}],"collection":[{"href":"https:\/\/www.ecommerceupdate.com.br\/fi\/wp-json\/wp\/v2\/product"}],"about":[{"href":"https:\/\/www.ecommerceupdate.com.br\/fi\/wp-json\/wp\/v2\/types\/product"}],"replies":[{"embeddable":true,"href":"https:\/\/www.ecommerceupdate.com.br\/fi\/wp-json\/wp\/v2\/comments?post=93884"}],"wp:featuredmedia":[{"embeddable":true,"href":"https:\/\/www.ecommerceupdate.com.br\/fi\/wp-json\/wp\/v2\/product\/93884"}],"wp:attachment":[{"href":"https:\/\/www.ecommerceupdate.com.br\/fi\/wp-json\/wp\/v2\/media?parent=93884"}],"wp:term":[{"taxonomy":"product_cat","embeddable":true,"href":"https:\/\/www.ecommerceupdate.com.br\/fi\/wp-json\/wp\/v2\/product_cat?post=93884"},{"taxonomy":"product_tag","embeddable":true,"href":"https:\/\/www.ecommerceupdate.com.br\/fi\/wp-json\/wp\/v2\/product_tag?post=93884"}],"curies":[{"name":"wp","href":"https:\/\/api.w.org\/{rel}","templated":true}]}}