{"id":93885,"date":"2026-03-06T03:32:32","date_gmt":"2026-03-06T06:32:32","guid":{"rendered":"https:\/\/www.ecommerceupdate.com.br\/produto\/mestre-do-amazon-aprenda-como-vender-no-marketplace-mais-bem-avaliado-pelos-consumidores-no-brasil\/"},"modified":"2026-03-13T15:49:20","modified_gmt":"2026-03-13T18:49:20","slug":"mestre-do-amazon-aprenda-como-vender-no-marketplace-mais-bem-avaliado-pelos-consumidores-no-brasil","status":"publish","type":"product","link":"https:\/\/www.ecommerceupdate.com.br\/fi\/produto\/mestre-do-amazon-aprenda-como-vender-no-marketplace-mais-bem-avaliado-pelos-consumidores-no-brasil\/","title":{"rendered":"Amazon Master: Opi myym\u00e4\u00e4n markkinoilla, jotka kuluttajat ovat parhaiten arvioineet Brasiliassa."},"content":{"rendered":"<div class=\"woocommerce-product-details\">\n<h3>Tuotteen yksityiskohdat<\/h3>\n<ul>\n<li>ASIN: B0GC93TDZY<\/li>\n<li>Saavutettavuus: Lis\u00e4tietoja<\/li>\n<li>Julkaisup\u00e4iv\u00e4: 24.12.2025<\/li>\n<li>Painos: 1a<\/li>\n<li>Kieli: Portugali<\/li>\n<li>Tiedoston koko: 284 KB<\/li>\n<li>N\u00e4yt\u00f6nlukija: Yhteensopiva<\/li>\n<li>Kirjasinkokoonpano: K\u00e4yt\u00f6ss\u00e4<\/li>\n<li>Sanastovinkit: Ei k\u00e4yt\u00f6ss\u00e4<\/li>\n<li>Sivum\u00e4\u00e4r\u00e4: 132 sivua<\/li>\n<li>Sivun l\u00e4pp\u00e4: K\u00e4yt\u00f6ss\u00e4<\/li>\n<\/ul><\/div>","protected":false},"excerpt":{"rendered":"<p>T\u00e4m\u00e4 kirja luotiin niille, jotka haluavat muuttaa Amazonin p\u00e4\u00e4tulonl\u00e4hteeksi, ja se hallitsee jokaisen myyntiprosessin vaiheen Brasilian luotettavimmalla ja arvostetuimmalla markkinapaikalla.<\/p>\n<p>18 strategisen luvun aikana opit olennaisilta perusteilta p\u00e4\u00e4st\u00e4ksesi alkuun maan huippumyyjien k\u00e4ytt\u00e4miin edistyneisiin tekniikoihin.<\/p>\n<p>Yksinkertaisella kielell\u00e4, k\u00e4yt\u00e4nn\u00f6nl\u00e4heisell\u00e4 l\u00e4hestymistavalla ja vaiheittaisella ohjauksella t\u00e4m\u00e4 opas paljastaa, kuinka valita tuotteet, jotka todella myyv\u00e4t, luovat vastustamattomia listauksia, k\u00e4ytt\u00e4v\u00e4t Amazonin logistiikkaa hy\u00f6dyksesi, mainostavat tarkasti ja skaalaavat tuloksiasi kest\u00e4v\u00e4sti.<\/p>\n<p>Lis\u00e4ksi v\u00e4lt\u00e4t kalliita virheit\u00e4, opit analysoimaan mittareita ja suorituskykyindikaattoreita tulosten skaalaamiseksi.<\/p>\n<p>Jos haluat erottua kilpailumarkkinoilla, myyd\u00e4 joka p\u00e4iv\u00e4 ja rakentaa ammattimaisen yrityksen Amazonissa, t\u00e4m\u00e4 kokoelma on lopullinen karttasi. P\u00e4\u00e4t\u00f6s on sinun ja aloittamisen aika on nyt.<\/p>","protected":false},"featured_media":93885,"comment_status":"open","ping_status":"closed","template":"","meta":[],"product_cat":[1611,1608,1607],"product_tag":[],"class_list":{"0":"post-93885","1":"product","2":"type-product","3":"status-publish","4":"has-post-thumbnail","6":"product_brand-por-elton-neto-autor-formato-ebook-kindle","7":"product_cat-administracao-negocios-e-economia","8":"product_cat-ebooks-kindle","9":"product_cat-loja-kindle","11":"first","12":"instock","13":"shipping-taxable","14":"purchasable","15":"product-type-simple"},"aioseo_notices":[],"_links":{"self":[{"href":"https:\/\/www.ecommerceupdate.com.br\/fi\/wp-json\/wp\/v2\/product\/93885","targetHints":{"allow":["GET"]}}],"collection":[{"href":"https:\/\/www.ecommerceupdate.com.br\/fi\/wp-json\/wp\/v2\/product"}],"about":[{"href":"https:\/\/www.ecommerceupdate.com.br\/fi\/wp-json\/wp\/v2\/types\/product"}],"replies":[{"embeddable":true,"href":"https:\/\/www.ecommerceupdate.com.br\/fi\/wp-json\/wp\/v2\/comments?post=93885"}],"wp:featuredmedia":[{"embeddable":true,"href":"https:\/\/www.ecommerceupdate.com.br\/fi\/wp-json\/wp\/v2\/product\/93885"}],"wp:attachment":[{"href":"https:\/\/www.ecommerceupdate.com.br\/fi\/wp-json\/wp\/v2\/media?parent=93885"}],"wp:term":[{"taxonomy":"product_cat","embeddable":true,"href":"https:\/\/www.ecommerceupdate.com.br\/fi\/wp-json\/wp\/v2\/product_cat?post=93885"},{"taxonomy":"product_tag","embeddable":true,"href":"https:\/\/www.ecommerceupdate.com.br\/fi\/wp-json\/wp\/v2\/product_tag?post=93885"}],"curies":[{"name":"wp","href":"https:\/\/api.w.org\/{rel}","templated":true}]}}