{"id":94177,"date":"2026-03-09T04:16:56","date_gmt":"2026-03-09T07:16:56","guid":{"rendered":"https:\/\/www.ecommerceupdate.com.br\/produto\/um-pouco-de-marketing-para-vender-na-shopee\/"},"modified":"2026-03-13T15:53:19","modified_gmt":"2026-03-13T18:53:19","slug":"um-pouco-de-marketing-para-vender-na-shopee","status":"publish","type":"product","link":"https:\/\/www.ecommerceupdate.com.br\/fi\/produto\/um-pouco-de-marketing-para-vender-na-shopee\/","title":{"rendered":"Pieni markkinointi Myyt\u00e4v\u00e4n\u00e4 Shopeessa"},"content":{"rendered":"<div class=\"woocommerce-product-details\">\n<h3>Tuotteen yksityiskohdat<\/h3>\n<ul>\n<li>ASIN: B0GCVFNYL5<\/li>\n<li>Kustantaja: Moon<\/li>\n<li>Saavutettavuus: Lis\u00e4tietoja<\/li>\n<li>Julkaisup\u00e4iv\u00e4: 27.12.2025<\/li>\n<li>Painos: 1a<\/li>\n<li>Kieli: Portugali<\/li>\n<li>Tiedoston koko: 475 KB<\/li>\n<li>N\u00e4yt\u00f6nlukija: Yhteensopiva<\/li>\n<li>Kirjasinkokoonpano: K\u00e4yt\u00f6ss\u00e4<\/li>\n<li>Sanastovinkit: Ei k\u00e4yt\u00f6ss\u00e4<\/li>\n<li>Sivun l\u00e4pp\u00e4: K\u00e4yt\u00f6ss\u00e4<\/li>\n<li>Lukuik\u00e4: 16 18 vuotta<\/li>\n<li>Myyjien ranking: nro 440 962 Kindle Storessa (Tapaa 100 parasta Kindle Store -kategoriassa) nro 4 412 eBooksissa menestyksell\u00e4 nro 7 570 motivoivalla ja inspiroivalla numerolla 16 193 Business &amp; Economicsissa<\/li>\n<li>4,412 e-kirjoissa menestyksest\u00e4<\/li>\n<li>7 570 Motivoivassa ja inspiroivassa<\/li>\n<li>16 193 Liike-el\u00e4m\u00e4ss\u00e4<\/li>\n<\/ul><\/div>","protected":false},"excerpt":{"rendered":"<p>Me kaikki aloitamme CLT-j\u00e4rjestelm\u00e4st\u00e4, mutta se ei tarkoita, ett\u00e4 meid\u00e4n pit\u00e4isi lopettaa el\u00e4m\u00e4mme n\u00e4in T\u00e4m\u00e4n nykyisen sukupolven teknologioiden kautta el\u00e4m\u00e4ss\u00e4mme ilmestyy joka p\u00e4iv\u00e4 useita mahdollisuuksia.<\/p>\n<p>Yritt\u00e4jyys on ihanteellinen niille, jotka haluavat saavuttaa taloudellisen vapauden, ja yksi alustoista, joka avaa ovet t\u00e4lle olemiselle todellisuus on shoppailija. Jokainen, joka haluaa myyd\u00e4, voi aloittaa t\u00e4ll\u00e4 sivustolla.<\/p>\n<p>Oletko koskaan kuvitellut ansaitsevasi palkkaa verkkomyynnin kautta? Ja miettinyt pitk\u00e4j\u00e4nteist\u00e4, kuviteltua yrityksen avaamista ja menestyv\u00e4ksi yritt\u00e4j\u00e4ksi ryhtymist\u00e4, luottamatta enemm\u00e4n pomoon?<\/p>\n<p>T\u00e4ss\u00e4 kirjassa opetan sinulle, miten myyd\u00e4 Shopee-strategioiden kautta, joita k\u00e4yt\u00e4n alustani yksinkertaisena myyj\u00e4n\u00e4, kunnes minusta tulee menestyv\u00e4 oikeushenkil\u00f6.<\/p>\n<p>T\u00e4ss\u00e4 ty\u00f6h\u00f6n, joka keskittyy opettamiseen parhaassa ja yksinkertaisimmassa mahdollisessa tavassa myyd\u00e4 ja tienata Shopeeta varten, tulevat esille oppimisen vaikeudet ja tulokset, joita jokaisella myyj\u00e4ll\u00e4 mahdollisesti on.<\/p>\n<p>Sinusta on tulossa yritteli\u00e4s myyj\u00e4, joka hy\u00f6tyy enemm\u00e4n kuin luulet.Oletko valmis t\u00e4h\u00e4n seikkailuun?<\/p>","protected":false},"featured_media":94177,"comment_status":"open","ping_status":"closed","template":"","meta":[],"product_cat":[1627,1608,1607],"product_tag":[],"class_list":{"0":"post-94177","1":"product","2":"type-product","3":"status-publish","4":"has-post-thumbnail","6":"product_brand-por-stefen-moonwalker-autor-formato-ebook-kindle","7":"product_cat-autoajuda","8":"product_cat-ebooks-kindle","9":"product_cat-loja-kindle","11":"first","12":"instock","13":"shipping-taxable","14":"purchasable","15":"product-type-simple"},"aioseo_notices":[],"_links":{"self":[{"href":"https:\/\/www.ecommerceupdate.com.br\/fi\/wp-json\/wp\/v2\/product\/94177","targetHints":{"allow":["GET"]}}],"collection":[{"href":"https:\/\/www.ecommerceupdate.com.br\/fi\/wp-json\/wp\/v2\/product"}],"about":[{"href":"https:\/\/www.ecommerceupdate.com.br\/fi\/wp-json\/wp\/v2\/types\/product"}],"replies":[{"embeddable":true,"href":"https:\/\/www.ecommerceupdate.com.br\/fi\/wp-json\/wp\/v2\/comments?post=94177"}],"wp:featuredmedia":[{"embeddable":true,"href":"https:\/\/www.ecommerceupdate.com.br\/fi\/wp-json\/wp\/v2\/product\/94177"}],"wp:attachment":[{"href":"https:\/\/www.ecommerceupdate.com.br\/fi\/wp-json\/wp\/v2\/media?parent=94177"}],"wp:term":[{"taxonomy":"product_cat","embeddable":true,"href":"https:\/\/www.ecommerceupdate.com.br\/fi\/wp-json\/wp\/v2\/product_cat?post=94177"},{"taxonomy":"product_tag","embeddable":true,"href":"https:\/\/www.ecommerceupdate.com.br\/fi\/wp-json\/wp\/v2\/product_tag?post=94177"}],"curies":[{"name":"wp","href":"https:\/\/api.w.org\/{rel}","templated":true}]}}