{"id":94288,"date":"2026-03-11T13:14:44","date_gmt":"2026-03-11T16:14:44","guid":{"rendered":"https:\/\/www.ecommerceupdate.com.br\/produto\/gestao-de-midias-sociais\/"},"modified":"2026-03-13T15:56:08","modified_gmt":"2026-03-13T18:56:08","slug":"gestao-de-midias-sociais","status":"publish","type":"product","link":"https:\/\/www.ecommerceupdate.com.br\/fi\/produto\/gestao-de-midias-sociais\/","title":{"rendered":"Sosiaalisen median hallinta"},"content":{"rendered":"<div class=\"woocommerce-product-details\">\n<h3>Tuotteen yksityiskohdat<\/h3>\n<ul>\n<li>Kustantaja: InterSaberes<\/li>\n<li>Julkaisup\u00e4iv\u00e4: 1.10.2017<\/li>\n<li>Painos: 1a<\/li>\n<li>Kieli: Portugali<\/li>\n<li>Sivum\u00e4\u00e4r\u00e4: 284 sivua<\/li>\n<li>ISBN-10:8559725261<\/li>\n<li>ISBN-13:978-8559725261<\/li>\n<li>Tuotteen paino: 320g<\/li>\n<li>Mitat: 21 x 14,2 x 1,6 cm<\/li>\n<li>Myyjien sijoitukset: nro 90 944 kirjoissa (Tapaa 100 parasta kirjojen kategoriassa) nro 1 847 sosiologian viitekirjoissa<\/li>\n<li>1 847 Sosiologian viitekirjoissa<\/li>\n<li>Asiakkaiden arviot: 3,6 3,6\/5 t\u00e4hte\u00e4 (10)<\/li>\n<\/ul><\/div>","protected":false},"excerpt":{"rendered":"<p>Sen lis\u00e4ksi, ett\u00e4 sosiaalisen median kanssa ty\u00f6skentelev\u00e4n ammattilaisen on pidett\u00e4v\u00e4 \u00e4\u00e4rimm\u00e4isen tarkkaavaisena uusien suuntausten syntymisen suhteen, h\u00e4nen on sopeuduttava nopeasti kohdeyleis\u00f6ns\u00e4 vaatimusten ja kiinnostuksen kohteiden jatkuviin muutoksiin. Jotta voimme auttaa tunnistamaan ja kehitt\u00e4m\u00e4\u00e4n ty\u00f6skentelyn olennaisia ominaisuuksia. sosiaalisen median hallinnan kanssa, t\u00e4ss\u00e4 ty\u00f6ss\u00e4 tutkimme t\u00e4rkeimpi\u00e4 teorioita ja k\u00e4sitteit\u00e4, jotka tukevat t\u00e4m\u00e4n alan tutkimuksia ja osoittavat konkreettisella ja soveltavalla tavalla kaiken, mit\u00e4 sinun on tiedett\u00e4v\u00e4 kehitt\u00e4\u00e4ksesi sosiaalisen median hallintasuunnitelman.<\/p>","protected":false},"featured_media":94288,"comment_status":"open","ping_status":"closed","template":"","meta":[],"product_cat":[1638,1595,1637],"product_tag":[],"class_list":{"0":"post-94288","1":"product","2":"type-product","3":"status-publish","4":"has-post-thumbnail","6":"product_brand-edicao-portugus-por-camila-gino-almeida-costa-autor","7":"product_cat-ciencias-sociais","8":"product_cat-livros","9":"product_cat-politica-filosofia-e-ciencias-sociais","11":"first","12":"instock","13":"sale","14":"shipping-taxable","15":"purchasable","16":"product-type-simple"},"aioseo_notices":[],"_links":{"self":[{"href":"https:\/\/www.ecommerceupdate.com.br\/fi\/wp-json\/wp\/v2\/product\/94288","targetHints":{"allow":["GET"]}}],"collection":[{"href":"https:\/\/www.ecommerceupdate.com.br\/fi\/wp-json\/wp\/v2\/product"}],"about":[{"href":"https:\/\/www.ecommerceupdate.com.br\/fi\/wp-json\/wp\/v2\/types\/product"}],"replies":[{"embeddable":true,"href":"https:\/\/www.ecommerceupdate.com.br\/fi\/wp-json\/wp\/v2\/comments?post=94288"}],"wp:featuredmedia":[{"embeddable":true,"href":"https:\/\/www.ecommerceupdate.com.br\/fi\/wp-json\/wp\/v2\/product\/94288"}],"wp:attachment":[{"href":"https:\/\/www.ecommerceupdate.com.br\/fi\/wp-json\/wp\/v2\/media?parent=94288"}],"wp:term":[{"taxonomy":"product_cat","embeddable":true,"href":"https:\/\/www.ecommerceupdate.com.br\/fi\/wp-json\/wp\/v2\/product_cat?post=94288"},{"taxonomy":"product_tag","embeddable":true,"href":"https:\/\/www.ecommerceupdate.com.br\/fi\/wp-json\/wp\/v2\/product_tag?post=94288"}],"curies":[{"name":"wp","href":"https:\/\/api.w.org\/{rel}","templated":true}]}}