{"id":94354,"date":"2026-03-12T13:40:08","date_gmt":"2026-03-12T16:40:08","guid":{"rendered":"https:\/\/www.ecommerceupdate.com.br\/produto\/e-commerce-conceitos-implementacao-e-gestao\/"},"modified":"2026-03-13T15:57:10","modified_gmt":"2026-03-13T18:57:10","slug":"e-commerce-conceitos-implementacao-e-gestao","status":"publish","type":"product","link":"https:\/\/www.ecommerceupdate.com.br\/fi\/produto\/e-commerce-conceitos-implementacao-e-gestao\/","title":{"rendered":"S\u00e4hk\u00f6inen kaupank\u00e4ynti: konseptit, toteutus ja hallinta"},"content":{"rendered":"<div class=\"woocommerce-product-details\">\n<h3>Tuotteen yksityiskohdat<\/h3>\n<ul>\n<li>Kustantaja: InterSaberes<\/li>\n<li>Julkaisup\u00e4iv\u00e4: 1.8.2016<\/li>\n<li>Painos: 1a<\/li>\n<li>Kieli: Portugali<\/li>\n<li>Sivum\u00e4\u00e4r\u00e4: 310 sivua<\/li>\n<li>ISBN-10:8559722084<\/li>\n<li>ISBN-13:978-8559722086<\/li>\n<li>Tuotteen paino: 350g<\/li>\n<li>Lukuik\u00e4: 12 vuotta ja enemm\u00e4n<\/li>\n<li>Mitat: 20,8 x 14,2 x 1,6 cm<\/li>\n<li>Myyjien sijoitukset: nro 157 849 kirjoissa (Tapaa 100 parasta kirjojen kategoriassa) nro 3 428 johtamisessa ja johtamisessa<\/li>\n<li>3 428 johtamisessa ja johtamisessa<\/li>\n<li>Asiakkaiden arviot: 4,7 4,7\/5 t\u00e4hte\u00e4 (34)<\/li>\n<\/ul><\/div>","protected":false},"excerpt":{"rendered":"<p>Tieto - ja viestint\u00e4tekniikan nopeutetun etenemisen my\u00f6t\u00e4 s\u00e4hk\u00f6isen kaupank\u00e4ynnin universumin muodostavien k\u00e4sitteiden, strategioiden ja v\u00e4lineiden hallitsemisesta on tullut perustavaa kaikille niille, jotka haluavat saavuttaa menestyst\u00e4 liiketoimintaymp\u00e4rist\u00f6ss\u00e4.Tule pohtimaan kanssamme niit\u00e4 etuja ja haasteita, joita yleens\u00e4 l\u00f6ytyy s\u00e4hk\u00f6isest\u00e4 kaupank\u00e4ynnist\u00e4 ja tunnet paremmin t\u00e4h\u00e4n toimintaan osallistuvien teknologioiden toiminnan.T\u00e4n lukemisen p\u00e4\u00e4tteeksi pystyt havaitsemaan n\u00e4k\u00f6kohdat, jotka erottavat digitaaliset markkinat perinteisest\u00e4 ja voit soveltaa t\u00e4t\u00e4 tietoa p\u00e4ivitt\u00e4isen ty\u00f6si k\u00e4yt\u00e4nn\u00f6ss\u00e4.<\/p>","protected":false},"featured_media":94354,"comment_status":"open","ping_status":"closed","template":"","meta":[],"product_cat":[1611,1621,1595],"product_tag":[],"class_list":{"0":"post-94354","1":"product","2":"type-product","3":"status-publish","4":"has-post-thumbnail","6":"product_brand-edicao-portugus-por-nara-stefano-autor-izabel-cristina-zattar-autor","7":"product_cat-administracao-negocios-e-economia","8":"product_cat-gestao-e-lideranca","9":"product_cat-livros","11":"first","12":"instock","13":"sale","14":"shipping-taxable","15":"purchasable","16":"product-type-simple"},"aioseo_notices":[],"_links":{"self":[{"href":"https:\/\/www.ecommerceupdate.com.br\/fi\/wp-json\/wp\/v2\/product\/94354","targetHints":{"allow":["GET"]}}],"collection":[{"href":"https:\/\/www.ecommerceupdate.com.br\/fi\/wp-json\/wp\/v2\/product"}],"about":[{"href":"https:\/\/www.ecommerceupdate.com.br\/fi\/wp-json\/wp\/v2\/types\/product"}],"replies":[{"embeddable":true,"href":"https:\/\/www.ecommerceupdate.com.br\/fi\/wp-json\/wp\/v2\/comments?post=94354"}],"wp:featuredmedia":[{"embeddable":true,"href":"https:\/\/www.ecommerceupdate.com.br\/fi\/wp-json\/wp\/v2\/product\/94354"}],"wp:attachment":[{"href":"https:\/\/www.ecommerceupdate.com.br\/fi\/wp-json\/wp\/v2\/media?parent=94354"}],"wp:term":[{"taxonomy":"product_cat","embeddable":true,"href":"https:\/\/www.ecommerceupdate.com.br\/fi\/wp-json\/wp\/v2\/product_cat?post=94354"},{"taxonomy":"product_tag","embeddable":true,"href":"https:\/\/www.ecommerceupdate.com.br\/fi\/wp-json\/wp\/v2\/product_tag?post=94354"}],"curies":[{"name":"wp","href":"https:\/\/api.w.org\/{rel}","templated":true}]}}