{"id":94359,"date":"2026-03-12T13:41:33","date_gmt":"2026-03-12T16:41:33","guid":{"rendered":"https:\/\/www.ecommerceupdate.com.br\/produto\/gestao-e-operacao-de-e-commerce-da-estrategia-a-pratica\/"},"modified":"2026-03-13T15:57:38","modified_gmt":"2026-03-13T18:57:38","slug":"gestao-e-operacao-de-e-commerce-da-estrategia-a-pratica","status":"publish","type":"product","link":"https:\/\/www.ecommerceupdate.com.br\/fi\/produto\/gestao-e-operacao-de-e-commerce-da-estrategia-a-pratica\/","title":{"rendered":"S\u00e4hk\u00f6isen kaupank\u00e4ynnin hallinta ja toiminta - strategiasta k\u00e4yt\u00e4nt\u00f6\u00f6n"},"content":{"rendered":"<div class=\"woocommerce-product-details\">\n<h3>Tuotteen yksityiskohdat<\/h3>\n<ul>\n<li>ASIN: B0F48PH9VJ<\/li>\n<li>Saavutettavuus: Lis\u00e4tietoja<\/li>\n<li>Julkaisup\u00e4iv\u00e4: 9.4.2025<\/li>\n<li>Kieli: Portugali<\/li>\n<li>Tiedoston koko: 176 KB<\/li>\n<li>N\u00e4yt\u00f6nlukija: Yhteensopiva<\/li>\n<li>Kirjasinkokoonpano: K\u00e4yt\u00f6ss\u00e4<\/li>\n<li>Sanastovinkit: Ei k\u00e4yt\u00f6ss\u00e4<\/li>\n<li>Sivum\u00e4\u00e4r\u00e4: 127 sivua<\/li>\n<li>Sivun l\u00e4pp\u00e4: K\u00e4yt\u00f6ss\u00e4<\/li>\n<li>Lukuik\u00e4: 15 18 vuotta<\/li>\n<li>Myyjien sijoitukset: nro 77 693 Kindle Storessa (Tapaa 100 parasta Kindle Store -kategoriassa) nro 912 Tietojenk\u00e4sittelyss\u00e4, internetiss\u00e4 ja digitaalisessa mediassa nro 2 702 liiketaloudessa<\/li>\n<li>912 Sis\u00e4\u00e4n Tietotekniikka, Internet ja digitaalinen media<\/li>\n<li>2702 Liike-el\u00e4m\u00e4ss\u00e4<\/li>\n<li>Asiakkaiden arviot: 5,0 5,0\/5 t\u00e4hte\u00e4 (2)<\/li>\n<\/ul><\/div>","protected":false},"excerpt":{"rendered":"<p>S\u00e4hk\u00f6isen kaupank\u00e4ynnin hallinta ja toiminta - strategiasta k\u00e4yt\u00e4nt\u00f6\u00f6n<\/p>\n<p>Muuta tietosi todellisiksi tuloksiksiksi digitaalisessa maailmassa!T\u00e4m\u00e4 kirja on t\u00e4ydellinen ja didaktinen opas niille, jotka haluavat hallita modernin ja tehokkaan s\u00e4hk\u00f6isen kaupank\u00e4ynnin johtamista, toimintaa ja strategioita.Kirjaudu k\u00e4yt\u00e4nn\u00f6llisesti ja helposti saatavilla olevalla tavalla, S\u00e4hk\u00f6isen kaupank\u00e4ynnin hallinta ja toiminta (From Strategy to Practice kokoaa yhteen ammatillisia kokemuksia, teoreettisia perusteita ja todellisia sovelluksia niille, jotka haluavat toimia tai jo toimia digitaalisilla markkinoilla.Jos olet yritt\u00e4j\u00e4, johtaja, opiskelija tai markkinoinnin, logistiikan tai hallinnon ammattilainen, t\u00e4\u00e4lt\u00e4 l\u00f6yd\u00e4t korvaamattoman materiaalin matkallesi s\u00e4hk\u00f6isess\u00e4 kaupank\u00e4ynniss\u00e4.<\/p>\n<p>Mit\u00e4 opit t\u00e4ss\u00e4 kirjassa:\u2714 S\u00e4hk\u00f6isen kaupank\u00e4ynnin hallinta \u2014 Kuinka suunnitella, j\u00e4sent\u00e4\u00e4 ja hallita verkkoliiketoimintaa.\u2714 Digitaalinen markkinointi ja myynti K\u00e4yt\u00e4nn\u00f6n strategiat asiakkaiden houkuttelemiseksi, muuntamiseksi ja s\u00e4ilytt\u00e4miseksi.\u2714 Logistiikka ja asiakaspalvelu \u2714 Hyv\u00e4t k\u00e4yt\u00e4nn\u00f6t ja ratkaisut tuottaa arvoa ja positiivista kokemusta.\u2714 Talous- ja toimintajohtaminen \u2714 Ohjaus, analyysi ja strateginen p\u00e4\u00e4t\u00f6ksenteko.\u2714 Asiakaskokemus \u2714 Kuinka ilahduttaa ja luoda kest\u00e4v\u00e4 suhde digitaalisessa ymp\u00e4rist\u00f6ss\u00e4.\u2714 K\u00e4yt\u00e4nn\u00f6n tapaukset, selitt\u00e4v\u00e4t kehykset ja grafiikat \u2714 Visuaalinen ja suora sis\u00e4lt\u00f6 oppimisen helpottamiseksi.<\/p>\n<p>Kenelle t\u00e4m\u00e4 kirja on?<\/p>\n<p><span>Yritt\u00e4j\u00e4t, jotka haluavat luoda tai ammattimaistaa verkkokauppansa.<\/span><\/p>\n<p>Yritt\u00e4j\u00e4t, jotka haluavat luoda tai ammattimaistaa verkkokauppansa.<\/p>\n<p><span>Hallinto, markkinointi, logistiikka - ja yritysjohtamisen opiskelijat.<\/span><\/p>\n<p>Hallinto, markkinointi, logistiikka - ja yritysjohtamisen opiskelijat.<\/p>\n<p><span>Digitaalisten markkinoiden ammattilaiset, jotka hakevat k\u00e4yt\u00e4nn\u00f6n ja teoreettista p\u00e4ivityst\u00e4.<\/span><\/p>\n<p>Digitaalisten markkinoiden ammattilaiset, jotka hakevat k\u00e4yt\u00e4nn\u00f6n ja teoreettista p\u00e4ivityst\u00e4.<\/p>\n<p><span>Ihmiset, jotka haluavat aloittaa online-yrityksen turvallisesti ja suunnitella.<\/p>\n<p><\/span><span class=\"a-text-bold\">Miksi lukea t\u00e4m\u00e4 kirja?<\/span><\/p>\n<p><span>S\u00e4hk\u00f6inen kaupank\u00e4ynti on yksi nopeimmin kasvavista aloista Brasiliassa ja maailmassa.Monet yritykset kuitenkin ep\u00e4onnistuvat hallinnan, suunnittelun ja tehokkaan toiminnan puutteen vuoksi.<\/span><\/p>\n<p><span>T\u00e4m\u00e4 kirja on kirjoitettu t\u00e4ytt\u00e4m\u00e4\u00e4n t\u00e4m\u00e4 aukko ja tarjoamaan t\u00e4ydellinen, ajantasainen, k\u00e4yt\u00e4nt\u00f6\u00f6n perustuva materiaali.<\/span><\/p>\n<p><span>Opi niilt\u00e4, jotka el\u00e4v\u00e4t digitaalisuutta k\u00e4yt\u00e4nn\u00f6ss\u00e4. Ryhdy uuden talouden haasteisiin ja mahdollisuuksiin valmistautuneeksi verkkokauppap\u00e4\u00e4llik\u00f6ksi.<\/span><\/p>\n<p>Ihmiset, jotka haluavat aloittaa online-yrityksen turvallisesti ja suunnitella.<\/p>\n<p>Miksi lukea t\u00e4m\u00e4 kirja?E-kauppa on yksi nopeimmin kasvavista sektoreista Brasiliassa ja maailmassa.Monet yritykset kuitenkin ep\u00e4onnistuvat hallinnan, suunnittelun ja tehokkaan toiminnan puutteen vuoksi.T\u00e4m\u00e4 kirja on kirjoitettu t\u00e4ytt\u00e4m\u00e4\u00e4n t\u00e4m\u00e4 aukko ja tarjoamaan t\u00e4ydellinen materiaali, p\u00e4ivitetty ja markkinak\u00e4yt\u00e4nn\u00f6n perusteellaOpi niiden kanssa, jotka el\u00e4v\u00e4t digitaalista k\u00e4yt\u00e4nn\u00f6ss\u00e4.Tule uuden talouden haasteisiin ja mahdollisuuksiin valmistautuneeksi verkkokauppap\u00e4\u00e4llik\u00f6ksi.<\/p>","protected":false},"featured_media":0,"comment_status":"open","ping_status":"closed","template":"","meta":[],"product_cat":[1611,1608,1607],"product_tag":[],"class_list":{"0":"post-94359","1":"product","2":"type-product","3":"status-publish","5":"product_brand-por-vincius-germano-autor-formato-ebook-kindle","6":"product_cat-administracao-negocios-e-economia","7":"product_cat-ebooks-kindle","8":"product_cat-loja-kindle","10":"first","11":"instock","12":"shipping-taxable","13":"purchasable","14":"product-type-simple"},"aioseo_notices":[],"_links":{"self":[{"href":"https:\/\/www.ecommerceupdate.com.br\/fi\/wp-json\/wp\/v2\/product\/94359","targetHints":{"allow":["GET"]}}],"collection":[{"href":"https:\/\/www.ecommerceupdate.com.br\/fi\/wp-json\/wp\/v2\/product"}],"about":[{"href":"https:\/\/www.ecommerceupdate.com.br\/fi\/wp-json\/wp\/v2\/types\/product"}],"replies":[{"embeddable":true,"href":"https:\/\/www.ecommerceupdate.com.br\/fi\/wp-json\/wp\/v2\/comments?post=94359"}],"wp:attachment":[{"href":"https:\/\/www.ecommerceupdate.com.br\/fi\/wp-json\/wp\/v2\/media?parent=94359"}],"wp:term":[{"taxonomy":"product_cat","embeddable":true,"href":"https:\/\/www.ecommerceupdate.com.br\/fi\/wp-json\/wp\/v2\/product_cat?post=94359"},{"taxonomy":"product_tag","embeddable":true,"href":"https:\/\/www.ecommerceupdate.com.br\/fi\/wp-json\/wp\/v2\/product_tag?post=94359"}],"curies":[{"name":"wp","href":"https:\/\/api.w.org\/{rel}","templated":true}]}}