{"id":94363,"date":"2026-03-12T13:42:26","date_gmt":"2026-03-12T16:42:26","guid":{"rendered":"https:\/\/www.ecommerceupdate.com.br\/produto\/e-commerce-fgv-management\/"},"modified":"2026-03-13T15:58:12","modified_gmt":"2026-03-13T18:58:12","slug":"e-commerce-fgv-management","status":"publish","type":"product","link":"https:\/\/www.ecommerceupdate.com.br\/fi\/produto\/e-commerce-fgv-management\/","title":{"rendered":"S\u00e4hk\u00f6inen kaupank\u00e4ynti (FGV Management)"},"content":{"rendered":"<div class=\"woocommerce-product-details\"><\/div>","protected":false},"excerpt":{"rendered":"<p>T\u00e4m\u00e4n kirjan tavoitteena on tarjota lukijalle j\u00e4rjestelm\u00e4llinen n\u00e4kemys internet-teknologian k\u00e4yt\u00f6st\u00e4 liiketoiminnassa sek\u00e4 s\u00e4hk\u00f6isen kaupank\u00e4ynnin toiminnassa ett\u00e4 Internetin k\u00e4yt\u00f6ss\u00e4, media, jota tutkitaan erilaisilla markkinointitoimilla. Koska se on monien muutosten kohteena, tekij\u00f6iden huolenaihe on valmiiden reseptien tuomisen sijaan kehitt\u00e4\u00e4 menetelm\u00e4, jotta lukija voi piirt\u00e4\u00e4 omat strategiansa verkkoliiketoimintaan.<\/p>","protected":false},"featured_media":94363,"comment_status":"open","ping_status":"closed","template":"","meta":[],"product_cat":[1611,1613,1595],"product_tag":[],"class_list":{"0":"post-94363","1":"product","2":"type-product","3":"status-publish","4":"has-post-thumbnail","6":"product_brand-por-eduardo-augusto-de-andrade-autor-andr-antunes-autor-andr-bittencourt-do-valle-autor-andre-kischinevsky-autor-1-mais-formato-ebook-kindle","7":"product_cat-administracao-negocios-e-economia","8":"product_cat-industrias-e-profissoes","9":"product_cat-livros","11":"first","12":"instock","13":"sale","14":"shipping-taxable","15":"purchasable","16":"product-type-simple"},"aioseo_notices":[],"_links":{"self":[{"href":"https:\/\/www.ecommerceupdate.com.br\/fi\/wp-json\/wp\/v2\/product\/94363","targetHints":{"allow":["GET"]}}],"collection":[{"href":"https:\/\/www.ecommerceupdate.com.br\/fi\/wp-json\/wp\/v2\/product"}],"about":[{"href":"https:\/\/www.ecommerceupdate.com.br\/fi\/wp-json\/wp\/v2\/types\/product"}],"replies":[{"embeddable":true,"href":"https:\/\/www.ecommerceupdate.com.br\/fi\/wp-json\/wp\/v2\/comments?post=94363"}],"wp:featuredmedia":[{"embeddable":true,"href":"https:\/\/www.ecommerceupdate.com.br\/fi\/wp-json\/wp\/v2\/product\/94363"}],"wp:attachment":[{"href":"https:\/\/www.ecommerceupdate.com.br\/fi\/wp-json\/wp\/v2\/media?parent=94363"}],"wp:term":[{"taxonomy":"product_cat","embeddable":true,"href":"https:\/\/www.ecommerceupdate.com.br\/fi\/wp-json\/wp\/v2\/product_cat?post=94363"},{"taxonomy":"product_tag","embeddable":true,"href":"https:\/\/www.ecommerceupdate.com.br\/fi\/wp-json\/wp\/v2\/product_tag?post=94363"}],"curies":[{"name":"wp","href":"https:\/\/api.w.org\/{rel}","templated":true}]}}