{"id":94367,"date":"2026-03-12T13:43:24","date_gmt":"2026-03-12T16:43:24","guid":{"rendered":"https:\/\/www.ecommerceupdate.com.br\/produto\/logistica-reversa-casos-praticos-portuguese-edition\/"},"modified":"2026-03-13T15:59:02","modified_gmt":"2026-03-13T18:59:02","slug":"logistica-reversa-casos-praticos-portuguese-edition","status":"publish","type":"product","link":"https:\/\/www.ecommerceupdate.com.br\/fi\/produto\/logistica-reversa-casos-praticos-portuguese-edition\/","title":{"rendered":"Reverse Logistics: K\u00e4yt\u00e4nn\u00f6n kotelot (englanninkielinen painos)"},"content":{"rendered":"<div class=\"woocommerce-product-details\">\n<h3>Tuotteen yksityiskohdat<\/h3>\n<ul>\n<li>Kustantaja: Itsen\u00e4isesti julkaistu<\/li>\n<li>Julkaisup\u00e4iv\u00e4: 29.10.2017<\/li>\n<li>Kieli: Portugali<\/li>\n<li>Sivum\u00e4\u00e4r\u00e4: 116 sivua<\/li>\n<li>ISBN-10:1973177536<\/li>\n<li>ISBN-13:978-1973177531<\/li>\n<li>Tuotteen paino: 231g<\/li>\n<li>Mitat: 15,24 x 0,74 x 22,86 cm<\/li>\n<li>Asiakkaiden arviot: 5,0 5,0\/5 t\u00e4hte\u00e4 (1)<\/li>\n<\/ul><\/div>","protected":false},"excerpt":{"rendered":"<p>T\u00e4m\u00e4 kirja esittelee DeVry Joao Pessoan tiedekunnan, Teknologisten Teemojen tutkimuksen tulokset logistiikan Teknologia-kurssilla, tieteenalan perusteet, vuosina 2015 ja 2016.<\/p>","protected":false},"featured_media":0,"comment_status":"open","ping_status":"closed","template":"","meta":[],"product_cat":[1611,1595,1697],"product_tag":[],"class_list":{"0":"post-94367","1":"product","2":"type-product","3":"status-publish","5":"product_brand-por-edilon-mendes-nunes-autor","6":"product_cat-administracao-negocios-e-economia","7":"product_cat-livros","8":"product_cat-livros-de-referencia","10":"first","11":"instock","12":"shipping-taxable","13":"purchasable","14":"product-type-simple"},"aioseo_notices":[],"_links":{"self":[{"href":"https:\/\/www.ecommerceupdate.com.br\/fi\/wp-json\/wp\/v2\/product\/94367","targetHints":{"allow":["GET"]}}],"collection":[{"href":"https:\/\/www.ecommerceupdate.com.br\/fi\/wp-json\/wp\/v2\/product"}],"about":[{"href":"https:\/\/www.ecommerceupdate.com.br\/fi\/wp-json\/wp\/v2\/types\/product"}],"replies":[{"embeddable":true,"href":"https:\/\/www.ecommerceupdate.com.br\/fi\/wp-json\/wp\/v2\/comments?post=94367"}],"wp:attachment":[{"href":"https:\/\/www.ecommerceupdate.com.br\/fi\/wp-json\/wp\/v2\/media?parent=94367"}],"wp:term":[{"taxonomy":"product_cat","embeddable":true,"href":"https:\/\/www.ecommerceupdate.com.br\/fi\/wp-json\/wp\/v2\/product_cat?post=94367"},{"taxonomy":"product_tag","embeddable":true,"href":"https:\/\/www.ecommerceupdate.com.br\/fi\/wp-json\/wp\/v2\/product_tag?post=94367"}],"curies":[{"name":"wp","href":"https:\/\/api.w.org\/{rel}","templated":true}]}}