{"id":94404,"date":"2026-03-13T08:58:28","date_gmt":"2026-03-13T11:58:28","guid":{"rendered":"https:\/\/www.ecommerceupdate.com.br\/produto\/pelicula-para-kindle-11a-geracao-2024-e-2022-rs23cv-e-c2v2l3-6-polegadas-antirreflexo-fosca\/"},"modified":"2026-03-13T16:01:09","modified_gmt":"2026-03-13T19:01:09","slug":"pelicula-para-kindle-11a-geracao-2024-e-2022-rs23cv-e-c2v2l3-6-polegadas-antirreflexo-fosca","status":"publish","type":"product","link":"https:\/\/www.ecommerceupdate.com.br\/fi\/produto\/pelicula-para-kindle-11a-geracao-2024-e-2022-rs23cv-e-c2v2l3-6-polegadas-antirreflexo-fosca\/","title":{"rendered":"Film For Kindle 11th Generation 2024 ja 2022 (RS23CV ja C2V2L3) 6\u2033 Inches &amp; Anti-reflection 2024 &amp; 2022"},"content":{"rendered":"<div class=\"woocommerce-product-details\">\n<h3>Merkist\u00e4<\/h3>\n<div><img decoding=\"async\" src=\"https:\/\/m.media-amazon.com\/images\/S\/aplus-media-library-service-media\/c248faf5-b8a4-4f2f-9d05-4692cdf55ae9.__CR0,0,1464,625_PT0_SX1464_V1___.png\" alt=\"Merkkikuva\" style=\"max-width: 100%\"><\/div>\n<p>Kindle Case Mavife<\/p>\n<p> V\u00e4rilliset, hihna-, origami- tai l\u00e4pin\u00e4kyv\u00e4t TPU-tyyliset kannet, joissa yhdistyv\u00e4t Kindlellesi suoja, tyyli ja k\u00e4yt\u00e4nn\u00f6llisyys.<\/p>\n<div id=\"aplus_feature_div\" class=\"celwidget pd_rd_w-sZOhP pd_rd_r-41A6RBH7B2A4ZK3E04Q4 pd_rd_wg-O5GHa\" data-feature-name=\"aplus\" data-csa-c-type=\"widget\" data-csa-c-content-id=\"aplus\" data-csa-c-slot-id=\"aplus_feature_div\" data-csa-c-asin=\"\" data-csa-c-is-in-initial-active-row=\"false\">\n<div id=\"aplus\" class=\"a-section a-spacing-large bucket\">\n<h3 class=\"\">Tuotteen kuvaus<\/h3>\n<div lang=\"pt_BR\">\n<div class=\"aplus-v2 desktop celwidget\">\n<div class=\"celwidget aplus-module premium-module-2-fullbackground-image aplus-premium\">\n<div class=\"a-section a-spacing-none premium-aplus premium-aplus-module-2\">\n<div class=\"a-section a-spacing-none premium-background-wrapper\">\n<div class=\"a-section a-spacing-none background-image\"> <img decoding=\"async\" alt=\"Kindle Film\" src=\"https:\/\/m.media-amazon.com\/images\/S\/aplus-media-library-service-media\/0e96fd38-c98c-488c-9f77-9ce03f03f7e9.__CR0,0,1464,600_PT0_SX1464_V1___.png\" \/> <\/div>\n<\/p>\n<\/div>\n<\/div>\n<\/div>\n<div class=\"celwidget aplus-module premium-module-3-four-column-images aplus-premium\">\n<div class=\"a-section a-spacing-none premium-aplus premium-aplus-module-3 aplus-container-1\">\n<div class=\"a-section a-spacing-none premium-aplus-four-column\">\n<div class=\"a-section a-spacing-none premium-aplus-column\">\n<div class=\"a-section a-spacing-none {'column-image'}\"> <img decoding=\"async\" alt=\"Kuva 1\" src=\"https:\/\/m.media-amazon.com\/images\/S\/aplus-media-library-service-media\/ac0b63d2-54c8-48cc-8471-8a93c8657693.__CR0,251,2008,1506_PT0_SX300_V1___.png\" \/> <\/div>\n<div class=\"a-section a-spacing-none column-heading\">\n<h1 class=\"aplus-h3 a-text-bold\"> 1 'Limpe n\u00e4ytt\u00f6 <\/h1>\n<\/p>\n<\/div>\n<div class=\"a-section a-spacing-none column-description\">\n<p class=\"aplus-p3\"> Poista lika puhtaalla liinalla ja alkoholilla. <\/p>\n<\/p>\n<\/div>\n<\/div>\n<div class=\"a-section a-spacing-none premium-aplus-column\">\n<div class=\"a-section a-spacing-none {'column-image'}\"> <img decoding=\"async\" alt=\"kuva 2\" src=\"https:\/\/m.media-amazon.com\/images\/S\/aplus-media-library-service-media\/c23ba00b-35b1-4102-8be8-3a58ac5d83a2.__CR0,250,1996,1497_PT0_SX300_V1___.png\" \/> <\/div>\n<div class=\"a-section a-spacing-none column-heading\">\n<h1 class=\"aplus-h3 a-text-bold\"> 2 ^ Poista punainen tarra <\/h1>\n<\/p>\n<\/div>\n<div class=\"a-section a-spacing-none column-description\">\n<p class=\"aplus-p3\"> Poista liimakalvo ja levit\u00e4 n\u00e4yt\u00f6lle <\/p>\n<\/p>\n<\/div>\n<\/div>\n<div class=\"a-section a-spacing-none premium-aplus-column\">\n<div class=\"a-section a-spacing-none {'column-image'}\"> <img decoding=\"async\" alt=\"Kuva 3\" src=\"https:\/\/m.media-amazon.com\/images\/S\/aplus-media-library-service-media\/e8de632f-5c7d-417c-afa8-524ea3d604ba.__CR0,253,2024,1518_PT0_SX300_V1___.png\" \/> <\/div>\n<div class=\"a-section a-spacing-none column-heading\">\n<h1 class=\"aplus-h3 a-text-bold\"> 3 ^ Poista musta liima <\/h1>\n<\/p>\n<\/div>\n<div class=\"a-section a-spacing-none column-description\">\n<p class=\"aplus-p3\"> Poista muu liimakalvo. <\/p>\n<\/p>\n<\/div>\n<\/div>\n<div class=\"a-section a-spacing-none premium-aplus-column\">\n<div class=\"a-section a-spacing-none {'column-image'}\"> <img decoding=\"async\" alt=\"Kuva 4\" src=\"https:\/\/m.media-amazon.com\/images\/S\/aplus-media-library-service-media\/c26adb2a-42d7-4b00-a990-c1494ae910c5.__CR0,248,1980,1485_PT0_SX300_V1___.png\" \/> <\/div>\n<div class=\"a-section a-spacing-none column-heading\">\n<h1 class=\"aplus-h3 a-text-bold\"> 4 'Pid\u00e4 kuplat aukosta <\/h1>\n<\/p>\n<\/div>\n<div class=\"a-section a-spacing-none column-description\">\n<p class=\"aplus-p3\"> K\u00e4yt\u00e4 kaavinta poistaaksesi alkoholin j\u00e4tt\u00e4m\u00e4t ilmakuplat ja merkit. <\/p>\n<\/p>\n<\/div>\n<\/div>\n<\/div>\n<\/div>\n<\/div>\n<div class=\"celwidget aplus-module premium-module-8-hero-video aplus-premium\">\n<div class=\"a-section a-spacing-none premium-aplus premium-aplus-module-8\">\n<div class=\"a-section a-spacing-none premium-aplus-module-8-video\">\n<div class=\"a-section a-spacing-none video-container\">\n<div id=\"163ecb4e-7c63-493d-9e59-a4bf6bd27248\" style=\"width:100%;height:100%\">\n<div class=\"vse-airy-container vse-player-container none\">\n<div id=\"ive-aplus-22018-player-label-container\" data-element-id=\"ive-player-label-container\" class=\"a-section a-spacing-none ive-player-label-container\"><span class=\"a-declarative\" data-action=\"a-popover\" data-a-popover=\"{&quot;name&quot;:&quot;ive-aplus-22018-label-type-tooltip&quot;,&quot;width&quot;:&quot;300&quot;,&quot;position&quot;:&quot;triggerRight&quot;,&quot;dataStrategy&quot;:&quot;preload&quot;}\"><a href=\"\/fi\/void(0)\/\" role=\"button\" class=\"a-popover-trigger a-declarative ive-player-label-name aok-hidden\"><i class=\"a-icon a-icon-popover\"><\/i><\/a><\/span><\/p>\n<div class=\"a-popover-preload\" id=\"a-popover-ive-aplus-22018-label-type-tooltip\"><span class=\"ive-demo-label-tooltip ive-player-label-tooltip aok-hidden\">Videolla n\u00e4kyy k\u00e4yt\u00f6ss\u00e4 oleva tuote.<\/span><span class=\"ive-assembly-label-tooltip ive-player-label-tooltip aok-hidden\">Video ohjaa sinut tuotekokoonpanon kautta.<\/span><span class=\"ive-comparison-label-tooltip ive-player-label-tooltip aok-hidden\">Videolla verrataan erilaisia tuotteita.<\/span><span class=\"ive-unboxing-label-tooltip ive-player-label-tooltip aok-hidden\">Videolla n\u00e4kyy tuotteen purkaminen.<\/span><\/div>\n<\/p><\/div>\n<\/p><\/div>\n<\/div>\n<\/div>\n<\/div>\n<\/div>\n<\/div>\n<div class=\"celwidget aplus-module premium-module-12-nav-carousel aplus-premium\">\n<div class=\"a-section a-spacing-none premium-aplus premium-aplus-module-12 premium-aplus-module-12--top-nav\">\n<div data-module-id=\"3\" class=\"a-section a-spacing-none aplus-carousel-container\">\n<div id=\"premium-aplus-12-carousel-3-id\" data-a-carousel-options=\"{&quot;peek_percentage&quot;:0,&quot;minimum_gutter_width&quot;:0,&quot;show_partial_next&quot;:false,&quot;name&quot;:&quot;premium-aplus-12-carousel-3&quot;}\" aria-label=\"Karuselli esitellyst\u00e4 sis\u00e4ll\u00f6st\u00e4\" data-a-display-strategy=\"single\" data-a-transition-strategy=\"slideCircular\" role=\"group\" class=\"a-begin a-carousel-container a-carousel-static a-carousel-display-single a-carousel-transition-slideCircular aplus-image-carousel-container\">\n<div class=\"a-row a-carousel-controls a-carousel-row a-carousel-has-buttons a-carousel-overlay-buttons a-carousel-rounded-buttons\">\n<div class=\"a-carousel-row-inner\">\n<div class=\"a-carousel-col a-carousel-left\"><a class=\"a-carousel-goto-prevpage\" role=\"button\" href=\"#\"><i class=\"a-icon a-icon-previous-rounded\"><span class=\"a-icon-alt\">Edellinen sivu<\/span><\/i><\/a><\/div>\n<div class=\"a-carousel-col a-carousel-center\">\n<div class=\"a-carousel-viewport\" role=\"group\">\n<ol class=\"a-carousel\" role=\"list\">\n<li class=\"a-carousel-card aplus-carousel-card\">\n<div class=\"a-section a-spacing-none aplus-card-image\"> <img decoding=\"async\" alt=\"Korkealaatuinen materiaali\" src=\"https:\/\/m.media-amazon.com\/images\/S\/aplus-media-library-service-media\/0e9d4f8e-f694-4e6f-b06b-19561b4a7a4f.__CR0,0,1464,600_PT0_SX1464_V1___.png\" \/> <\/div>\n<\/li>\n<li class=\"a-carousel-card aplus-carousel-card\">\n<div class=\"a-section a-spacing-none aplus-card-image\"> <img decoding=\"async\" alt=\"Anti-riski\" src=\"https:\/\/m.media-amazon.com\/images\/S\/aplus-media-library-service-media\/35d7f37e-9cb9-46bb-acec-14c433cfe7ec.__CR0,0,1464,600_PT0_SX1464_V1___.png\" \/> <\/div>\n<\/li>\n<li class=\"a-carousel-card aplus-carousel-card\">\n<div class=\"a-section a-spacing-none aplus-card-image\"> <img decoding=\"async\" alt=\"Suojaus\" src=\"https:\/\/m.media-amazon.com\/images\/S\/aplus-media-library-service-media\/f737e049-db59-437a-8853-2483b8a0a8f0.__CR0,0,1464,600_PT0_SX1464_V1___.png\" \/> <\/div>\n<\/li>\n<\/ol><\/div>\n<\/p><\/div>\n<div class=\"a-carousel-col a-carousel-right\"><a class=\"a-carousel-goto-nextpage\" role=\"button\" href=\"#\"><i class=\"a-icon a-icon-next-rounded\"><span class=\"a-icon-alt\">Seuraava sivu<\/span><\/i><\/a><\/div>\n<\/p><\/div>\n<\/p><\/div>\n<\/div>\n<\/div>\n<\/div>\n<\/div>\n<div class=\"celwidget aplus-module premium-module-13-carousel aplus-premium\">\n<div class=\"a-section a-spacing-none premium-aplus premium-aplus-module-13\">\n<h1 class=\"aplus-container-3 aplus-h1 a-text-bold\"> Saatat pit\u00e4\u00e4: <\/h1>\n<div class=\"a-section a-spacing-none aplus-carousel-container\">\n<div id=\"premium-aplus-13-carousel-4-id\" data-a-carousel-options=\"{&quot;peek_percentage&quot;:0,&quot;minimum_gutter_width&quot;:0,&quot;show_partial_next&quot;:false,&quot;name&quot;:&quot;premium-aplus-13-carousel-4&quot;}\" aria-label=\"Karuselli esitellyst\u00e4 sis\u00e4ll\u00f6st\u00e4\" data-a-display-strategy=\"single\" data-a-transition-strategy=\"slideCircular\" role=\"group\" class=\"a-begin a-carousel-container a-carousel-static a-carousel-display-single a-carousel-transition-slideCircular\">\n<div class=\"a-row a-carousel-controls a-carousel-row a-carousel-has-buttons a-carousel-overlay-buttons a-carousel-rounded-buttons\">\n<div class=\"a-carousel-row-inner\">\n<div class=\"a-carousel-col a-carousel-left\"><a class=\"a-carousel-goto-prevpage\" role=\"button\" href=\"#\"><i class=\"a-icon a-icon-previous-rounded\"><span class=\"a-icon-alt\">Edellinen sivu<\/span><\/i><\/a><\/div>\n<div class=\"a-carousel-col a-carousel-center\">\n<div class=\"a-carousel-viewport\" role=\"group\">\n<ol class=\"a-carousel\" role=\"list\">\n<li class=\"a-carousel-card aplus-carousel-element\">\n<div id=\"premium-aplus-13-carousel-4-slide-0\">\n<div class=\"a-section a-spacing-none aplus-card-image\"> <img decoding=\"async\" alt=\"MUSTA\" src=\"https:\/\/m.media-amazon.com\/images\/S\/aplus-media-library-service-media\/8f1029ce-f1ce-47e1-a4fb-9765c6849c02.__CR0,0,1464,600_PT0_SX1464_V1___.png\" \/> <\/div>\n<div class=\"a-section a-spacing-none aplus-card-description-wrapper\">\n<div class=\"a-section a-spacing-none aplus-card-description aplus-container-1-2\">\n<div class=\"a-section a-spacing-none aplus-card-table-cell\">\n<div class=\"a-section a-spacing-none aplus-text-background aplus-container-1\">\n<div class=\"a-section a-spacing-none aplus-card-title\">\n<h1 class=\"aplus-h2 a-text-bold\"> 11 Generation Kindle Case (C2V2L3 ja RS23CV) Musta <\/h1>\n<\/p>\n<\/div>\n<div class=\"a-section a-spacing-none aplus-card-body\">\n<p class=\"aplus-p3\"> T\u00e4ysi suojaus autohibernaatiotoiminnolla ja magneettisella anturilla Ota Kindle turvallisesti kaikkialle. <\/p>\n<\/p>\n<\/div>\n<div class=\"a-section a-spacing-none aplus-card-link-button\"> <span class=\"a-button a-button-toggle aplus-comparison-table-carousel-link-button\"><span class=\"a-button-inner\"><a href=\"\/fi\/dp\/B0DBFKYYBP\/?ref=emc_p_m_13_b\" aria-label=\"Lis\u00e4tietoja tuotteesta: Kindle 11th Generation Case (C2V2L3 ja RS23CV) Black\" class=\"a-button-text\"> Lis\u00e4tietoja <\/a><\/span><\/span> <\/div>\n<\/p>\n<\/div>\n<\/div>\n<\/div>\n<\/div>\n<\/div>\n<\/li>\n<li class=\"a-carousel-card aplus-carousel-element\">\n<div id=\"premium-aplus-13-carousel-4-slide-1\">\n<div class=\"a-section a-spacing-none aplus-card-image\"> <img decoding=\"async\" alt=\"Laivastonsininen\" src=\"https:\/\/m.media-amazon.com\/images\/S\/aplus-media-library-service-media\/78612073-1335-442f-9e4a-96fefa745a54.__CR0,0,1464,600_PT0_SX1464_V1___.png\" \/> <\/div>\n<div class=\"a-section a-spacing-none aplus-card-description-wrapper\">\n<div class=\"a-section a-spacing-none aplus-card-description aplus-container-1-2\">\n<div class=\"a-section a-spacing-none aplus-card-table-cell\">\n<div class=\"a-section a-spacing-none aplus-text-background aplus-container-1\">\n<div class=\"a-section a-spacing-none aplus-card-title\">\n<h1 class=\"aplus-h2 a-text-bold\"> 11 Generation Kindle Case (C2V2L3 ja RS23CV) Sininen <\/h1>\n<\/p>\n<\/div>\n<div class=\"a-section a-spacing-none aplus-card-body\">\n<p class=\"aplus-p3\"> T\u00e4ysi suojaus autohibernaatiotoiminnolla ja magneettisella anturilla Ota Kindle turvallisesti kaikkialle. <\/p>\n<\/p>\n<\/div>\n<div class=\"a-section a-spacing-none aplus-card-link-button\"> <span class=\"a-button a-button-toggle aplus-comparison-table-carousel-link-button\"><span class=\"a-button-inner\"><a href=\"\/fi\/dp\/B0DBFK2LLD\/?ref=emc_p_m_13_b\" aria-label=\"Lis\u00e4tietoja tuotteesta: 11th Generation Kindle Case (C2V2L3 ja RS23CV) Blue\" class=\"a-button-text\"> Lis\u00e4tietoja <\/a><\/span><\/span> <\/div>\n<\/p>\n<\/div>\n<\/div>\n<\/div>\n<\/div>\n<\/div>\n<\/li>\n<li class=\"a-carousel-card aplus-carousel-element\">\n<div id=\"premium-aplus-13-carousel-4-slide-2\">\n<div class=\"a-section a-spacing-none aplus-card-image\"> <img decoding=\"async\" alt=\"Rose\" src=\"https:\/\/m.media-amazon.com\/images\/S\/aplus-media-library-service-media\/74576a5d-9b4b-4e13-b110-60731da13da3.__CR0,0,1464,600_PT0_SX1464_V1___.png\" \/> <\/div>\n<div class=\"a-section a-spacing-none aplus-card-description-wrapper\">\n<div class=\"a-section a-spacing-none aplus-card-description aplus-container-1-2\">\n<div class=\"a-section a-spacing-none aplus-card-table-cell\">\n<div class=\"a-section a-spacing-none aplus-text-background aplus-container-1\">\n<div class=\"a-section a-spacing-none aplus-card-title\">\n<h1 class=\"aplus-h2 a-text-bold\"> 11 Generation Kindle Case (C2V2L3 ja RS23CV) Pink <\/h1>\n<\/p>\n<\/div>\n<div class=\"a-section a-spacing-none aplus-card-body\">\n<p class=\"aplus-p3\"> T\u00e4ysi suojaus autohibernaatiotoiminnolla ja magneettisella anturilla Ota Kindle turvallisesti kaikkialle. <\/p>\n<\/p>\n<\/div>\n<div class=\"a-section a-spacing-none aplus-card-link-button\"> <span class=\"a-button a-button-toggle aplus-comparison-table-carousel-link-button\"><span class=\"a-button-inner\"><a href=\"\/fi\/dp\/B0DBFLD6WG\/?ref=emc_p_m_13_b\" aria-label=\"Lis\u00e4tietoja tuotteesta: Pink 11th Generation Kindle Case (C2V2L3 ja RS23CV)\" class=\"a-button-text\"> Lis\u00e4tietoja <\/a><\/span><\/span> <\/div>\n<\/p>\n<\/div>\n<\/div>\n<\/div>\n<\/div>\n<\/div>\n<\/li>\n<li class=\"a-carousel-card aplus-carousel-element\">\n<div id=\"premium-aplus-13-carousel-4-slide-3\">\n<div class=\"a-section a-spacing-none aplus-card-image\"> <img decoding=\"async\" alt=\"MUSTA\" src=\"https:\/\/m.media-amazon.com\/images\/S\/aplus-media-library-service-media\/596f6351-3480-4eb4-ae2d-371a04b1d4e8.__CR0,0,1464,600_PT0_SX1464_V1___.png\" \/> <\/div>\n<div class=\"a-section a-spacing-none aplus-card-description-wrapper\">\n<div class=\"a-section a-spacing-none aplus-card-description aplus-container-1-2\">\n<div class=\"a-section a-spacing-none aplus-card-table-cell\">\n<div class=\"a-section a-spacing-none aplus-text-background aplus-container-1\">\n<div class=\"a-section a-spacing-none aplus-card-title\">\n<h1 class=\"aplus-h2 a-text-bold\"> 11 Generation Kindle Case (C2V2L3 ja RS23CV) Origami <\/h1>\n<\/p>\n<\/div>\n<div class=\"a-section a-spacing-none aplus-card-body\">\n<p class=\"aplus-p3\"> T\u00e4ysi suojaus autohibernaatiotoiminnolla ja magneettisella anturilla Ota Kindle turvallisesti kaikkialle. <\/p>\n<\/p>\n<\/div>\n<div class=\"a-section a-spacing-none aplus-card-link-button\"> <span class=\"a-button a-button-toggle aplus-comparison-table-carousel-link-button\"><span class=\"a-button-inner\"><a href=\"\/fi\/dp\/B0DKV79YJK\/?ref=emc_p_m_13_b\" aria-label=\"Lis\u00e4tietoja tuotteesta: Origami 11th Generation Kindle Case (C2V2L3 ja RS23CV)\" class=\"a-button-text\"> Lis\u00e4tietoja <\/a><\/span><\/span> <\/div>\n<\/p>\n<\/div>\n<\/div>\n<\/div>\n<\/div>\n<\/div>\n<\/li>\n<li class=\"a-carousel-card aplus-carousel-element\">\n<div id=\"premium-aplus-13-carousel-4-slide-4\">\n<div class=\"a-section a-spacing-none aplus-card-image\"> <img decoding=\"async\" alt=\"T\u00e4htiy\u00f6\" src=\"https:\/\/m.media-amazon.com\/images\/S\/aplus-media-library-service-media\/c0fde90a-a3ab-45eb-9e4a-ccdfea109c05.__CR0,0,1464,600_PT0_SX1464_V1___.png\" \/> <\/div>\n<div class=\"a-section a-spacing-none aplus-card-description-wrapper\">\n<div class=\"a-section a-spacing-none aplus-card-description aplus-container-1-2\">\n<div class=\"a-section a-spacing-none aplus-card-table-cell\">\n<div class=\"a-section a-spacing-none aplus-text-background aplus-container-1\">\n<div class=\"a-section a-spacing-none aplus-card-title\">\n<h1 class=\"aplus-h2 a-text-bold\"> Van Gogh 11th Generation Kindle Case (C2V2L3 ja RS23CV) <\/h1>\n<\/p>\n<\/div>\n<div class=\"a-section a-spacing-none aplus-card-body\">\n<p class=\"aplus-p3\"> T\u00e4ysi suojaus autohibernaatiotoiminnolla ja magneettisella anturilla Ota Kindle turvallisesti kaikkialle. <\/p>\n<\/p>\n<\/div>\n<div class=\"a-section a-spacing-none aplus-card-link-button\"> <span class=\"a-button a-button-toggle aplus-comparison-table-carousel-link-button\"><span class=\"a-button-inner\"><a href=\"\/fi\/dp\/B0DBLZ3QBY\/?ref=emc_p_m_13_b\" aria-label=\"Lis\u00e4tietoja tuotteesta: Van Gogh 11th Generation Kindle Case (C2V2L3 ja RS23CV)\" class=\"a-button-text\"> Lis\u00e4tietoja <\/a><\/span><\/span> <\/div>\n<\/p>\n<\/div>\n<\/div>\n<\/div>\n<\/div>\n<\/div>\n<\/li>\n<\/ol><\/div>\n<\/p><\/div>\n<div class=\"a-carousel-col a-carousel-right\"><a class=\"a-carousel-goto-nextpage\" role=\"button\" href=\"#\"><i class=\"a-icon a-icon-next-rounded\"><span class=\"a-icon-alt\">Seuraava sivu<\/span><\/i><\/a><\/div>\n<\/p><\/div>\n<\/p><\/div>\n<\/div>\n<div class=\"a-section a-spacing-none aplus-pagination-wrapper\">\n<div class=\"aplus-mantle aplus-module\">\n<div class=\"aplus-carousel-nav\">\n<ul id=\"aplus-pagination-group-4-premium-aplus-13-carousel-4\" class=\"aplus-pagination-dots\" aria-label=\"tablist-osio\" role=\"tablist\">\n<li class=\"aplus-pagination-dot\"> <\/li>\n<li class=\"aplus-pagination-dot\"> <\/li>\n<li class=\"aplus-pagination-dot\"> <\/li>\n<li class=\"aplus-pagination-dot\"> <\/li>\n<li class=\"aplus-pagination-dot\"> <\/li>\n<\/ul>\n<\/div>\n<\/div>\n<\/div>\n<\/div>\n<\/div>\n<\/div>\n<div class=\"celwidget aplus-module premium-module-11-faq aplus-premium\">\n<div class=\"a-section a-spacing-none premium-aplus premium-aplus-module-11\">\n<div data-faq-block=\"5\" class=\"a-section a-spacing-none aplus-container-2 faqs-container 5\">\n<ul class=\"faq-list\">\n<li id=\"faq-qa-pair-0\" class=\"faq-block\">\n<h3> <span data-faq-question role=\"button\" aria-controls=\"faq-0\" aria-expanded=\"false\"> <\/p>\n<p class=\"aplus-question aplus-p1\"> Miten l\u00f6yd\u00e4n Kindleni mallin? <\/p>\n<p> <\/span> <\/h3>\n<p class=\"aplus-answer aplus-p2\"> Laitteen takaosasta, pienell\u00e4 painettuna, l\u00f6yd\u00e4t MALLIN NO: C2V2L3 tai RS23CV (malli 2022 ja 2024) osoittaen, ett\u00e4 se on 11th Generation Kindle, joka on yhteensopiva t\u00e4m\u00e4n elokuvan kanssa. <\/p>\n<\/li>\n<li id=\"faq-qa-pair-1\" class=\"faq-block\">\n<h3> <span data-faq-question role=\"button\" aria-controls=\"faq-1\" aria-expanded=\"false\"> <\/p>\n<p class=\"aplus-question aplus-p1\"> Onko elokuva yksinkertainen poistaa? <\/p>\n<p> <\/span> <\/h3>\n<p class=\"aplus-answer aplus-p2\"> Kyll\u00e4, muotoilu py\u00f6ristetyill\u00e4 kulmilla tekee siit\u00e4 helpon soveltaa sek\u00e4 poistaa. <\/p>\n<\/li>\n<li id=\"faq-qa-pair-2\" class=\"faq-block\">\n<h3> <span data-faq-question role=\"button\" aria-controls=\"faq-2\" aria-expanded=\"false\"> <\/p>\n<p class=\"aplus-question aplus-p1\"> Onko Kindlelleni peitevaihtoehtoja? <\/p>\n<p> <\/span> <\/h3>\n<p class=\"aplus-answer aplus-p2\"> Kyll\u00e4, tarjoamme erilaisia kansivaihtoehtoja, mukaan lukien mallit, joissa on selke\u00e4t TPU-mallit, hihnat ja kannet. K\u00e4y kaupassamme tutustumassa kaikkiin saatavilla oleviin tuotteisiin. <\/p>\n<\/li>\n<li id=\"faq-qa-pair-3\" class=\"faq-block\">\n<h3> <span data-faq-question role=\"button\" aria-controls=\"faq-3\" aria-expanded=\"false\"> <\/p>\n<p class=\"aplus-question aplus-p1\"> Milloin toimitus tehd\u00e4\u00e4n? <\/p>\n<p> <\/span> <\/h3>\n<p class=\"aplus-answer aplus-p2\"> Tarkista toimitusarvio ostohetkell\u00e4 Tuotteemme varastoi ja toimittaa Amazon, joka varmistaa eritt\u00e4in nopean toimituksen ja erinomaisen palvelun sinulle. <\/p>\n<\/li>\n<\/ul>\n<\/div>\n<\/div>\n<\/div>\n<\/div>\n<\/div>\n<\/div>\n<\/div>\n<table id=\"productDetails_techSpec_section_1\" class=\"a-keyvalue prodDetTable\">\n<tr>\n<th class=\"a-color-secondary a-size-base prodDetSectionEntry\"> Sertifiointi <\/th>\n<td class=\"a-size-base prodDetAttrValue\"> Ei sovelleta <\/td>\n<\/tr>\n<tr>\n<th class=\"a-color-secondary a-size-base prodDetSectionEntry\"> Erityispiirteet <\/th>\n<td class=\"a-size-base prodDetAttrValue\"> Heijastamaton, Py\u00f6ristetty reuna, Tahrankest\u00e4v\u00e4, Naarmuuntumaton, Korkean herkkyyden kosketus <\/td>\n<\/tr>\n<tr>\n<th class=\"a-color-secondary a-size-base prodDetSectionEntry\"> Pystyn\u00e4yt\u00f6n koko <\/th>\n<td class=\"a-size-base prodDetAttrValue\"> 6 tuumaa <\/td>\n<\/tr>\n<tr>\n<th class=\"a-color-secondary a-size-base prodDetSectionEntry\"> V\u00e4ri <\/th>\n<td class=\"a-size-base prodDetAttrValue\"> L\u00e4pin\u00e4kyv\u00e4 <\/td>\n<\/tr>\n<tr>\n<th class=\"a-color-secondary a-size-base prodDetSectionEntry\"> Mukana komponentit <\/th>\n<td class=\"a-size-base prodDetAttrValue\"> Kindle 11th Generation Film <\/td>\n<\/tr>\n<tr>\n<th class=\"a-color-secondary a-size-base prodDetSectionEntry\"> Yksik\u00f6iden lukum\u00e4\u00e4r\u00e4 <\/th>\n<td class=\"a-size-base prodDetAttrValue\"> 1 <\/td>\n<\/tr>\n<tr>\n<th class=\"a-color-secondary a-size-base prodDetSectionEntry\"> Materiaali <\/th>\n<td class=\"a-size-base prodDetAttrValue\"> Termoplastinen polyuretaani <\/td>\n<\/tr>\n<tr>\n<th class=\"a-color-secondary a-size-base prodDetSectionEntry\"> Yhteensopivat mallit <\/th>\n<td class=\"a-size-base prodDetAttrValue\"> Kindle 6 tuumaa 2022 ja 2024 <\/td>\n<\/tr>\n<tr>\n<th class=\"a-color-secondary a-size-base prodDetSectionEntry\"> Tuotteen paino <\/th>\n<td class=\"a-size-base prodDetAttrValue\"> 20 G <\/td>\n<\/tr>\n<tr>\n<th class=\"a-color-secondary a-size-base prodDetSectionEntry\"> Tuotteen mitat <\/th>\n<td class=\"a-size-base prodDetAttrValue\"> 12 X 9 x 1,27 cm; 20g <\/td>\n<\/tr>\n<tr>\n<th class=\"a-color-secondary a-size-base prodDetSectionEntry\"> Merkki <\/th>\n<td class=\"a-size-base prodDetAttrValue\"> Mavife <\/td>\n<\/tr>\n<tr>\n<th class=\"a-color-secondary a-size-base prodDetSectionEntry\"> Toimiiko akku vai akku? <\/th>\n<td class=\"a-size-base prodDetAttrValue\"> Ei <\/td>\n<\/tr>\n<\/table><\/div>","protected":false},"excerpt":{"rendered":"<ul>\n<li> Yhteensopivuus: Tarkasti suunniteltu yhteensopivaksi Kindle 11th Generation (2024 ja 2022) 6\" Inchesin kanssa  <\/li>\n<li> Perfect Fit: Eritt\u00e4in tarkka leikkaustekniikka t\u00e4ydelliseen trimmaukseen, joka tarjoaa maksimaalisen suojan t\u00e4ydell\u00e4 reunasta reunaan.  <\/li>\n<li> Heijastumaton: Mattapinta est\u00e4\u00e4 sormenj\u00e4lki\u00e4 ja tahroja, v\u00e4hent\u00e4\u00e4 heijastuksia ja tarjoaa mukavaa luettavaa.  <\/li>\n<li> Premium-materiaali: Valmistettu korkealaatuisesta materiaalista, t\u00e4m\u00e4 suojain ei j\u00e4t\u00e4 j\u00e4\u00e4mi\u00e4, kun se poistetaan.  <\/li>\n<li> T\u00e4ydellinen suoja: Suojaa n\u00e4ytt\u00f6si naarmuilta, p\u00f6lylt\u00e4 ja jokap\u00e4iv\u00e4iselt\u00e4 kulumiselta.  <\/li>\n<\/ul>","protected":false},"featured_media":0,"comment_status":"open","ping_status":"closed","template":"","meta":{"_aipt_faq_data":""},"product_cat":[1897,1898,1896],"product_tag":[],"class_list":{"0":"post-94404","1":"product","2":"type-product","3":"status-publish","5":"product_brand-visite-a-loja-mavife","6":"product_cat-acessorios","7":"product_cat-acessorios-para-tablets","8":"product_cat-computadores-e-informatica","10":"first","11":"instock","12":"sale","13":"shipping-taxable","14":"purchasable","15":"product-type-simple"},"aioseo_notices":[],"_links":{"self":[{"href":"https:\/\/www.ecommerceupdate.com.br\/fi\/wp-json\/wp\/v2\/product\/94404","targetHints":{"allow":["GET"]}}],"collection":[{"href":"https:\/\/www.ecommerceupdate.com.br\/fi\/wp-json\/wp\/v2\/product"}],"about":[{"href":"https:\/\/www.ecommerceupdate.com.br\/fi\/wp-json\/wp\/v2\/types\/product"}],"replies":[{"embeddable":true,"href":"https:\/\/www.ecommerceupdate.com.br\/fi\/wp-json\/wp\/v2\/comments?post=94404"}],"wp:attachment":[{"href":"https:\/\/www.ecommerceupdate.com.br\/fi\/wp-json\/wp\/v2\/media?parent=94404"}],"wp:term":[{"taxonomy":"product_cat","embeddable":true,"href":"https:\/\/www.ecommerceupdate.com.br\/fi\/wp-json\/wp\/v2\/product_cat?post=94404"},{"taxonomy":"product_tag","embeddable":true,"href":"https:\/\/www.ecommerceupdate.com.br\/fi\/wp-json\/wp\/v2\/product_tag?post=94404"}],"curies":[{"name":"wp","href":"https:\/\/api.w.org\/{rel}","templated":true}]}}