{"id":94511,"date":"2026-03-15T16:43:28","date_gmt":"2026-03-15T19:43:28","guid":{"rendered":"https:\/\/www.ecommerceupdate.com.br\/produto\/wordpress-descomplicado-do-basico-ao-e-commerce\/"},"modified":"2026-04-12T14:09:48","modified_gmt":"2026-04-12T17:09:48","slug":"wordpress-descomplicado-do-basico-ao-e-commerce","status":"publish","type":"product","link":"https:\/\/www.ecommerceupdate.com.br\/fi\/produto\/wordpress-descomplicado-do-basico-ao-e-commerce\/","title":{"rendered":"WordPress mutkaton: Perusasioista verkkokauppaan"},"content":{"rendered":"<div class=\"woocommerce-product-details\">\n<h3>Tuotteen yksityiskohdat<\/h3>\n<ul>\n<li>ASIN: B08C35YMMJ<\/li>\n<li>Saavutettavuus: Lis\u00e4tietoja<\/li>\n<li>Julkaisup\u00e4iv\u00e4: 29.6.2020<\/li>\n<li>Painos: 1a<\/li>\n<li>Kieli: Portugali<\/li>\n<li>Tiedoston koko: 21,3 MB<\/li>\n<li>N\u00e4yt\u00f6nlukija: Yhteensopiva<\/li>\n<li>Kirjasinkokoonpano: K\u00e4yt\u00f6ss\u00e4<\/li>\n<li>Sanastovinkit: Ei k\u00e4yt\u00f6ss\u00e4<\/li>\n<li>Sivum\u00e4\u00e4r\u00e4: 50 sivua<\/li>\n<li>Sivun l\u00e4pp\u00e4: K\u00e4yt\u00f6ss\u00e4<\/li>\n<li>Myyjien sijoitukset: nro 237 191 Kindle Storessa (Tapaa 100 parasta Kindle Store -kategoriassa) nro 14 Oracle Databases No 3 115:ss\u00e4 tietojenk\u00e4sittelyss\u00e4, internetiss\u00e4 ja digitaalisessa mediassa<\/li>\n<li>14 Sis\u00e4\u00e4n Oracle Tietokannat<\/li>\n<li>3 115 in Tietojenk\u00e4sittely, Internet ja digitaalinen media<\/li>\n<li>Asiakkaiden arviot: 3,4 3,4\/5 t\u00e4hte\u00e4 (7)<\/li>\n<\/ul><\/div>","protected":false},"excerpt":{"rendered":"<p>WordPress on ilmainen sis\u00e4ll\u00f6nhallintaj\u00e4rjestelm\u00e4 internetille, t\u00e4m\u00e4 on eniten k\u00e4ytetty maailmassa.Sanapressin popularisointi johtuu p\u00e4\u00e4asiassa sen helppok\u00e4ytt\u00f6isyydest\u00e4, monipuolisuudesta ja moninaisista projekteista, joita sen kautta voidaan kehitt\u00e4\u00e4. Useat yritykset ja ihmiset k\u00e4ytt\u00e4v\u00e4t WordPressi\u00e4 kehitt\u00e4\u00e4kseen henkil\u00f6kohtaisia sivujaan, yrityssivujaan, aikakauslehti\u00e4\u00e4n, salkkujaan, hallittuja projektejaan, tapahtuma-aikataulunta ja jopa s\u00e4hk\u00f6isen kaupank\u00e4ynnin tuotteita ja palveluita, koska se pystyy laajentumaan laajennuksilla ja vaihtelevilla teemoilla.T\u00e4ss\u00e4 ty\u00f6ss\u00e4 seurataan vaiheita, miten aloittaa WordPressist\u00e4, alkaen yksinkertaisesta sivukehityksest\u00e4, kurssilla n\u00e4ytet\u00e4\u00e4n, miten r\u00e4\u00e4t\u00e4l\u00f6id\u00e4 ammattimaisemmin ja lopuksi s\u00e4hk\u00f6isen myym\u00e4l\u00e4n kehitys.<\/p>","protected":false},"featured_media":0,"comment_status":"open","ping_status":"closed","template":"","meta":[],"product_cat":[1691,1641,1595],"product_tag":[],"class_list":{"0":"post-94511","1":"product","2":"type-product","3":"status-publish","5":"product_brand-por-luiz-gallerani-autor-formato-ebook-kindle","6":"product_cat-base-de-dados","7":"product_cat-computacao-informatica-e-midias-digitais","8":"product_cat-livros","10":"first","11":"instock","12":"shipping-taxable","13":"purchasable","14":"product-type-simple"},"aioseo_notices":[],"_links":{"self":[{"href":"https:\/\/www.ecommerceupdate.com.br\/fi\/wp-json\/wp\/v2\/product\/94511","targetHints":{"allow":["GET"]}}],"collection":[{"href":"https:\/\/www.ecommerceupdate.com.br\/fi\/wp-json\/wp\/v2\/product"}],"about":[{"href":"https:\/\/www.ecommerceupdate.com.br\/fi\/wp-json\/wp\/v2\/types\/product"}],"replies":[{"embeddable":true,"href":"https:\/\/www.ecommerceupdate.com.br\/fi\/wp-json\/wp\/v2\/comments?post=94511"}],"wp:attachment":[{"href":"https:\/\/www.ecommerceupdate.com.br\/fi\/wp-json\/wp\/v2\/media?parent=94511"}],"wp:term":[{"taxonomy":"product_cat","embeddable":true,"href":"https:\/\/www.ecommerceupdate.com.br\/fi\/wp-json\/wp\/v2\/product_cat?post=94511"},{"taxonomy":"product_tag","embeddable":true,"href":"https:\/\/www.ecommerceupdate.com.br\/fi\/wp-json\/wp\/v2\/product_tag?post=94511"}],"curies":[{"name":"wp","href":"https:\/\/api.w.org\/{rel}","templated":true}]}}