{"id":91654,"date":"2026-02-07T11:58:45","date_gmt":"2026-02-07T14:58:45","guid":{"rendered":"https:\/\/www.ecommerceupdate.org\/produto\/steve-jobs\/"},"modified":"2026-03-13T15:23:10","modified_gmt":"2026-03-13T18:23:10","slug":"steve-jobs","status":"publish","type":"product","link":"https:\/\/www.ecommerceupdate.com.br\/fr\/produto\/steve-jobs\/","title":{"rendered":"Steve Jobs"},"content":{"rendered":"<div class=\"woocommerce-product-details\">\n<div id=\"aplus_feature_div\" class=\"celwidget\" data-feature-name=\"aplus\" data-csa-c-type=\"widget\" data-csa-c-content-id=\"aplus\" data-csa-c-slot-id=\"aplus_feature_div\" data-csa-c-asin=\"\" data-csa-c-is-in-initial-active-row=\"false\">\n<div id=\"aplus\" class=\"a-section a-spacing-large bucket\">\n<h3 class=\"\">De l'\u00e9diteur<\/h3>\n<div lang=\"pt_BR\">\n<div class=\"aplus-v2 desktop celwidget\">\n<div class=\"celwidget aplus-module module-12 aplus-standard\">\n<div class=\"aplus-module-wrapper apm-spacing apm-floatnone apm-fixed-width\">\n<div class=\"apm-sidemodule aplus-module-content\">\n<div class=\"apm-hero-image\"> <img decoding=\"async\" alt=\"steve emplois\" src=\"https:\/\/m.media-amazon.com\/images\/S\/aplus-media-library-service-media\/efed023c-6914-4994-aaea-5774ccd240c8.__CR0,0,970,300_PT0_SX970_V1___.jpg\" \/> <\/div>\n<\/p>\n<\/div>\n<\/div>\n<\/div>\n<div class=\"celwidget aplus-module 3p-module-b aplus-standard\">\n<div class=\"aplus-module-wrapper aplus-3p-fixed-width\"> <img decoding=\"async\" alt=\"steve emplois\" src=\"https:\/\/m.media-amazon.com\/images\/S\/aplus-media-library-service-media\/5343247a-b760-41e3-9818-0148cb61ec65.__CR0,0,970,600_PT0_SX970_V1___.jpg\" \/> <\/div>\n<\/p>\n<\/div>\n<div class=\"celwidget aplus-module 3p-module-b aplus-standard\">\n<div class=\"aplus-module-wrapper aplus-3p-fixed-width\"> <img decoding=\"async\" alt=\"steve emplois\" src=\"https:\/\/m.media-amazon.com\/images\/S\/aplus-media-library-service-media\/6fc2404e-f3f2-43f3-950a-6553cc80506f.__CR0,0,970,600_PT0_SX970_V1___.jpg\" \/> <\/div>\n<\/p>\n<\/div>\n<div class=\"celwidget aplus-module module-12 aplus-standard\">\n<div class=\"aplus-module-wrapper apm-spacing apm-floatnone apm-fixed-width\">\n<div class=\"apm-sidemodule aplus-module-content\">\n<div class=\"apm-hero-image\"> <img decoding=\"async\" alt=\"steve emplois\" src=\"https:\/\/m.media-amazon.com\/images\/S\/aplus-media-library-service-media\/b4e5cb13-62fe-4d29-96f7-68f8c0bb82c9.__CR0,0,970,300_PT0_SX970_V1___.jpg\" \/> <\/div>\n<\/p>\n<\/div>\n<\/div>\n<\/div>\n<div class=\"celwidget aplus-module module-5 aplus-standard\">\n<div class=\"aplus-module-wrapper apm-fixed-width\">\n<div class=\"apm-spacing aplus-module-content\">\n<div class=\"apm-tablemodule\">\n<table class=\"apm-tablemodule-table\" cellspacing=\"0\" cellpadding=\"0\">\n<tbody>\n<tr class=\"apm-tablemodule-imagerows\">\n<td class=\"apm-tablemodule-blankkeyhead\" \/>\n<th> <a href='\/fr\/dp\/B075CN35WH\/?ref=emc_s_m_5_i_atc'> <\/p>\n<div class=\"apm-tablemodule-image\"> <img decoding=\"async\" alt=\"\" src=\"https:\/\/m.media-amazon.com\/images\/S\/aplus-media-library-service-media\/bf653dba-9860-47a6-a7ef-8757b14b1b36.__CR0,0,150,300_PT0_SX150_V1___.jpg\" width=\"148.0px\" \/> <\/div>\n<div> L\u00e9onard de Vinci <\/div>\n<p> <\/a> <\/th>\n<th> <a href='\/fr\/dp\/B08R7ZHTLM\/?ref=emc_s_m_5_i_atc'> <\/p>\n<div class=\"apm-tablemodule-image\"> <img decoding=\"async\" alt=\"\" src=\"https:\/\/m.media-amazon.com\/images\/S\/aplus-media-library-service-media\/cd62543f-694a-4708-a394-d6454a78be32.__CR0,0,150,300_PT0_SX150_V1___.jpg\" width=\"148.0px\" \/> <\/div>\n<div> Les innovateurs <\/div>\n<p> <\/a> <\/th>\n<th> <a href='\/fr\/dp\/B08X192R3Y\/?ref=emc_s_m_5_i_atc'> <\/p>\n<div class=\"apm-tablemodule-image\"> <img decoding=\"async\" alt=\"\" src=\"https:\/\/m.media-amazon.com\/images\/S\/aplus-media-library-service-media\/87d4f507-fb8f-4774-aeb7-f4e4cfcc39f0.__CR0,0,150,300_PT0_SX150_V1___.jpg\" width=\"148.0px\" \/> <\/div>\n<div> Le d\u00e9codeur <\/div>\n<p> <\/a> <\/th>\n<th> <a href='\/fr\/dp\/B08L9PMZPX\/?ref=emc_s_m_5_i_atc'> <\/p>\n<div class=\"apm-tablemodule-image\"> <img decoding=\"async\" alt=\"\" src=\"https:\/\/m.media-amazon.com\/images\/S\/aplus-media-library-service-media\/750ff88f-62e1-485d-b01f-b47404b2a134.__CR0,0,150,300_PT0_SX150_V1___.jpg\" width=\"148.0px\" \/> <\/div>\n<div> Celui d'Alexandre Hamilton <\/div>\n<p> <\/a> <\/th>\n<th> <a href='\/fr\/dp\/B01555GJKE\/?ref=emc_s_m_5_i_atc'> <\/p>\n<div class=\"apm-tablemodule-image\"> <img decoding=\"async\" alt=\"\" src=\"https:\/\/m.media-amazon.com\/images\/S\/aplus-media-library-service-media\/9a203d85-5049-4446-9126-60e551d7a606.__CR0,0,150,300_PT0_SX150_V1___.jpg\" width=\"148.0px\" \/> <\/div>\n<div> Elon Musk : Comment le PDG milliardaire de SpaceX et Tesla fa\u00e7onne notre avenir <\/div>\n<p> <\/a> <\/th>\n<\/tr>\n<tr class=\"apm-tablemodule-atc\">\n<td class=\"apm-tablemodule-blankkeyhead\" \/>\n<td>\n<div class=\"add-to-cart\"> <span class=\"a-button a-button-base\"><span class=\"a-button-inner\"><a href=\"\/fr\/dp\/B075CN35WH\/?ref=emc_s_m_5_i_atc\" class=\"a-button-text\"> Options d'achat <\/a><\/span><\/span> <\/div>\n<\/td>\n<td>\n<div class=\"add-to-cart\"> <span class=\"a-button a-button-base\"><span class=\"a-button-inner\"><a href=\"\/fr\/dp\/B08R7ZHTLM\/?ref=emc_s_m_5_i_atc\" class=\"a-button-text\"> Options d'achat <\/a><\/span><\/span> <\/div>\n<\/td>\n<td>\n<div class=\"add-to-cart\"> <span class=\"a-button a-button-base\"><span class=\"a-button-inner\"><a href=\"\/fr\/dp\/B08X192R3Y\/?ref=emc_s_m_5_i_atc\" class=\"a-button-text\"> Options d'achat <\/a><\/span><\/span> <\/div>\n<\/td>\n<td>\n<div class=\"add-to-cart\"> <span class=\"a-button a-button-base\"><span class=\"a-button-inner\"><a href=\"\/fr\/dp\/B08L9PMZPX\/?ref=emc_s_m_5_i_atc\" class=\"a-button-text\"> Options d'achat <\/a><\/span><\/span> <\/div>\n<\/td>\n<td>\n<div class=\"add-to-cart\"> <span class=\"a-button a-button-base\"><span class=\"a-button-inner\"><a href=\"\/fr\/dp\/B01555GJKE\/?ref=emc_s_m_5_i_atc\" class=\"a-button-text\"> Options d'achat <\/a><\/span><\/span> <\/div>\n<\/td>\n<\/tr>\n<tr class=\"apm-tablemodule-keyvalue\">\n<th class=\"apm-tablemodule-keyhead\"> <span class=\"a-color-secondary\"> Avis clients <\/span> <\/th>\n<td class=\"apm-tablemodule-valuecell apm-checked\" style=\"width:191px\">\n<div class=\"\">\n<div class=\"a-size-base\"> <i class=\"a-icon a-icon-star-small a-star-small-5 a-spacing-none\"><span class=\"a-icon-alt\">4,8 \u00e9toiles sur 5<\/span><\/i> <span class=\"a-size-mini a-color-base\">4.513<\/span> <\/div>\n<\/p>\n<\/div>\n<\/td>\n<td class=\"apm-tablemodule-valuecell apm-checked\" style=\"width:191px\">\n<div class=\"\">\n<div class=\"a-size-base\"> <i class=\"a-icon a-icon-star-small a-star-small-4-5 a-spacing-none\"><span class=\"a-icon-alt\">4,7 \u00e9toiles sur 5<\/span><\/i> <span class=\"a-size-mini a-color-base\">238<\/span> <\/div>\n<\/p>\n<\/div>\n<\/td>\n<td class=\"apm-tablemodule-valuecell apm-checked\" style=\"width:191px\">\n<div class=\"\">\n<div class=\"a-size-base\"> <i class=\"a-icon a-icon-star-small a-star-small-5 a-spacing-none\"><span class=\"a-icon-alt\">4,8 \u00e9toiles sur 5<\/span><\/i> <span class=\"a-size-mini a-color-base\">880<\/span> <\/div>\n<\/p>\n<\/div>\n<\/td>\n<td class=\"apm-tablemodule-valuecell apm-checked\" style=\"width:191px\">\n<div class=\"\">\n<div class=\"a-size-base\"> <i class=\"a-icon a-icon-star-small a-star-small-5 a-spacing-none\"><span class=\"a-icon-alt\">4,8 \u00e9toiles sur 5<\/span><\/i> <span class=\"a-size-mini a-color-base\">478<\/span> <\/div>\n<\/p>\n<\/div>\n<\/td>\n<td class=\"apm-tablemodule-valuecell apm-checked\" style=\"width:191px\">\n<div class=\"\">\n<div class=\"a-size-base\"> <i class=\"a-icon a-icon-star-small a-star-small-4-5 a-spacing-none\"><span class=\"a-icon-alt\">4,7 \u00e9toiles sur 5<\/span><\/i> <span class=\"a-size-mini a-color-base\">5.138<\/span> <\/div>\n<\/p>\n<\/div>\n<\/td>\n<\/tr>\n<tr class=\"apm-tablemodule-keyvalue\">\n<th class=\"apm-tablemodule-keyhead\"> <span class=\"a-color-secondary\"> Prix <\/span> <\/th>\n<td class=\"apm-tablemodule-valuecell apm-checked\" style=\"width:191px\"> <span class=\"a-price\" data-a-size=\"medium_plus\" data-a-color=\"base\"><span class=\"a-offscreen\">R$ 65.10<\/span><span aria-hidden=\"true\"><span class=\"a-price-symbol\">R$<\/span><span class=\"a-price-whole\">65<span class=\"a-price-decimal\">,<\/span><\/span><span class=\"a-price-fraction\">10<\/span><\/span><\/span> <\/td>\n<td class=\"apm-tablemodule-valuecell apm-checked\" style=\"width:191px\"> <span class=\"a-price\" data-a-size=\"medium_plus\" data-a-color=\"base\"><span class=\"a-offscreen\">R$92.61<\/span><span aria-hidden=\"true\"><span class=\"a-price-symbol\">R$<\/span><span class=\"a-price-whole\">92<span class=\"a-price-decimal\">,<\/span><\/span><span class=\"a-price-fraction\">61<\/span><\/span><\/span> <\/td>\n<td class=\"apm-tablemodule-valuecell apm-checked\" style=\"width:191px\"> <span class=\"a-price\" data-a-size=\"medium_plus\" data-a-color=\"base\"><span class=\"a-offscreen\">R$49.41<\/span><span aria-hidden=\"true\"><span class=\"a-price-symbol\">R$<\/span><span class=\"a-price-whole\">49<span class=\"a-price-decimal\">,<\/span><\/span><span class=\"a-price-fraction\">41<\/span><\/span><\/span> <\/td>\n<td class=\"apm-tablemodule-valuecell apm-checked\" style=\"width:191px\"> <span class=\"a-price\" data-a-size=\"medium_plus\" data-a-color=\"base\"><span class=\"a-offscreen\">R$ 74.61<\/span><span aria-hidden=\"true\"><span class=\"a-price-symbol\">R$<\/span><span class=\"a-price-whole\">74<span class=\"a-price-decimal\">,<\/span><\/span><span class=\"a-price-fraction\">61<\/span><\/span><\/span> <\/td>\n<td class=\"apm-tablemodule-valuecell apm-checked\" style=\"width:191px\"> <span class=\"a-price\" data-a-size=\"medium_plus\" data-a-color=\"base\"><span class=\"a-offscreen\">R$49.41<\/span><span aria-hidden=\"true\"><span class=\"a-price-symbol\">R$<\/span><span class=\"a-price-whole\">49<span class=\"a-price-decimal\">,<\/span><\/span><span class=\"a-price-fraction\">41<\/span><\/span><\/span> <\/td>\n<\/tr>\n<tr class=\"apm-tablemodule-keyvalue\">\n<th class=\"apm-tablemodule-keyhead\"> <span class=\"a-color-secondary\"> Conna\u00eetre d'autres titres similaires <\/span> <\/th>\n<td class=\"apm-tablemodule-valuecell\" style=\"width:191px\"> <span class=\"a-size-base\"> Intrins\u00e8que <\/span> <\/td>\n<td class=\"apm-tablemodule-valuecell\" style=\"width:191px\"> <span class=\"a-size-base\"> Intrins\u00e8que <\/span> <\/td>\n<td class=\"apm-tablemodule-valuecell\" style=\"width:191px\"> <span class=\"a-size-base\"> Intrins\u00e8que <\/span> <\/td>\n<td class=\"apm-tablemodule-valuecell\" style=\"width:191px\"> <span class=\"a-size-base\"> Intrins\u00e8que <\/span> <\/td>\n<td class=\"apm-tablemodule-valuecell\" style=\"width:191px\"> <span class=\"a-size-base\"> Intrins\u00e8que <\/span> <\/td>\n<\/tr>\n<\/tbody>\n<\/table>\n<\/div>\n<\/div>\n<\/div>\n<\/div>\n<\/div>\n<\/div>\n<\/div>\n<\/div>\n<h3>D\u00e9tails du produit<\/h3>\n<ul>\n<li>ASIN : B0BL5T4JJ7<\/li>\n<li>Editeur : Intrins\u00e8que<\/li>\n<li>Accessibilit\u00e9 : En savoir plus<\/li>\n<li>Date de publication : 2 d\u00e9cembre 2022<\/li>\n<li>Langue : Portugais<\/li>\n<li>Taille du fichier : 19,2 Mo<\/li>\n<li>Lecteur d'\u00e9cran : Compatible<\/li>\n<li>Configuration de la police : Activ\u00e9e<\/li>\n<li>Conseils de vocabulaire : Non activ\u00e9<\/li>\n<li>Nombre de pages : 806 pages<\/li>\n<li>ISBN-13:978-6555603330<\/li>\n<li>Feuillet de page : activ\u00e9<\/li>\n<li>\u00c2ge de lecture : 16 ans et plus<\/li>\n<li>Classement des meilleurs vendeurs : n\u00b0 16 041 dans Kindle Store (reprenez le top 100 dans la cat\u00e9gorie Kindle Store) n\u00b0 10 dans Biographies of Scientists n\u00b0 268 dans Biographies et autobiographies<\/li>\n<li>10 Dans Biographies de scientifiques<\/li>\n<li>268 Dans Biographies et autobiographies<\/li>\n<li>Avis des clients : 4,8 4,8 \u00e9toiles sur 5 (616)<\/li>\n<\/ul><\/div>","protected":false},"excerpt":{"rendered":"<p>Biographie du brillant et controvers\u00e9 cofondateur d'Apple, par l'auteur branch\u00e9 de L\u00e9onard de Vinci, est relanc\u00e9 en nouvelle \u00e9ditionSur la base de plus de quarante interviews men\u00e9es avec Steve Jobs pendant deux ans &amp; plusieurs autres r\u00e9alis\u00e9es avec plus d'une centaine de famille, amis, adversaires, concurrents et coll\u00e8gues de travail (en), Walter Isaacson pr\u00e9sente dans cette biographie la trajectoire fascinante d'une ic\u00f4ne Intense, de forte personnalit\u00e9 et passionn\u00e9e \u00e0 propos, Jobs a v\u00e9cu haut et bas et a r\u00e9volutionn\u00e9 le caract\u00e8re des ordinateurs personnels, les films d'animation, la musique, le t\u00e9l\u00e9phone portable, l'informatique interdite de la personnalit\u00e9 et les m\u00e9dias num\u00e9riques. <\/p>","protected":false},"featured_media":91654,"comment_status":"open","ping_status":"closed","template":"","meta":[],"product_cat":[1625,1608,1607],"product_tag":[],"class_list":{"0":"post-91654","1":"product","2":"type-product","3":"status-publish","4":"has-post-thumbnail","6":"product_brand-por-walter-isaacson-autor-rogerio-w-galindo-tradutor-formato-ebook-kindle","7":"product_cat-biografias-e-historias-reais","8":"product_cat-ebooks-kindle","9":"product_cat-loja-kindle","11":"first","12":"instock","13":"sale","14":"shipping-taxable","15":"purchasable","16":"product-type-simple"},"aioseo_notices":[],"_links":{"self":[{"href":"https:\/\/www.ecommerceupdate.com.br\/fr\/wp-json\/wp\/v2\/product\/91654","targetHints":{"allow":["GET"]}}],"collection":[{"href":"https:\/\/www.ecommerceupdate.com.br\/fr\/wp-json\/wp\/v2\/product"}],"about":[{"href":"https:\/\/www.ecommerceupdate.com.br\/fr\/wp-json\/wp\/v2\/types\/product"}],"replies":[{"embeddable":true,"href":"https:\/\/www.ecommerceupdate.com.br\/fr\/wp-json\/wp\/v2\/comments?post=91654"}],"wp:featuredmedia":[{"embeddable":true,"href":"https:\/\/www.ecommerceupdate.com.br\/fr\/wp-json\/wp\/v2\/product\/91654"}],"wp:attachment":[{"href":"https:\/\/www.ecommerceupdate.com.br\/fr\/wp-json\/wp\/v2\/media?parent=91654"}],"wp:term":[{"taxonomy":"product_cat","embeddable":true,"href":"https:\/\/www.ecommerceupdate.com.br\/fr\/wp-json\/wp\/v2\/product_cat?post=91654"},{"taxonomy":"product_tag","embeddable":true,"href":"https:\/\/www.ecommerceupdate.com.br\/fr\/wp-json\/wp\/v2\/product_tag?post=91654"}],"curies":[{"name":"wp","href":"https:\/\/api.w.org\/{rel}","templated":true}]}}