{"id":91673,"date":"2026-02-07T15:26:36","date_gmt":"2026-02-07T18:26:36","guid":{"rendered":"https:\/\/www.ecommerceupdate.org\/produto\/planejamento-de-marketing-digital-como-posicionar-sua-empresa-em-midias-sociais-blogs-aplicativos-moveis-e-site\/"},"modified":"2026-03-13T15:24:41","modified_gmt":"2026-03-13T18:24:41","slug":"planejamento-de-marketing-digital-como-posicionar-sua-empresa-em-midias-sociais-blogs-aplicativos-moveis-e-site","status":"publish","type":"product","link":"https:\/\/www.ecommerceupdate.com.br\/fr\/produto\/planejamento-de-marketing-digital-como-posicionar-sua-empresa-em-midias-sociais-blogs-aplicativos-moveis-e-site\/","title":{"rendered":"Planification du marketing num\u00e9rique : comment positionner votre entreprise sur les r\u00e9seaux sociaux, les blogs, les applications mobiles et le site Web"},"content":{"rendered":"<div class=\"woocommerce-product-details\">\n<h3>D\u00e9tails du produit<\/h3>\n<ul>\n<li>ASIN : B00ZQ06OS6<\/li>\n<li>\u00c9diteur : BRASPORT<\/li>\n<li>Accessibilit\u00e9 : En savoir plus<\/li>\n<li>Date de publication : 12 mars 2015<\/li>\n<li>\u00c9dition : 1a<\/li>\n<li>Langue : Portugais<\/li>\n<li>Taille du fichier : 13,7 Mo<\/li>\n<li>Lecteur d'\u00e9cran : Compatible<\/li>\n<li>Configuration de la police : Activ\u00e9e<\/li>\n<li>Conseils de vocabulaire : Non activ\u00e9<\/li>\n<li>Nombre de pages : 307 pages<\/li>\n<li>ISBN-13:978-8574527260<\/li>\n<li>Feuillet de page : activ\u00e9<\/li>\n<li>Classement des meilleurs vendeurs : n\u00b0 439 817 dans le magasin Kindle (repondez au top 100 dans la cat\u00e9gorie magasin Kindle) n\u00b0 476 dans le marketing Web n\u00b0 1 397 dans le marketing n\u00b0 15 917 dans les affaires et l'\u00e9conomie<\/li>\n<li>476 Dans le marketing Web<\/li>\n<li>1 397 en marketing<\/li>\n<li>15 917 en commerce et \u00e9conomie<\/li>\n<li>Avis des clients : 3,8 3,8 \u00e9toiles sur 5 (30)<\/li>\n<\/ul><\/div>","protected":false},"excerpt":{"rendered":"<p>Au d\u00e9but des ann\u00e9es 2000, les entreprises se demandaient si elles devaient ou non avoir un site web Aujourd'hui, ne pas maintenir une page virtuelle est incogitable Ce m\u00eame processus se r\u00e9p\u00e8te avec les r\u00e9seaux sociaux A l'\u00e8re num\u00e9rique, le r\u00f4le marketing des grands r\u00e9seaux tombe sur de graves d\u00e9fauts de planification, et les professionnels finissent par faire des options avec peu ou pas de crit\u00e8res A cause de cela, ils laissent passer ce que les gens commentent sur leurs marques par internet et n'investissent dans aucune forme de contr\u00f4le r\u00e9ellement efficace sur le r\u00e9sultat de leurs initiatives Jusqu'\u00e0 pr\u00e9sent, on estime que 921TP3 T des organisations qui produisent du contenu sont celles qui utilisent les outils \u00e0 utiliser par les entreprises.<\/p>","protected":false},"featured_media":91673,"comment_status":"open","ping_status":"closed","template":"","meta":[],"product_cat":[1611,1595,1618],"product_tag":[],"class_list":{"0":"post-91673","1":"product","2":"type-product","3":"status-publish","4":"has-post-thumbnail","6":"product_brand-por-andr-lima-cardoso-autor-daniel-salvador-autor-roberto-simoniades-autor-0-mais-formato-ebook-kindle","7":"product_cat-administracao-negocios-e-economia","8":"product_cat-livros","9":"product_cat-marketing-e-vendas","11":"first","12":"instock","13":"shipping-taxable","14":"purchasable","15":"product-type-simple"},"aioseo_notices":[],"_links":{"self":[{"href":"https:\/\/www.ecommerceupdate.com.br\/fr\/wp-json\/wp\/v2\/product\/91673","targetHints":{"allow":["GET"]}}],"collection":[{"href":"https:\/\/www.ecommerceupdate.com.br\/fr\/wp-json\/wp\/v2\/product"}],"about":[{"href":"https:\/\/www.ecommerceupdate.com.br\/fr\/wp-json\/wp\/v2\/types\/product"}],"replies":[{"embeddable":true,"href":"https:\/\/www.ecommerceupdate.com.br\/fr\/wp-json\/wp\/v2\/comments?post=91673"}],"wp:featuredmedia":[{"embeddable":true,"href":"https:\/\/www.ecommerceupdate.com.br\/fr\/wp-json\/wp\/v2\/product\/91673"}],"wp:attachment":[{"href":"https:\/\/www.ecommerceupdate.com.br\/fr\/wp-json\/wp\/v2\/media?parent=91673"}],"wp:term":[{"taxonomy":"product_cat","embeddable":true,"href":"https:\/\/www.ecommerceupdate.com.br\/fr\/wp-json\/wp\/v2\/product_cat?post=91673"},{"taxonomy":"product_tag","embeddable":true,"href":"https:\/\/www.ecommerceupdate.com.br\/fr\/wp-json\/wp\/v2\/product_tag?post=91673"}],"curies":[{"name":"wp","href":"https:\/\/api.w.org\/{rel}","templated":true}]}}