{"id":93544,"date":"2026-03-04T20:15:41","date_gmt":"2026-03-04T23:15:41","guid":{"rendered":"https:\/\/www.ecommerceupdate.com.br\/produto\/ultimate-guide-to-e-commerce-growth-7-unexpected-kpis-to-scale-an-e-commerce-shop-to-10-million-plus-english-edition\/"},"modified":"2026-03-13T15:33:43","modified_gmt":"2026-03-13T18:33:43","slug":"ultimate-guide-to-e-commerce-growth-7-unexpected-kpis-to-scale-an-e-commerce-shop-to-10-million-plus-english-edition","status":"publish","type":"product","link":"https:\/\/www.ecommerceupdate.com.br\/fr\/produto\/ultimate-guide-to-e-commerce-growth-7-unexpected-kpis-to-scale-an-e-commerce-shop-to-10-million-plus-english-edition\/","title":{"rendered":"Guide ultime de la croissance du commerce \u00e9lectronique : 7 KPI inattendus pour adapter une boutique de commerce \u00e9lectronique \u00e0 $10 Million Plus (\u00e9dition anglaise)"},"content":{"rendered":"<div class=\"woocommerce-product-details\"><\/div>","protected":false},"excerpt":{"rendered":"<p>Un compte rendu coup par coup de la croissance de certains des plus grands sites de commerce \u00e9lectronique au Royaume-Uni Dix ans en devenir, apprenez les raccourcis vers une croissance rapide du commerce \u00e9lectronique Ce livre vous positionnera pour stimuler plus de croissance \u00e0 partir du m\u00eame investissement et en deux fois moins de temps D\u00e9couvrez la simple feuille de route pour d\u00e9velopper une grande boutique de commerce \u00e9lectronique r\u00e9ussie \u00c9crit par Ian Hammersley &amp; Mark Hammersley, deux fr\u00e8res dont la fronti\u00e8re.<\/p>","protected":false},"featured_media":93544,"comment_status":"open","ping_status":"closed","template":"","meta":[],"product_cat":[1608,1628,1607],"product_tag":[],"class_list":{"0":"post-93544","1":"product","2":"type-product","3":"status-publish","4":"has-post-thumbnail","6":"product_brand-edicao-ingls-por-mark-hammersley-autor-ian-hammersley-autor-formato-ebook-kindle","7":"product_cat-ebooks-kindle","8":"product_cat-ingles-e-outras-linguas","9":"product_cat-loja-kindle","11":"first","12":"instock","13":"shipping-taxable","14":"purchasable","15":"product-type-simple"},"aioseo_notices":[],"_links":{"self":[{"href":"https:\/\/www.ecommerceupdate.com.br\/fr\/wp-json\/wp\/v2\/product\/93544","targetHints":{"allow":["GET"]}}],"collection":[{"href":"https:\/\/www.ecommerceupdate.com.br\/fr\/wp-json\/wp\/v2\/product"}],"about":[{"href":"https:\/\/www.ecommerceupdate.com.br\/fr\/wp-json\/wp\/v2\/types\/product"}],"replies":[{"embeddable":true,"href":"https:\/\/www.ecommerceupdate.com.br\/fr\/wp-json\/wp\/v2\/comments?post=93544"}],"wp:featuredmedia":[{"embeddable":true,"href":"https:\/\/www.ecommerceupdate.com.br\/fr\/wp-json\/wp\/v2\/product\/93544"}],"wp:attachment":[{"href":"https:\/\/www.ecommerceupdate.com.br\/fr\/wp-json\/wp\/v2\/media?parent=93544"}],"wp:term":[{"taxonomy":"product_cat","embeddable":true,"href":"https:\/\/www.ecommerceupdate.com.br\/fr\/wp-json\/wp\/v2\/product_cat?post=93544"},{"taxonomy":"product_tag","embeddable":true,"href":"https:\/\/www.ecommerceupdate.com.br\/fr\/wp-json\/wp\/v2\/product_tag?post=93544"}],"curies":[{"name":"wp","href":"https:\/\/api.w.org\/{rel}","templated":true}]}}