{"id":93562,"date":"2026-03-04T20:18:44","date_gmt":"2026-03-04T23:18:44","guid":{"rendered":"https:\/\/www.ecommerceupdate.com.br\/produto\/claude-code-for-e-commerce-build-automate-and-scale-sales-in-a-week-english-edition\/"},"modified":"2026-03-13T15:36:29","modified_gmt":"2026-03-13T18:36:29","slug":"claude-code-for-e-commerce-build-automate-and-scale-sales-in-a-week-english-edition","status":"publish","type":"product","link":"https:\/\/www.ecommerceupdate.com.br\/fr\/produto\/claude-code-for-e-commerce-build-automate-and-scale-sales-in-a-week-english-edition\/","title":{"rendered":"Code Claude pour le commerce \u00e9lectronique : cr\u00e9ez, automatisez et mettez \u00e0 l'\u00e9chelle les ventes en une semaine (\u00e9dition anglaise)"},"content":{"rendered":"<div class=\"woocommerce-product-details\">\n<h3>D\u00e9tails du produit<\/h3>\n<ul>\n<li>ASIN : B0GQNK4BY6<\/li>\n<li>Accessibilit\u00e9 : En savoir plus<\/li>\n<li>Date de publication : 28 f\u00e9vrier 2026<\/li>\n<li>Langue : Anglais<\/li>\n<li>Taille du fichier : 434 Ko<\/li>\n<li>Lecteur d'\u00e9cran : Compatible<\/li>\n<li>Configuration de la police : Activ\u00e9e<\/li>\n<li>Rayon X : Non activ\u00e9<\/li>\n<li>Conseils de vocabulaire : Activ\u00e9<\/li>\n<li>Nombre de pages : 318 pages<\/li>\n<li>Feuillet de page : activ\u00e9<\/li>\n<li>Classement des meilleurs vendeurs : n\u00b0 69 415 dans Kindle Store (repondez au top 100 dans la cat\u00e9gorie Kindle Store) n\u00b0 21 dans le marketing Web import\u00e9 n\u00b0 43 dans les ouvrages de r\u00e9f\u00e9rence sur les comp\u00e9tences de bureau n\u00b0 72 dans les ventes et vendeurs import\u00e9s<\/li>\n<li>21 Dans le marketing Web import\u00e9<\/li>\n<li>43 Dans les livres de r\u00e9f\u00e9rence sur les comp\u00e9tences de bureau<\/li>\n<li>72 En Import\u00e9 sur les ventes et les vendeurs<\/li>\n<\/ul><\/div>","protected":false},"excerpt":{"rendered":"<p>Construisez votre boutique de commerce \u00e9lectronique en une semaine en utilisant l'IA sans exp\u00e9rience de codage requise. La plupart des propri\u00e9taires passent des mois pi\u00e9g\u00e9s dans l'enfer du d\u00e9veloppement, br\u00fblant des milliers de personnes sur des d\u00e9veloppeurs qui \u00e9chouent au milieu du projet ou sur des plateformes qui les bloquent dans des frais mensuels. Ce livre, (\u00e0 votre mani\u00e8re : en utilisant Claude Code, outil d'IA qui fonctionne avec du code pr\u00eat pour la production \u00e0 partir de l'anglais, et enfin, les r\u00e9sultats indiquent que vous \u00eates arriv\u00e9 au niveau du programme, en utilisant Claude Code, un outil d'IA qui dit du code pr\u00eat pour la production \u00e0 partir de simples instructions en anglais.<br \/>io Cr\u00e9ez des pages de produits, des paniers d'achat et des flux de paiement \u00e0 l'aide de Next.js et Supabase<br \/>^Int\u00e9gratez les paiements Stripe, les s\u00e9quences de messagerie automatis\u00e9es et les flux de travail de traitement<br \/>Cr\u00e9ez des recommandations de produits bas\u00e9es sur l'IA qui augmentent la valeur moyenne des commandes de 20 \u00e0 30%<br \/>Impl\u00e9mentez la recherche Algolia et l'optimisation du r\u00e9f\u00e9rencement pour une d\u00e9couvrabilit\u00e9 maximale<br \/>^build admin tableaux de bord pour g\u00e9rer les stocks, les commandes, et les donn\u00e9es des clients<br \/>2. Employeurs d'agents d'IA pour le service client, la r\u00e9organisation des stocks et la tarificationLa pile technologique de commerce \u00e9lectronique moderne : apprenez \u00e0 utiliser Next.js, Supabase, Stripe et Vercel sur la m\u00eame participation en alimentant les magasins \u00e0 un million de dollars.Claude Code g\u00e8re la complexit\u00e9 technique pendant que vous se concentrez sur les d\u00e9cisions commerciales. L'automatisation qui met \u00e0 l'\u00e9chelle votre entreprise : cr\u00e9ez de l'IA g\u00e8re les demandes de renseignements en utilisant la commande en direct.<\/p>","protected":false},"featured_media":93562,"comment_status":"open","ping_status":"closed","template":"","meta":[],"product_cat":[1608,1628,1607],"product_tag":[],"class_list":{"0":"post-93562","1":"product","2":"type-product","3":"status-publish","4":"has-post-thumbnail","6":"product_brand-edicao-ingls-por-chris-sullivan-autor-formato-ebook-kindle","7":"product_cat-ebooks-kindle","8":"product_cat-ingles-e-outras-linguas","9":"product_cat-loja-kindle","11":"first","12":"instock","13":"shipping-taxable","14":"purchasable","15":"product-type-simple"},"aioseo_notices":[],"_links":{"self":[{"href":"https:\/\/www.ecommerceupdate.com.br\/fr\/wp-json\/wp\/v2\/product\/93562","targetHints":{"allow":["GET"]}}],"collection":[{"href":"https:\/\/www.ecommerceupdate.com.br\/fr\/wp-json\/wp\/v2\/product"}],"about":[{"href":"https:\/\/www.ecommerceupdate.com.br\/fr\/wp-json\/wp\/v2\/types\/product"}],"replies":[{"embeddable":true,"href":"https:\/\/www.ecommerceupdate.com.br\/fr\/wp-json\/wp\/v2\/comments?post=93562"}],"wp:featuredmedia":[{"embeddable":true,"href":"https:\/\/www.ecommerceupdate.com.br\/fr\/wp-json\/wp\/v2\/product\/93562"}],"wp:attachment":[{"href":"https:\/\/www.ecommerceupdate.com.br\/fr\/wp-json\/wp\/v2\/media?parent=93562"}],"wp:term":[{"taxonomy":"product_cat","embeddable":true,"href":"https:\/\/www.ecommerceupdate.com.br\/fr\/wp-json\/wp\/v2\/product_cat?post=93562"},{"taxonomy":"product_tag","embeddable":true,"href":"https:\/\/www.ecommerceupdate.com.br\/fr\/wp-json\/wp\/v2\/product_tag?post=93562"}],"curies":[{"name":"wp","href":"https:\/\/api.w.org\/{rel}","templated":true}]}}