{"id":93680,"date":"2026-03-05T14:09:00","date_gmt":"2026-03-05T17:09:00","guid":{"rendered":"https:\/\/www.ecommerceupdate.com.br\/produto\/crie-seu-mercado-no-mundo-digital-aprenda-a-viver-de-e-commerce-com-a-estrategia-que-levou-inumeros-negocios-on-line-a-sair-do-zero-e-ultrapassar-os-r-100-mil-em-vendas-por-mes\/"},"modified":"2026-05-13T10:32:46","modified_gmt":"2026-05-13T13:32:46","slug":"crie-seu-mercado-no-mundo-digital-aprenda-a-viver-de-e-commerce-com-a-estrategia-que-levou-inumeros-negocios-on-line-a-sair-do-zero-e-ultrapassar-os-r-100-mil-em-vendas-por-mes","status":"publish","type":"product","link":"https:\/\/www.ecommerceupdate.com.br\/fr\/produto\/crie-seu-mercado-no-mundo-digital-aprenda-a-viver-de-e-commerce-com-a-estrategia-que-levou-inumeros-negocios-on-line-a-sair-do-zero-e-ultrapassar-os-r-100-mil-em-vendas-por-mes\/","title":{"rendered":"Cr\u00e9ez votre march\u00e9 dans le monde num\u00e9rique : Apprenez \u00e0 vivre le commerce \u00e9lectronique avec la strat\u00e9gie qui a conduit d'innombrables entreprises en ligne \u00e0 repartir de z\u00e9ro et \u00e0 d\u00e9passer les 100 000 R$ de ventes par mois"},"content":{"rendered":"<div class=\"woocommerce-product-details\">\n<h3>D\u00e9tails du produit<\/h3>\n<ul>\n<li>ASIN : B07FFG6TS8<\/li>\n<li>\u00c9diteur : Editora Gente<\/li>\n<li>Accessibilit\u00e9 : En savoir plus<\/li>\n<li>Date de publication : 3 ao\u00fbt 2018<\/li>\n<li>Langue : Portugais<\/li>\n<li>Taille du fichier : 3.0 MB<\/li>\n<li>Lecteur d'\u00e9cran : Compatible<\/li>\n<li>Configuration de la police : Activ\u00e9e<\/li>\n<li>Conseils de vocabulaire : Non activ\u00e9<\/li>\n<li>Nombre de pages : 225 pages<\/li>\n<li>ISBN-13:978-8545202721<\/li>\n<li>Feuillet de page : activ\u00e9<\/li>\n<li>Classement des meilleures ventes : n\u00b0 135 718 dans le magasin Kindle (repondez au top 100 dans la cat\u00e9gorie magasin Kindle) n\u00b0 4 908 dans les affaires et l'\u00e9conomie<\/li>\n<li>4 908 en commerce et \u00e9conomie<\/li>\n<li>Avis des clients : 4,6 4,6 \u00e9toiles sur 5 (1 029)<\/li>\n<\/ul><\/div>","protected":false},"excerpt":{"rendered":"<p>D\u00c9COUVREZ COMMENT LE COMMERCE \u00c9LECTRONIQUE PEUT DEVENIR L'AFFAIRE DE VOTRE VIE.<\/p>\n<p>Qu'il s'agisse d'interagir avec des proches ou d'acqu\u00e9rir des produits et services, internet a pris le dessus sur notre vie Nous sommes confront\u00e9s \u00e0 une opportunit\u00e9 rare : un march\u00e9 avec le potentiel de cro\u00eetre 1001TP3 T ou plus dans les prochaines ann\u00e9es Par cons\u00e9quent, si vous \u00eates un entrepreneur avec une entreprise physique ou quelqu'un qui planifie la premi\u00e8re entreprise, d\u00e9velopper une strat\u00e9gie en ligne devrait \u00eatre votre priorit\u00e9 num\u00e9ro 1 maintenant !<\/p>\n<p>Pour vous aider \u00e0 d\u00e9marrer, Bruno de Oliveira, fondateur d'Ecommerce in Practice, partage dans ce livre \u00e9tape par \u00e9tape pour que votre entreprise r\u00e9ussisse L'auteur, qui a aid\u00e9 d'innombrables entreprises \u00e0 sortir du terrain et \u00e0 gagner plus de 100 000 R$ par mois, vous montrera comment :<br \/>\u00e9viter les erreurs les plus courantes commises par ceux qui tentent d'ouvrir un commerce \u00e9lectronique ;<br \/>\u2018\u2019 Cr\u00e9ez votre propre march\u00e9 et d\u00e9barrassez-vous de la concurrence ;<br \/>\u2018\u2019 planification, la cr\u00e9ation d'une structure simple pour d\u00e9velopper et g\u00e9rer l'entreprise elle-m\u00eame ;<br \/>Aimer une fois pour toutes les principales entraves dans la voie de ceux qui veulent entreprendre ;<br \/>\u2018\u2019 Utiliser la puissance des plus grands e-commerces du march\u00e9 en sa faveur ;<br \/>ivere de commerce \u00e9lectronique !<\/p>\n<p>Vous apprendrez des strat\u00e9gies \u00e9tablies pour valider vos produits sur internet et trouver vos chemins de vente Au lieu de vous battre pour une part de march\u00e9, vous saurez cr\u00e9er votre propre march\u00e9, prot\u00e9geant votre entreprise de la concurrence et d'autres obstacles qui deviendront sans rapport avec vous.<\/p>","protected":false},"featured_media":93680,"comment_status":"open","ping_status":"closed","template":"","meta":[],"product_cat":[1611,1608,1607],"product_tag":[],"class_list":{"0":"post-93680","1":"product","2":"type-product","3":"status-publish","4":"has-post-thumbnail","5":"product_brand-por-bruno-de-oliveira-autor-formato-ebook-kindle","6":"product_cat-administracao-negocios-e-economia","7":"product_cat-ebooks-kindle","8":"product_cat-loja-kindle","10":"first","11":"instock","12":"sale","13":"shipping-taxable","14":"purchasable","15":"product-type-simple"},"aioseo_notices":[],"_links":{"self":[{"href":"https:\/\/www.ecommerceupdate.com.br\/fr\/wp-json\/wp\/v2\/product\/93680","targetHints":{"allow":["GET"]}}],"collection":[{"href":"https:\/\/www.ecommerceupdate.com.br\/fr\/wp-json\/wp\/v2\/product"}],"about":[{"href":"https:\/\/www.ecommerceupdate.com.br\/fr\/wp-json\/wp\/v2\/types\/product"}],"replies":[{"embeddable":true,"href":"https:\/\/www.ecommerceupdate.com.br\/fr\/wp-json\/wp\/v2\/comments?post=93680"}],"wp:featuredmedia":[{"embeddable":true,"href":"https:\/\/www.ecommerceupdate.com.br\/fr\/wp-json\/wp\/v2\/product\/93680"}],"wp:attachment":[{"href":"https:\/\/www.ecommerceupdate.com.br\/fr\/wp-json\/wp\/v2\/media?parent=93680"}],"wp:term":[{"taxonomy":"product_cat","embeddable":true,"href":"https:\/\/www.ecommerceupdate.com.br\/fr\/wp-json\/wp\/v2\/product_cat?post=93680"},{"taxonomy":"product_tag","embeddable":true,"href":"https:\/\/www.ecommerceupdate.com.br\/fr\/wp-json\/wp\/v2\/product_tag?post=93680"}],"curies":[{"name":"wp","href":"https:\/\/api.w.org\/{rel}","templated":true}]}}