{"id":94292,"date":"2026-03-11T13:16:29","date_gmt":"2026-03-11T16:16:29","guid":{"rendered":"https:\/\/www.ecommerceupdate.com.br\/produto\/midia-training-como-usar-as-midias-sociais-a-seu-favor\/"},"modified":"2026-03-13T15:56:27","modified_gmt":"2026-03-13T18:56:27","slug":"midia-training-como-usar-as-midias-sociais-a-seu-favor","status":"publish","type":"product","link":"https:\/\/www.ecommerceupdate.com.br\/fr\/produto\/midia-training-como-usar-as-midias-sociais-a-seu-favor\/","title":{"rendered":"Formation aux m\u00e9dias : comment utiliser les m\u00e9dias sociaux \u00e0 votre avantage"},"content":{"rendered":"<div class=\"woocommerce-product-details\"><\/div>","protected":false},"excerpt":{"rendered":"<p>La mission de ce livre est de vous former \u00e0 donner de bonnes interviews sur les m\u00e9dias sociaux ou traditionnels Le fil est le journalisme, et c'est toujours pareil, peu importe les plateformes par lesquelles il se diffuse Les conseils sont organis\u00e9s sous forme de manuel pour que vous puissiez les utiliser rapidement et p\u00e9riodiquement Vous apprendrez les limites \u00e9thiques du journalisme, pour que vous puissiez \u00eatre sur un pied d'\u00e9galit\u00e9 avec votre intervieweur.<\/p>","protected":false},"featured_media":94292,"comment_status":"open","ping_status":"closed","template":"","meta":[],"product_cat":[1653,1796,1595],"product_tag":[],"class_list":{"0":"post-94292","1":"product","2":"type-product","3":"status-publish","4":"has-post-thumbnail","6":"product_brand-edicao-portugus-por-herdoto-barbeiro-autor","7":"product_cat-educacao-referencia-e-didaticos","8":"product_cat-guias-de-escrita-pesquisa-e-publicacao","9":"product_cat-livros","11":"first","12":"instock","13":"sale","14":"shipping-taxable","15":"purchasable","16":"product-type-simple"},"aioseo_notices":[],"_links":{"self":[{"href":"https:\/\/www.ecommerceupdate.com.br\/fr\/wp-json\/wp\/v2\/product\/94292","targetHints":{"allow":["GET"]}}],"collection":[{"href":"https:\/\/www.ecommerceupdate.com.br\/fr\/wp-json\/wp\/v2\/product"}],"about":[{"href":"https:\/\/www.ecommerceupdate.com.br\/fr\/wp-json\/wp\/v2\/types\/product"}],"replies":[{"embeddable":true,"href":"https:\/\/www.ecommerceupdate.com.br\/fr\/wp-json\/wp\/v2\/comments?post=94292"}],"wp:featuredmedia":[{"embeddable":true,"href":"https:\/\/www.ecommerceupdate.com.br\/fr\/wp-json\/wp\/v2\/product\/94292"}],"wp:attachment":[{"href":"https:\/\/www.ecommerceupdate.com.br\/fr\/wp-json\/wp\/v2\/media?parent=94292"}],"wp:term":[{"taxonomy":"product_cat","embeddable":true,"href":"https:\/\/www.ecommerceupdate.com.br\/fr\/wp-json\/wp\/v2\/product_cat?post=94292"},{"taxonomy":"product_tag","embeddable":true,"href":"https:\/\/www.ecommerceupdate.com.br\/fr\/wp-json\/wp\/v2\/product_tag?post=94292"}],"curies":[{"name":"wp","href":"https:\/\/api.w.org\/{rel}","templated":true}]}}