{"id":91555,"date":"2026-02-06T15:53:39","date_gmt":"2026-02-06T18:53:39","guid":{"rendered":"https:\/\/www.ecommerceupdate.org\/produto\/mestre-da-shopee-aprenda-como-vender-no-marketplace-com-os-precos-mais-competitivos-do-brasil\/"},"modified":"2026-05-11T09:37:37","modified_gmt":"2026-05-11T12:37:37","slug":"mestre-da-shopee-aprenda-como-vender-no-marketplace-com-os-precos-mais-competitivos-do-brasil","status":"publish","type":"product","link":"https:\/\/www.ecommerceupdate.com.br\/fr_be\/produto\/mestre-da-shopee-aprenda-como-vender-no-marketplace-com-os-precos-mais-competitivos-do-brasil\/","title":{"rendered":"Master of Shopee : Apprenez \u00e0 vendre sur le march\u00e9 aux prix les plus comp\u00e9titifs du Br\u00e9sil."},"content":{"rendered":"<div class=\"woocommerce-product-details\"><\/div>","protected":false},"excerpt":{"rendered":"<p>Gagnez plus de ventes chez Shopee avec Shopee Master en proposant des prix tr\u00e8s comp\u00e9titifs au Br\u00e9sil, augmentant le taux de conversion et l'attractivit\u00e9 de vos offres R\u00e9dig\u00e9 par Elton Neto, cet eBook Kindle apporte des \u00e9tapes pratiques de tarification strat\u00e9gique, de techniques d'optimisation et de promotion des listings, avec le format Kindle et le prix du seul R$ 24.90. d\u00e9couvrez comment appliquer la m\u00e9thode Shopee Master pour ma\u00eetriser le march\u00e9 et transformer vos ventes en lisant ce guide indispensable.<\/p>","protected":false},"featured_media":91555,"comment_status":"open","ping_status":"closed","template":"","meta":[],"product_cat":[1611,1608,1607],"product_tag":[2803,2805,2804],"class_list":{"0":"post-91555","1":"product","2":"type-product","3":"status-publish","4":"has-post-thumbnail","5":"product_brand-por-elton-neto-autor-formato-ebook-kindle","6":"product_cat-administracao-negocios-e-economia","7":"product_cat-ebooks-kindle","8":"product_cat-loja-kindle","9":"product_tag-ebook-kindle-shopee-brasil-venda-marketplace","10":"product_tag-elton-neto-mestre-da-shopee-kindle","11":"product_tag-preco-competitivo-shopee-estrategias-venda-brasil","13":"first","14":"instock","15":"shipping-taxable","16":"purchasable","17":"product-type-simple"},"aioseo_notices":[],"_links":{"self":[{"href":"https:\/\/www.ecommerceupdate.com.br\/fr_be\/wp-json\/wp\/v2\/product\/91555","targetHints":{"allow":["GET"]}}],"collection":[{"href":"https:\/\/www.ecommerceupdate.com.br\/fr_be\/wp-json\/wp\/v2\/product"}],"about":[{"href":"https:\/\/www.ecommerceupdate.com.br\/fr_be\/wp-json\/wp\/v2\/types\/product"}],"replies":[{"embeddable":true,"href":"https:\/\/www.ecommerceupdate.com.br\/fr_be\/wp-json\/wp\/v2\/comments?post=91555"}],"wp:featuredmedia":[{"embeddable":true,"href":"https:\/\/www.ecommerceupdate.com.br\/fr_be\/wp-json\/wp\/v2\/product\/91555"}],"wp:attachment":[{"href":"https:\/\/www.ecommerceupdate.com.br\/fr_be\/wp-json\/wp\/v2\/media?parent=91555"}],"wp:term":[{"taxonomy":"product_cat","embeddable":true,"href":"https:\/\/www.ecommerceupdate.com.br\/fr_be\/wp-json\/wp\/v2\/product_cat?post=91555"},{"taxonomy":"product_tag","embeddable":true,"href":"https:\/\/www.ecommerceupdate.com.br\/fr_be\/wp-json\/wp\/v2\/product_tag?post=91555"}],"curies":[{"name":"wp","href":"https:\/\/api.w.org\/{rel}","templated":true}]}}