{"id":91664,"date":"2026-02-07T12:40:16","date_gmt":"2026-02-07T15:40:16","guid":{"rendered":"https:\/\/www.ecommerceupdate.org\/produto\/e-commerce-na-pratica\/"},"modified":"2026-05-13T10:05:59","modified_gmt":"2026-05-13T13:05:59","slug":"e-commerce-na-pratica","status":"publish","type":"product","link":"https:\/\/www.ecommerceupdate.com.br\/fr_be\/produto\/e-commerce-na-pratica\/","title":{"rendered":"Le commerce \u00e9lectronique en pratique"},"content":{"rendered":"<div class=\"woocommerce-product-details\">\n<h3>D\u00e9tails du produit<\/h3>\n<ul>\n<li>ASIN : B09W35JWMQ<\/li>\n<li>\u00c9diteur : Authors Club<\/li>\n<li>Date de publication : 15 mars 2022<\/li>\n<li>Langue : Portugais<\/li>\n<li>Nombre de pages : 190 pages<\/li>\n<li>Poids du produit : 240g<\/li>\n<li>Classement des meilleurs vendeurs : n\u00b0 343 633 dans les livres (repondez au top 100 dans la cat\u00e9gorie Livres) n\u00b0 18 379 dans les domaines des affaires, des affaires et de l'\u00e9conomie (livres)<\/li>\n<li>18 379 en commerce, commerce et \u00e9conomie (livres)<\/li>\n<\/ul><\/div>","protected":false},"excerpt":{"rendered":"<p>Augmentez vos ventes en ligne avec un guide pratique qui transforme la th\u00e9orie du E-Commerce en actions r\u00e9elles pour votre entreprise, Vous apprendrez \u00e0 structurer le catalogage, g\u00e9rer les stocks et optimiser l'exp\u00e9rience client avec des \u00e9tapes claires et des r\u00e9sultats mesurables Ce titre en \u00e9dition anglaise est disponible par R$ 52.03, vous invitant \u00e0 appliquer imm\u00e9diatement les techniques pour obtenir des r\u00e9sultats.<\/p>","protected":false},"featured_media":91664,"comment_status":"open","ping_status":"closed","template":"","meta":[],"product_cat":[1611,1595],"product_tag":[2759,2758,2760],"class_list":{"0":"post-91664","1":"product","2":"type-product","3":"status-publish","4":"has-post-thumbnail","5":"product_brand-edicao-portugus-por-roberto-de-jesus-oliveira-autor","6":"product_cat-administracao-negocios-e-economia","7":"product_cat-livros","8":"product_tag-guia-pratico-de-e-commerce-para-empreendedores","9":"product_tag-livro-e-commerce-na-pratica","10":"product_tag-roberto-de-jesus-oliveira-edicao-portugues","12":"first","13":"instock","14":"shipping-taxable","15":"purchasable","16":"product-type-simple"},"aioseo_notices":[],"_links":{"self":[{"href":"https:\/\/www.ecommerceupdate.com.br\/fr_be\/wp-json\/wp\/v2\/product\/91664","targetHints":{"allow":["GET"]}}],"collection":[{"href":"https:\/\/www.ecommerceupdate.com.br\/fr_be\/wp-json\/wp\/v2\/product"}],"about":[{"href":"https:\/\/www.ecommerceupdate.com.br\/fr_be\/wp-json\/wp\/v2\/types\/product"}],"replies":[{"embeddable":true,"href":"https:\/\/www.ecommerceupdate.com.br\/fr_be\/wp-json\/wp\/v2\/comments?post=91664"}],"wp:featuredmedia":[{"embeddable":true,"href":"https:\/\/www.ecommerceupdate.com.br\/fr_be\/wp-json\/wp\/v2\/product\/91664"}],"wp:attachment":[{"href":"https:\/\/www.ecommerceupdate.com.br\/fr_be\/wp-json\/wp\/v2\/media?parent=91664"}],"wp:term":[{"taxonomy":"product_cat","embeddable":true,"href":"https:\/\/www.ecommerceupdate.com.br\/fr_be\/wp-json\/wp\/v2\/product_cat?post=91664"},{"taxonomy":"product_tag","embeddable":true,"href":"https:\/\/www.ecommerceupdate.com.br\/fr_be\/wp-json\/wp\/v2\/product_tag?post=91664"}],"curies":[{"name":"wp","href":"https:\/\/api.w.org\/{rel}","templated":true}]}}