{"id":91687,"date":"2026-02-07T21:28:38","date_gmt":"2026-02-08T00:28:38","guid":{"rendered":"https:\/\/www.ecommerceupdate.org\/produto\/plataformas-e-sistemas-de-gestao-para-e-commerce\/"},"modified":"2026-05-13T10:09:58","modified_gmt":"2026-05-13T13:09:58","slug":"plataformas-e-sistemas-de-gestao-para-e-commerce","status":"publish","type":"product","link":"https:\/\/www.ecommerceupdate.com.br\/fr_be\/produto\/plataformas-e-sistemas-de-gestao-para-e-commerce\/","title":{"rendered":"Plateformes et syst\u00e8mes de gestion pour le commerce \u00e9lectronique"},"content":{"rendered":"<div class=\"woocommerce-product-details\"><\/div>","protected":false},"excerpt":{"rendered":"<p>Transformez la gestion de votre e-commerce avec une plateforme int\u00e9gr\u00e9e qui augmente l'efficacit\u00e9, r\u00e9duit les erreurs op\u00e9rationnelles et offre des d\u00e9cisions rapides avec des donn\u00e9es en temps r\u00e9el Ce livre, ax\u00e9 sur l'\u00e9ducation et la r\u00e9f\u00e9rence didactique, apporte des guides pratiques sur l'int\u00e9gration des stocks, l'automatisation des commandes et les tableaux de bord analytiques, au prix de R$ 59.00. Lire pour comprendre comment appliquer ces concepts dans votre entreprise, augmenter l'efficacit\u00e9 op\u00e9rationnelle et transformer les r\u00e9sultats.<\/p>","protected":false},"featured_media":91687,"comment_status":"open","ping_status":"closed","template":"","meta":[],"product_cat":[1653,1595],"product_tag":[2726,2725,2727],"class_list":{"0":"post-91687","1":"product","2":"type-product","3":"status-publish","4":"has-post-thumbnail","5":"product_brand-por-rodrigo-vincius-sartori-autor","6":"product_cat-educacao-referencia-e-didaticos","7":"product_cat-livros","8":"product_tag-guia-erp-para-e-commerce-gestao-de-pedidos","9":"product_tag-livro-plataformas-de-gestao-para-lojas-virtuais","10":"product_tag-manual-de-plataformas-de-gestao-para-e-commerce-integracao-com-marketplaces","12":"first","13":"instock","14":"shipping-taxable","15":"purchasable","16":"product-type-simple"},"aioseo_notices":[],"_links":{"self":[{"href":"https:\/\/www.ecommerceupdate.com.br\/fr_be\/wp-json\/wp\/v2\/product\/91687","targetHints":{"allow":["GET"]}}],"collection":[{"href":"https:\/\/www.ecommerceupdate.com.br\/fr_be\/wp-json\/wp\/v2\/product"}],"about":[{"href":"https:\/\/www.ecommerceupdate.com.br\/fr_be\/wp-json\/wp\/v2\/types\/product"}],"replies":[{"embeddable":true,"href":"https:\/\/www.ecommerceupdate.com.br\/fr_be\/wp-json\/wp\/v2\/comments?post=91687"}],"wp:featuredmedia":[{"embeddable":true,"href":"https:\/\/www.ecommerceupdate.com.br\/fr_be\/wp-json\/wp\/v2\/product\/91687"}],"wp:attachment":[{"href":"https:\/\/www.ecommerceupdate.com.br\/fr_be\/wp-json\/wp\/v2\/media?parent=91687"}],"wp:term":[{"taxonomy":"product_cat","embeddable":true,"href":"https:\/\/www.ecommerceupdate.com.br\/fr_be\/wp-json\/wp\/v2\/product_cat?post=91687"},{"taxonomy":"product_tag","embeddable":true,"href":"https:\/\/www.ecommerceupdate.com.br\/fr_be\/wp-json\/wp\/v2\/product_tag?post=91687"}],"curies":[{"name":"wp","href":"https:\/\/api.w.org\/{rel}","templated":true}]}}