{"id":93024,"date":"2026-02-22T12:11:55","date_gmt":"2026-02-22T15:11:55","guid":{"rendered":"https:\/\/www.ecommerceupdate.org\/produto\/ecommerce-evolved-the-essential-playbook-to-build-grow-scale-a-successful-ecommerce-business\/"},"modified":"2026-05-13T10:11:07","modified_gmt":"2026-05-13T13:11:07","slug":"ecommerce-evolved-the-essential-playbook-to-build-grow-scale-a-successful-ecommerce-business","status":"publish","type":"product","link":"https:\/\/www.ecommerceupdate.com.br\/fr_be\/produto\/ecommerce-evolved-the-essential-playbook-to-build-grow-scale-a-successful-ecommerce-business\/","title":{"rendered":"Le commerce \u00e9lectronique a \u00e9volu\u00e9 : le manuel essentiel pour cr\u00e9er, d\u00e9velopper et d\u00e9velopper une entreprise de commerce \u00e9lectronique r\u00e9ussie"},"content":{"rendered":"<div class=\"woocommerce-product-details\">\n<h3>D\u00e9tails du produit<\/h3>\n<ul>\n<li>\u00c9diteur : Createspace Independent Publishing Platform<\/li>\n<li>Date de publication : 3 octobre 2016<\/li>\n<li>Langue : Anglais<\/li>\n<li>Nombre de pages : 372 pages<\/li>\n<li>ISBN-10:1534619348<\/li>\n<li>ISBN-13:978-1534619340<\/li>\n<li>Poids du produit : 1,05 kilogrammes<\/li>\n<li>Dimensions : 13,97 x 2,36 x 21,59 cm<\/li>\n<li>Classement des meilleurs vendeurs : n\u00b0 137 801 dans la cat\u00e9gorie Livres (repondez au top 100 dans la cat\u00e9gorie Livres) n\u00b0 51 dans le marketing Web import\u00e9 n\u00b0 2 241 dans les domaines des affaires, de l'administration et de l'\u00e9conomie (livres)<\/li>\n<li>51 Dans le marketing Web import\u00e9<\/li>\n<li>2 241 en commerce, commerce et \u00e9conomie (livres)<\/li>\n<li>Avis des clients : 4,6 4,6 \u00e9toiles sur 5 (910)<\/li>\n<\/ul><\/div>","protected":false},"excerpt":{"rendered":"<p>Ce livre offre le plus grand avantage : vous apprendre \u00e0 cr\u00e9er, d\u00e9velopper et d\u00e9velopper une entreprise de commerce \u00e9lectronique avec un plan clair, pratique et ax\u00e9 sur les r\u00e9sultats. Il pr\u00e9sente des strat\u00e9gies \u00e9prouv\u00e9es d'acquisition, de fid\u00e9lisation et d'optimisation de la conversion des clients, ainsi que des cadres exploitables et des \u00e9tudes de cas num\u00e9riques sur la vente au d\u00e9tail \u00e0 appliquer maintenant.Pour seulement R$ 100.99, d\u00e9couvrez le manuel essentiel et pr\u00e9parez-vous \u00e0 transformer votre entreprise en ligne et lisez la suite pour comprendre comment mettre en \u0153uvre les \u00e9tapes qui feront passer votre entreprise au niveau sup\u00e9rieur.<\/p>","protected":false},"featured_media":93024,"comment_status":"open","ping_status":"closed","template":"","meta":[],"product_cat":[1641,1595,1610],"product_tag":[2707,2708,2709],"class_list":{"0":"post-93024","1":"product","2":"type-product","3":"status-publish","4":"has-post-thumbnail","5":"product_brand-edicao-ingls-por-tanner-larsson-autor","6":"product_cat-computacao-informatica-e-midias-digitais","7":"product_cat-livros","8":"product_cat-livros-internacionais","9":"product_tag-growth-playbook-for-online-stores","10":"product_tag-start-ecommerce-business","12":"first","13":"instock","14":"shipping-taxable","15":"purchasable","16":"product-type-simple"},"aioseo_notices":[],"_links":{"self":[{"href":"https:\/\/www.ecommerceupdate.com.br\/fr_be\/wp-json\/wp\/v2\/product\/93024","targetHints":{"allow":["GET"]}}],"collection":[{"href":"https:\/\/www.ecommerceupdate.com.br\/fr_be\/wp-json\/wp\/v2\/product"}],"about":[{"href":"https:\/\/www.ecommerceupdate.com.br\/fr_be\/wp-json\/wp\/v2\/types\/product"}],"replies":[{"embeddable":true,"href":"https:\/\/www.ecommerceupdate.com.br\/fr_be\/wp-json\/wp\/v2\/comments?post=93024"}],"wp:featuredmedia":[{"embeddable":true,"href":"https:\/\/www.ecommerceupdate.com.br\/fr_be\/wp-json\/wp\/v2\/product\/93024"}],"wp:attachment":[{"href":"https:\/\/www.ecommerceupdate.com.br\/fr_be\/wp-json\/wp\/v2\/media?parent=93024"}],"wp:term":[{"taxonomy":"product_cat","embeddable":true,"href":"https:\/\/www.ecommerceupdate.com.br\/fr_be\/wp-json\/wp\/v2\/product_cat?post=93024"},{"taxonomy":"product_tag","embeddable":true,"href":"https:\/\/www.ecommerceupdate.com.br\/fr_be\/wp-json\/wp\/v2\/product_tag?post=93024"}],"curies":[{"name":"wp","href":"https:\/\/api.w.org\/{rel}","templated":true}]}}