{"id":93392,"date":"2026-03-04T00:26:49","date_gmt":"2026-03-04T03:26:49","guid":{"rendered":"https:\/\/www.ecommerceupdate.com.br\/produto\/e-commerce-2023-2024-business-technology-society-global-edition\/"},"modified":"2026-05-13T10:13:29","modified_gmt":"2026-05-13T13:13:29","slug":"e-commerce-2023-2024-business-technology-society-global-edition","status":"publish","type":"product","link":"https:\/\/www.ecommerceupdate.com.br\/fr_be\/produto\/e-commerce-2023-2024-business-technology-society-global-edition\/","title":{"rendered":"E-commerce 20232024 : business.technology. soci\u00e9t\u00e9., \u00e9dition mondiale"},"content":{"rendered":"<div class=\"woocommerce-product-details\"><\/div>","protected":false},"excerpt":{"rendered":"<p>Ma\u00eetriser les tendances du commerce \u00e9lectronique avec une vision int\u00e9gr\u00e9e des affaires, de la technologie et de la soci\u00e9t\u00e9 qui guide les d\u00e9cisions strat\u00e9giques pour 20232024. cette \u00e9dition mondiale en anglais, r\u00e9alis\u00e9e par Carol Traver et Kenneth Laudon, propose des analyses actuelles, des \u00e9tudes de cas et des donn\u00e9es cruciales pour les managers cherchant \u00e0 combiner pratique et th\u00e9orie au prix R$ 321.68, ce livre vous invite \u00e0 en lire plus pour \u00e9largir votre compr\u00e9hension et transformer les initiatives de commerce \u00e9lectronique.<\/p>","protected":false},"featured_media":93392,"comment_status":"open","ping_status":"closed","template":"","meta":[],"product_cat":[1611,1595,1610],"product_tag":[2673,2671,2672],"class_list":{"0":"post-93392","1":"product","2":"type-product","3":"status-publish","4":"has-post-thumbnail","5":"product_brand-edicao-ingls-por-carol-traver-autor-kenneth-laudon-autor","6":"product_cat-administracao-negocios-e-economia","7":"product_cat-livros","8":"product_cat-livros-internacionais","9":"product_tag-e-commerce-course-book-for-business-students","10":"product_tag-e-commerce-textbook-global-edition","11":"product_tag-laudon-traver-e-commerce-2023-2024-global-edition","13":"first","14":"instock","15":"shipping-taxable","16":"purchasable","17":"product-type-simple"},"aioseo_notices":[],"_links":{"self":[{"href":"https:\/\/www.ecommerceupdate.com.br\/fr_be\/wp-json\/wp\/v2\/product\/93392","targetHints":{"allow":["GET"]}}],"collection":[{"href":"https:\/\/www.ecommerceupdate.com.br\/fr_be\/wp-json\/wp\/v2\/product"}],"about":[{"href":"https:\/\/www.ecommerceupdate.com.br\/fr_be\/wp-json\/wp\/v2\/types\/product"}],"replies":[{"embeddable":true,"href":"https:\/\/www.ecommerceupdate.com.br\/fr_be\/wp-json\/wp\/v2\/comments?post=93392"}],"wp:featuredmedia":[{"embeddable":true,"href":"https:\/\/www.ecommerceupdate.com.br\/fr_be\/wp-json\/wp\/v2\/product\/93392"}],"wp:attachment":[{"href":"https:\/\/www.ecommerceupdate.com.br\/fr_be\/wp-json\/wp\/v2\/media?parent=93392"}],"wp:term":[{"taxonomy":"product_cat","embeddable":true,"href":"https:\/\/www.ecommerceupdate.com.br\/fr_be\/wp-json\/wp\/v2\/product_cat?post=93392"},{"taxonomy":"product_tag","embeddable":true,"href":"https:\/\/www.ecommerceupdate.com.br\/fr_be\/wp-json\/wp\/v2\/product_tag?post=93392"}],"curies":[{"name":"wp","href":"https:\/\/api.w.org\/{rel}","templated":true}]}}