{"id":93562,"date":"2026-03-04T20:18:44","date_gmt":"2026-03-04T23:18:44","guid":{"rendered":"https:\/\/www.ecommerceupdate.com.br\/produto\/claude-code-for-e-commerce-build-automate-and-scale-sales-in-a-week-english-edition\/"},"modified":"2026-04-13T23:02:43","modified_gmt":"2026-04-14T02:02:43","slug":"claude-code-for-e-commerce-build-automate-and-scale-sales-in-a-week-english-edition","status":"publish","type":"product","link":"https:\/\/www.ecommerceupdate.com.br\/fr_be\/produto\/claude-code-for-e-commerce-build-automate-and-scale-sales-in-a-week-english-edition\/","title":{"rendered":"Code Claude pour le commerce \u00e9lectronique : cr\u00e9ez, automatisez et mettez \u00e0 l'\u00e9chelle les ventes en une semaine (\u00e9dition anglaise)"},"content":{"rendered":"<div class=\"woocommerce-product-details\"><\/div>","protected":false},"excerpt":{"rendered":"<p>Construisez votre boutique de commerce \u00e9lectronique en une semaine en utilisant l'IA sans exp\u00e9rience de codage requise. La plupart des propri\u00e9taires passent des mois pi\u00e9g\u00e9s dans l'enfer du d\u00e9veloppement, br\u00fblant des milliers de personnes sur des d\u00e9veloppeurs qui \u00e9chouent au milieu du projet ou sur des plateformes qui les bloquent en frais mensuels. Ce livre, (vous poss\u00e9dez des \u00e9missions, en utilisant Claude Code, outil d'IA qui fonctionne avec du code pr\u00eat pour la production \u00e0 partir d'un anglais simple, suivi de la mise en \u0153uvre du programme, et enfin, le r\u00e9sultat, selon vous, en utilisant Claude Code, un outil d'IA qui indique un code pr\u00eat pour la production \u00e0 partir d'instructions en anglais simple.<br \/>io Cr\u00e9ez des pages de produits, des paniers d'achat et des flux de paiement \u00e0 l'aide de Next.js et Supabase<br \/>^Int\u00e9gratez les paiements Stripe, les s\u00e9quences de messagerie automatis\u00e9es et les flux de travail de traitement<br \/>Cr\u00e9ez des recommandations de produits bas\u00e9es sur l'IA qui augmentent la valeur moyenne des commandes de 20 \u00e0 30%<br \/>Impl\u00e9mentez la recherche Algolia et l'optimisation du r\u00e9f\u00e9rencement pour une d\u00e9couvrabilit\u00e9 maximale<br \/>^build admin tableaux de bord pour g\u00e9rer les stocks, les commandes, et les donn\u00e9es des clients<br \/>2. Employeurs d'agents d'IA pour le service client, la r\u00e9organisation des stocks et la tarificationLa pile technologique de commerce \u00e9lectronique moderne : apprenez \u00e0 utiliser Next.js, Supabase, Stripe et Vercel sur la m\u00eame participation en alimentant les magasins \u00e0 un million de dollars.Claude Code g\u00e8re la complexit\u00e9 technique pendant que vous se concentrez sur les d\u00e9cisions commerciales. L'automatisation qui met \u00e0 l'\u00e9chelle votre entreprise : cr\u00e9ez de l'IA g\u00e8re les demandes de renseignements en utilisant la commande en direct.<\/p>","protected":false},"featured_media":93562,"comment_status":"open","ping_status":"closed","template":"","meta":[],"product_cat":[1608,1628,1607],"product_tag":[],"class_list":{"0":"post-93562","1":"product","2":"type-product","3":"status-publish","4":"has-post-thumbnail","5":"product_brand-edicao-ingls-por-chris-sullivan-autor-formato-ebook-kindle","6":"product_cat-ebooks-kindle","7":"product_cat-ingles-e-outras-linguas","8":"product_cat-loja-kindle","10":"first","11":"instock","12":"shipping-taxable","13":"purchasable","14":"product-type-simple"},"aioseo_notices":[],"_links":{"self":[{"href":"https:\/\/www.ecommerceupdate.com.br\/fr_be\/wp-json\/wp\/v2\/product\/93562","targetHints":{"allow":["GET"]}}],"collection":[{"href":"https:\/\/www.ecommerceupdate.com.br\/fr_be\/wp-json\/wp\/v2\/product"}],"about":[{"href":"https:\/\/www.ecommerceupdate.com.br\/fr_be\/wp-json\/wp\/v2\/types\/product"}],"replies":[{"embeddable":true,"href":"https:\/\/www.ecommerceupdate.com.br\/fr_be\/wp-json\/wp\/v2\/comments?post=93562"}],"wp:featuredmedia":[{"embeddable":true,"href":"https:\/\/www.ecommerceupdate.com.br\/fr_be\/wp-json\/wp\/v2\/product\/93562"}],"wp:attachment":[{"href":"https:\/\/www.ecommerceupdate.com.br\/fr_be\/wp-json\/wp\/v2\/media?parent=93562"}],"wp:term":[{"taxonomy":"product_cat","embeddable":true,"href":"https:\/\/www.ecommerceupdate.com.br\/fr_be\/wp-json\/wp\/v2\/product_cat?post=93562"},{"taxonomy":"product_tag","embeddable":true,"href":"https:\/\/www.ecommerceupdate.com.br\/fr_be\/wp-json\/wp\/v2\/product_tag?post=93562"}],"curies":[{"name":"wp","href":"https:\/\/api.w.org\/{rel}","templated":true}]}}