{"id":93565,"date":"2026-03-04T20:20:07","date_gmt":"2026-03-04T23:20:07","guid":{"rendered":"https:\/\/www.ecommerceupdate.com.br\/produto\/supevisao-de-e-commerce-desafios-e-solucoes-na-logistica-moderna\/"},"modified":"2026-05-13T10:22:18","modified_gmt":"2026-05-13T13:22:18","slug":"supevisao-de-e-commerce-desafios-e-solucoes-na-logistica-moderna","status":"publish","type":"product","link":"https:\/\/www.ecommerceupdate.com.br\/fr_be\/produto\/supevisao-de-e-commerce-desafios-e-solucoes-na-logistica-moderna\/","title":{"rendered":"Suppression du commerce \u00e9lectronique : d\u00e9fis et solutions dans la logistique moderne"},"content":{"rendered":"<div class=\"woocommerce-product-details\">\n<h3>D\u00e9tails du produit<\/h3>\n<ul>\n<li>ASIN : B0CVMRG5DM<\/li>\n<li>Accessibilit\u00e9 : En savoir plus<\/li>\n<li>Date de publication : 13 f\u00e9vrier 2024<\/li>\n<li>\u00c9dition : 1a<\/li>\n<li>Langue : Portugais<\/li>\n<li>Taille du fichier : 4.8 MB<\/li>\n<li>Lecteur d'\u00e9cran : Compatible<\/li>\n<li>Configuration de la police : Activ\u00e9e<\/li>\n<li>Conseils de vocabulaire : Non activ\u00e9<\/li>\n<li>Nombre de pages : 54 pages<\/li>\n<li>Feuillet de page : activ\u00e9<\/li>\n<li>Classement des meilleurs vendeurs : n\u00b0 327 046 dans le magasin Kindle (repondez au top 100 dans la cat\u00e9gorie magasin Kindle) n\u00b0 484 dans le num\u00e9ro de comp\u00e9tences de bureau 1 004 dans le num\u00e9ro de motivation 2 788 dans la gestion du leadership<\/li>\n<li>484 En comp\u00e9tences de bureau<\/li>\n<li>1 004 en motivation<\/li>\n<li>2 788 en gestion du leadership<\/li>\n<li>Avis des clients : 4,0 4,0 sur 5 \u00e9toiles (2)<\/li>\n<\/ul><\/div>","protected":false},"excerpt":{"rendered":"<p>\u201cParcourir les complexit\u00e9s de la logistique dans le commerce \u00e9lectronique avec \u2018E-commerce Supervision : D\u00e9fis et solutions dans la logistique moderne\u2019.\u201d Que vous soyez superviseur de commerce \u00e9lectronique, leader logistique, ou quelqu'un immerg\u00e9 dans l'univers dynamique du commerce en ligne, ce livre est votre guide essentiel pour relever les d\u00e9fis de la logistique moderne Explorez des strat\u00e9gies pratiques, des \u00e9tudes de cas inspirantes et des solutions innovantes pour optimiser vos op\u00e9rations logistiques, de la gestion des stocks \u00e0 la livraison finale.Principaux faits saillants :<span class=\"a-text-bold\">D\u00e9mystifier les d\u00e9fis logistiques :<\/span><span> D\u00e9couvrez les nuances de la logistique dans le commerce \u00e9lectronique et comment surmonter les obstacles communs.<\/span>D\u00e9mystifier les d\u00e9fis logistiques : d\u00e9couvrez les nuances de la logistique dans le commerce \u00e9lectronique et comment surmonter les obstacles communs.<span class=\"a-text-bold\">Strat\u00e9gies adaptatives pour les petites et grandes entreprises :<\/span><span> Trouvez des approches \u00e9volutives pour r\u00e9pondre aux besoins sp\u00e9cifiques des diff\u00e9rentes entreprises.<\/span>Strat\u00e9gies adaptatives pour les petites et grandes entreprises : trouvez des approches \u00e9volutives pour r\u00e9pondre aux besoins sp\u00e9cifiques des diff\u00e9rentes entreprises.<span class=\"a-text-bold\">Leadership efficace \u00e0 l\u2019\u00e8re num\u00e9rique :<\/span><span> D\u00e9velopper les comp\u00e9tences essentielles pour diriger les \u00e9quipes logistiques dans un environnement num\u00e9rique et comp\u00e9titif.<\/span>Leadership efficace \u00e0 l'\u00e8re num\u00e9rique : d\u00e9velopper les comp\u00e9tences essentielles pour diriger des \u00e9quipes logistiques dans un environnement num\u00e9rique et comp\u00e9titif.<span class=\"a-text-bold\">\u00c9tudes de cas percutantes :<\/span><span> Explorez des exp\u00e9riences commerciales r\u00e9ussies, apprenez de leurs strat\u00e9gies et appliquez des informations pr\u00e9cieuses sur votre propre parcours.<\/span>\u00c9tudes de cas percutantes : explorez des exp\u00e9riences commerciales r\u00e9ussies, tirez les le\u00e7ons de leurs strat\u00e9gies et appliquez des informations pr\u00e9cieuses sur votre propre parcours. Ce livre propose une plong\u00e9e dans la logistique du commerce \u00e9lectronique, en fournissant des outils pratiques pour superviser des op\u00e9rations efficaces, relever les d\u00e9fis en toute confiance et naviguer avec succ\u00e8s dans le monde. eaux turbulentes du commerce en ligne. Soyez pr\u00eat \u00e0 optimiser votre surveillance du commerce \u00e9lectronique et \u00e0 atteindre de nouveaux sommets d'excellence logistique. Obtenez votre exemplaire d\u00e8s maintenant et perfectionnez vos comp\u00e9tences en gestion logistique moderne.<\/p>","protected":false},"featured_media":93565,"comment_status":"open","ping_status":"closed","template":"","meta":[],"product_cat":[1611,1621,1595],"product_tag":[],"class_list":{"0":"post-93565","1":"product","2":"type-product","3":"status-publish","4":"has-post-thumbnail","5":"product_brand-por-edevaldo-silva-autor-edevaldo-silva-autor-formato-ebook-kindle","6":"product_cat-administracao-negocios-e-economia","7":"product_cat-gestao-e-lideranca","8":"product_cat-livros","10":"first","11":"instock","12":"shipping-taxable","13":"purchasable","14":"product-type-simple"},"aioseo_notices":[],"_links":{"self":[{"href":"https:\/\/www.ecommerceupdate.com.br\/fr_be\/wp-json\/wp\/v2\/product\/93565","targetHints":{"allow":["GET"]}}],"collection":[{"href":"https:\/\/www.ecommerceupdate.com.br\/fr_be\/wp-json\/wp\/v2\/product"}],"about":[{"href":"https:\/\/www.ecommerceupdate.com.br\/fr_be\/wp-json\/wp\/v2\/types\/product"}],"replies":[{"embeddable":true,"href":"https:\/\/www.ecommerceupdate.com.br\/fr_be\/wp-json\/wp\/v2\/comments?post=93565"}],"wp:featuredmedia":[{"embeddable":true,"href":"https:\/\/www.ecommerceupdate.com.br\/fr_be\/wp-json\/wp\/v2\/product\/93565"}],"wp:attachment":[{"href":"https:\/\/www.ecommerceupdate.com.br\/fr_be\/wp-json\/wp\/v2\/media?parent=93565"}],"wp:term":[{"taxonomy":"product_cat","embeddable":true,"href":"https:\/\/www.ecommerceupdate.com.br\/fr_be\/wp-json\/wp\/v2\/product_cat?post=93565"},{"taxonomy":"product_tag","embeddable":true,"href":"https:\/\/www.ecommerceupdate.com.br\/fr_be\/wp-json\/wp\/v2\/product_tag?post=93565"}],"curies":[{"name":"wp","href":"https:\/\/api.w.org\/{rel}","templated":true}]}}