{"id":93570,"date":"2026-03-04T20:20:50","date_gmt":"2026-03-04T23:20:50","guid":{"rendered":"https:\/\/www.ecommerceupdate.com.br\/produto\/storytelling-e-inteligencia-artificial-como-reinventar-o-marketing-digital-com-verdade-emocao-e-proposito\/"},"modified":"2026-05-13T10:23:10","modified_gmt":"2026-05-13T13:23:10","slug":"storytelling-e-inteligencia-artificial-como-reinventar-o-marketing-digital-com-verdade-emocao-e-proposito","status":"publish","type":"product","link":"https:\/\/www.ecommerceupdate.com.br\/fr_be\/produto\/storytelling-e-inteligencia-artificial-como-reinventar-o-marketing-digital-com-verdade-emocao-e-proposito\/","title":{"rendered":"Conte et intelligence artificielle : comment r\u00e9inventer le marketing num\u00e9rique avec v\u00e9rit\u00e9, \u00e9motion et objectif"},"content":{"rendered":"<div class=\"woocommerce-product-details\">\n<h3>D\u00e9tails du produit<\/h3>\n<ul>\n<li>\u00c9diteur : DVS EDITORA<\/li>\n<li>Date de publication : 10 d\u00e9cembre 2025<\/li>\n<li>\u00c9dition : 1a<\/li>\n<li>Langue : Portugais<\/li>\n<li>Nombre de pages : 456 pages<\/li>\n<li>ISBN-10:6556951641<\/li>\n<li>ISBN-13:978-6556951645<\/li>\n<li>Poids du produit : 580g<\/li>\n<li>Dimensions : 16 x 2,1 x 23 cm<\/li>\n<li>Classement des meilleurs vendeurs : n\u00b0 98 891 dans la cat\u00e9gorie Livres (repondez au top 100 dans la cat\u00e9gorie Livres) n\u00b0 88 dans le marketing Web n\u00b0 209 dans la r\u00e9daction d'ouvrages de r\u00e9f\u00e9rence n\u00b0 336 dans Comp\u00e9tences<\/li>\n<li>88 Dans le marketing Web<\/li>\n<li>209 Dans Livres de r\u00e9f\u00e9rence sur l'\u00e9criture<\/li>\n<li>336 Dans Comp\u00e9tences<\/li>\n<li>Avis des clients : 5,0 5,0 sur 5 \u00e9toiles (1)<\/li>\n<\/ul><\/div>","protected":false},"excerpt":{"rendered":"<p>Comment rester humain quand le marketing est devenu un algorithme ? James McSill a travers\u00e9 des d\u00e9cennies pour apprendre aux gens \u00e0 raconter des histoires Mais ces derni\u00e8res ann\u00e9es, il a \u00e9t\u00e9 confront\u00e9 \u00e0 un nouveau genre de d\u00e9fi : comment pr\u00e9server la v\u00e9rit\u00e9, l'\u00e9motion et l'intention \u00e0 une \u00e9poque o\u00f9 l'intelligence artificielle \u00e9crit plus vite, teste plus vite et corrige avec une pr\u00e9cision presque clinique ?Ce livre na\u00eet du terrain, des s\u00e9ances de mentorat, du courage sur trois continents, des cours qui ont guid\u00e9 vers des professionnels qui, entre l'\u00e9merveillement et l'\u00e9puisement, demandent des r\u00e9ponses qui ne rentrent pas dans les tutoriels. La narration et l'Intelligence Artificielle ne sont pas une r\u00e9\u00e9criture technique, du travail acad\u00e9mique et un travail pratique qui s'oriente vers le r\u00e9cit et vers le guide-faire. <\/p>","protected":false},"featured_media":93570,"comment_status":"open","ping_status":"closed","template":"","meta":[],"product_cat":[1653,1796,1595],"product_tag":[],"class_list":{"0":"post-93570","1":"product","2":"type-product","3":"status-publish","4":"has-post-thumbnail","5":"product_brand-por-james-mcsill-autor","6":"product_cat-educacao-referencia-e-didaticos","7":"product_cat-guias-de-escrita-pesquisa-e-publicacao","8":"product_cat-livros","10":"first","11":"instock","12":"sale","13":"shipping-taxable","14":"purchasable","15":"product-type-simple"},"aioseo_notices":[],"_links":{"self":[{"href":"https:\/\/www.ecommerceupdate.com.br\/fr_be\/wp-json\/wp\/v2\/product\/93570","targetHints":{"allow":["GET"]}}],"collection":[{"href":"https:\/\/www.ecommerceupdate.com.br\/fr_be\/wp-json\/wp\/v2\/product"}],"about":[{"href":"https:\/\/www.ecommerceupdate.com.br\/fr_be\/wp-json\/wp\/v2\/types\/product"}],"replies":[{"embeddable":true,"href":"https:\/\/www.ecommerceupdate.com.br\/fr_be\/wp-json\/wp\/v2\/comments?post=93570"}],"wp:featuredmedia":[{"embeddable":true,"href":"https:\/\/www.ecommerceupdate.com.br\/fr_be\/wp-json\/wp\/v2\/product\/93570"}],"wp:attachment":[{"href":"https:\/\/www.ecommerceupdate.com.br\/fr_be\/wp-json\/wp\/v2\/media?parent=93570"}],"wp:term":[{"taxonomy":"product_cat","embeddable":true,"href":"https:\/\/www.ecommerceupdate.com.br\/fr_be\/wp-json\/wp\/v2\/product_cat?post=93570"},{"taxonomy":"product_tag","embeddable":true,"href":"https:\/\/www.ecommerceupdate.com.br\/fr_be\/wp-json\/wp\/v2\/product_tag?post=93570"}],"curies":[{"name":"wp","href":"https:\/\/api.w.org\/{rel}","templated":true}]}}