{"id":93673,"date":"2026-03-05T14:06:54","date_gmt":"2026-03-05T17:06:54","guid":{"rendered":"https:\/\/www.ecommerceupdate.com.br\/produto\/aprenda-a-vender-no-mercado-livre-sem-estoque\/"},"modified":"2026-05-08T11:48:36","modified_gmt":"2026-05-08T14:48:36","slug":"aprenda-a-vender-no-mercado-livre-sem-estoque","status":"publish","type":"product","link":"https:\/\/www.ecommerceupdate.com.br\/fr_be\/produto\/aprenda-a-vender-no-mercado-livre-sem-estoque\/","title":{"rendered":"Apprenez \u00e0 vendre sur le march\u00e9 libre : pas d'actions"},"content":{"rendered":"<div class=\"woocommerce-product-details\">\n<h3>D\u00e9tails du produit<\/h3>\n<ul>\n<li>ASIN : B08V4TFRXP<\/li>\n<li>Accessibilit\u00e9 : En savoir plus<\/li>\n<li>Date de publication : 25 janvier 2021<\/li>\n<li>Langue : Portugais<\/li>\n<li>Taille du fichier : 183 Ko<\/li>\n<li>Lecteur d'\u00e9cran : Compatible<\/li>\n<li>Configuration de la police : Activ\u00e9e<\/li>\n<li>Conseils de vocabulaire : Non activ\u00e9<\/li>\n<li>Nombre de pages : 17 pages<\/li>\n<li>Feuillet de page : activ\u00e9<\/li>\n<li>\u00c2ge de lecture : 12 18 ans<\/li>\n<li>Classement des meilleurs vendeurs : n\u00b0 634 127 dans le magasin Kindle (repondez au top 100 dans la cat\u00e9gorie du magasin Kindle) n\u00b0 477 dans les objectifs et objectifs \u00e9ducatifs n\u00b0 1 082 dans le conseil et l'enseignement scolaires n\u00b0 14 479 dans l'\u00e9ducation (magasin Kindle)<\/li>\n<li>477 Dans Buts et objectifs de l'\u00e9ducation<\/li>\n<li>1 082 en conseil dans les \u00e9coles et l'enseignement<\/li>\n<li>14 479 en \u00e9ducation (magasin Kindle)<\/li>\n<li>Avis des clients : 3,5 3,5 \u00e9toiles sur 5 (6)<\/li>\n<\/ul><\/div>","protected":false},"excerpt":{"rendered":"<p>Il s'agit d'un manuel de vente v\u00e9ritable et puissant pour ceux qui d\u00e9marrent sur la plateforme Mercado Livre et n'ont pas l'argent n\u00e9cessaire pour investir dans l'inventaire des produits, le tout sans se recroqueviller et sans \u00eatre politiquement correct, au point. <\/p>\n<p>Nous vous apprendrons comment cr\u00e9er des annonces \u00e0 partir de z\u00e9ro, \u00e0 partir de photos, descriptions, fiches techniques, tout, nous vous aiderons \u00e9galement \u00e0 fixer le prix des produits. <\/p>\n<p>De plus, il vous pr\u00e9sente un fournisseur 1001TP3 T fiable pour r\u00e9aliser ce National Dropishipping, avec des produits d\u00e9j\u00e0 au Br\u00e9sil, en quittant Sao Paulo, d\u00e9j\u00e0 test\u00e9 et valid\u00e9 sur la plateforme, vous aurez acc\u00e8s \u00e0 un groupe Telegram de plus de 6000 membres qui vendent en ligne tous les jours et travaillent avec ces produits. <\/p>\n<p>Peu de pages vous s\u00e9parent d'une mer de ventes ! <\/p>\n<p>Le meilleur investissement que vous puissiez faire est dans la connaissance. <\/p>\n<p>Un livre \u00e9lectronique bon march\u00e9 et chaque dollar d\u00e9pens\u00e9 ici peuvent revenir multipli\u00e9s plusieurs fois, cela ne d\u00e9pend que de l'application des connaissances acquises. <\/p>\n<p>Nous vous attendons dans notre groupe, excellente lecture et grandes ventes.<\/p>","protected":false},"featured_media":93673,"comment_status":"open","ping_status":"closed","template":"","meta":[],"product_cat":[1653,1730,1595],"product_tag":[],"class_list":{"0":"post-93673","1":"product","2":"type-product","3":"status-publish","4":"has-post-thumbnail","5":"product_brand-por-cristiano-fontes-autor-formato-ebook-kindle","6":"product_cat-educacao-referencia-e-didaticos","7":"product_cat-escolas-e-ensino","8":"product_cat-livros","10":"first","11":"instock","12":"shipping-taxable","13":"purchasable","14":"product-type-simple"},"aioseo_notices":[],"_links":{"self":[{"href":"https:\/\/www.ecommerceupdate.com.br\/fr_be\/wp-json\/wp\/v2\/product\/93673","targetHints":{"allow":["GET"]}}],"collection":[{"href":"https:\/\/www.ecommerceupdate.com.br\/fr_be\/wp-json\/wp\/v2\/product"}],"about":[{"href":"https:\/\/www.ecommerceupdate.com.br\/fr_be\/wp-json\/wp\/v2\/types\/product"}],"replies":[{"embeddable":true,"href":"https:\/\/www.ecommerceupdate.com.br\/fr_be\/wp-json\/wp\/v2\/comments?post=93673"}],"wp:featuredmedia":[{"embeddable":true,"href":"https:\/\/www.ecommerceupdate.com.br\/fr_be\/wp-json\/wp\/v2\/product\/93673"}],"wp:attachment":[{"href":"https:\/\/www.ecommerceupdate.com.br\/fr_be\/wp-json\/wp\/v2\/media?parent=93673"}],"wp:term":[{"taxonomy":"product_cat","embeddable":true,"href":"https:\/\/www.ecommerceupdate.com.br\/fr_be\/wp-json\/wp\/v2\/product_cat?post=93673"},{"taxonomy":"product_tag","embeddable":true,"href":"https:\/\/www.ecommerceupdate.com.br\/fr_be\/wp-json\/wp\/v2\/product_tag?post=93673"}],"curies":[{"name":"wp","href":"https:\/\/api.w.org\/{rel}","templated":true}]}}