{"id":93674,"date":"2026-03-05T14:07:10","date_gmt":"2026-03-05T17:07:10","guid":{"rendered":"https:\/\/www.ecommerceupdate.com.br\/produto\/como-vender-no-mercado-livre\/"},"modified":"2026-05-13T10:31:33","modified_gmt":"2026-05-13T13:31:33","slug":"como-vender-no-mercado-livre","status":"publish","type":"product","link":"https:\/\/www.ecommerceupdate.com.br\/fr_be\/produto\/como-vender-no-mercado-livre\/","title":{"rendered":"COMMENT VENDRE SUR LE MARCH\u00c9 LIBRE ?"},"content":{"rendered":"<div class=\"woocommerce-product-details\">\n<h3>D\u00e9tails du produit<\/h3>\n<ul>\n<li>ASIN : B0CW1MKNV2<\/li>\n<li>Accessibilit\u00e9 : En savoir plus<\/li>\n<li>Date de publication : 25 avril 2024<\/li>\n<li>Langue : Portugais<\/li>\n<li>Taille du fichier : 12.8 MB<\/li>\n<li>Lecteur d'\u00e9cran : Compatible<\/li>\n<li>Configuration de la police : Activ\u00e9e<\/li>\n<li>Conseils de vocabulaire : Non activ\u00e9<\/li>\n<li>Nombre de pages : 231 pages<\/li>\n<li>Feuillet de page : activ\u00e9<\/li>\n<li>Classement des meilleures ventes : n\u00b0 255 234 dans le magasin Kindle (rencontrez le top 100 dans la cat\u00e9gorie du magasin Kindle) n\u00b0 251 551 dans les livres \u00e9lectroniques Kindle<\/li>\n<li>251 551 livres \u00e9lectroniques Kindle<\/li>\n<\/ul><\/div>","protected":false},"excerpt":{"rendered":"<p>Un ebook complet avec tous les conseils pour d\u00e9marrer vos premi\u00e8res ventes sur le march\u00e9 libre, le plus grand march\u00e9 d'Am\u00e9rique latine. Notre livre contient : Histoire du march\u00e9 libre, concepts et plan d'affaires du march\u00e9 libreComment d\u00e9marrer mes ventes sur le march\u00e9 libre Marketing num\u00e9rique dans le march\u00e9 libreComment g\u00e9rer mon compte dans le march\u00e9 libreComment faire de la publicit\u00e9 dans le march\u00e9 libreD\u00e9veloppement de la r\u00e9putation dans le march\u00e9 libreProgramme des meilleurs vendeurs du march\u00e9 libre March\u00e9 libre et march\u00e9LeadersPlateforme CLIPS March\u00e9 libre March\u00e9 libre March\u00e9 libre March\u00e9 libre March\u00e9 libreProgramme March\u00e9 libreBusiness<\/p>","protected":false},"featured_media":93674,"comment_status":"open","ping_status":"closed","template":"","meta":[],"product_cat":[1608,1607],"product_tag":[],"class_list":{"0":"post-93674","1":"product","2":"type-product","3":"status-publish","4":"has-post-thumbnail","5":"product_brand-por-andr-santos-autor-formato-ebook-kindle","6":"product_cat-ebooks-kindle","7":"product_cat-loja-kindle","9":"first","10":"instock","11":"shipping-taxable","12":"purchasable","13":"product-type-simple"},"aioseo_notices":[],"_links":{"self":[{"href":"https:\/\/www.ecommerceupdate.com.br\/fr_be\/wp-json\/wp\/v2\/product\/93674","targetHints":{"allow":["GET"]}}],"collection":[{"href":"https:\/\/www.ecommerceupdate.com.br\/fr_be\/wp-json\/wp\/v2\/product"}],"about":[{"href":"https:\/\/www.ecommerceupdate.com.br\/fr_be\/wp-json\/wp\/v2\/types\/product"}],"replies":[{"embeddable":true,"href":"https:\/\/www.ecommerceupdate.com.br\/fr_be\/wp-json\/wp\/v2\/comments?post=93674"}],"wp:featuredmedia":[{"embeddable":true,"href":"https:\/\/www.ecommerceupdate.com.br\/fr_be\/wp-json\/wp\/v2\/product\/93674"}],"wp:attachment":[{"href":"https:\/\/www.ecommerceupdate.com.br\/fr_be\/wp-json\/wp\/v2\/media?parent=93674"}],"wp:term":[{"taxonomy":"product_cat","embeddable":true,"href":"https:\/\/www.ecommerceupdate.com.br\/fr_be\/wp-json\/wp\/v2\/product_cat?post=93674"},{"taxonomy":"product_tag","embeddable":true,"href":"https:\/\/www.ecommerceupdate.com.br\/fr_be\/wp-json\/wp\/v2\/product_tag?post=93674"}],"curies":[{"name":"wp","href":"https:\/\/api.w.org\/{rel}","templated":true}]}}