{"id":93677,"date":"2026-03-05T14:07:48","date_gmt":"2026-03-05T17:07:48","guid":{"rendered":"https:\/\/www.ecommerceupdate.com.br\/produto\/mercado-de-opcoes-teoria-e-pratica-do-basico-ao-avancado-manuais-de-renda-variavel\/"},"modified":"2026-05-13T10:32:07","modified_gmt":"2026-05-13T13:32:07","slug":"mercado-de-opcoes-teoria-e-pratica-do-basico-ao-avancado-manuais-de-renda-variavel","status":"publish","type":"product","link":"https:\/\/www.ecommerceupdate.com.br\/fr_be\/produto\/mercado-de-opcoes-teoria-e-pratica-do-basico-ao-avancado-manuais-de-renda-variavel\/","title":{"rendered":"Options Th\u00e9orie et pratique du march\u00e9 : du basique au avanc\u00e9 (Manuels de revenus valables)"},"content":{"rendered":"<div class=\"woocommerce-product-details\">\n<h3>D\u00e9tails du produit<\/h3>\n<ul>\n<li>ASIN : B0979PCW7H<\/li>\n<li>Accessibilit\u00e9 : En savoir plus<\/li>\n<li>Date de publication : 14 juin 2021<\/li>\n<li>Langue : Portugais<\/li>\n<li>Taille du fichier : 2.4 MB<\/li>\n<li>Lecteur d'\u00e9cran : Compatible<\/li>\n<li>Configuration de la police : Activ\u00e9e<\/li>\n<li>Conseils de vocabulaire : Non activ\u00e9<\/li>\n<li>Nombre de pages : 121 pages<\/li>\n<li>Feuillet de page : activ\u00e9<\/li>\n<li>Partie de la s\u00e9rie : Manuels \u00e0 revenu variable<\/li>\n<li>Classement des meilleurs vendeurs : n\u00b0 17 244 dans le magasin Kindle (repondez au top 100 dans la cat\u00e9gorie magasin Kindle) n\u00b0 83 dans l'investissement n\u00b0 495 dans les affaires et l'\u00e9conomie<\/li>\n<li>83 Dans l'investissement<\/li>\n<li>495 En commerce et en \u00e9conomie<\/li>\n<li>Avis des clients : 4,4 4,4 \u00e9toiles sur 5 (120)<\/li>\n<\/ul><\/div>","protected":false},"excerpt":{"rendered":"<p>Ce livre cherche \u00e0 enseigner au lecteur comment exploiter le march\u00e9 des options, depuis les bases impliquant les instruments jusqu'aux strat\u00e9gies structur\u00e9es utilis\u00e9es dans le monde entier.<\/p>\n<p>A la fin de la lecture, vous d\u00e9couvrirez un nouveau monde au sein de la bourse et qui fait bouger l'ensemble du march\u00e9 en vue et \u00e0 l'avenir.<\/p>\n<p>Vous apprendrez que le trading d'actions et d'indice \u00e0 terme est comme jouer aux dames, et le march\u00e9 des options est le v\u00e9ritable \u00e9chiquier, avec une multitude de strat\u00e9gies et de possibilit\u00e9s.<\/p>\n<p>Avec les options, vous n\u2019avez aucune obligation de soutenir la hausse ou la baisse du march\u00e9.<\/p>\n<p>D\u00e9barrassez-vous de cette polarit\u00e9 en op\u00e9rant des d\u00e9riv\u00e9s !<\/p>","protected":false},"featured_media":93677,"comment_status":"open","ping_status":"closed","template":"","meta":[],"product_cat":[1611,1608,1607],"product_tag":[],"class_list":{"0":"post-93677","1":"product","2":"type-product","3":"status-publish","4":"has-post-thumbnail","5":"product_brand-por-lerbius-mark-autor-formato-ebook-kindle","6":"product_cat-administracao-negocios-e-economia","7":"product_cat-ebooks-kindle","8":"product_cat-loja-kindle","10":"first","11":"instock","12":"shipping-taxable","13":"purchasable","14":"product-type-simple"},"aioseo_notices":[],"_links":{"self":[{"href":"https:\/\/www.ecommerceupdate.com.br\/fr_be\/wp-json\/wp\/v2\/product\/93677","targetHints":{"allow":["GET"]}}],"collection":[{"href":"https:\/\/www.ecommerceupdate.com.br\/fr_be\/wp-json\/wp\/v2\/product"}],"about":[{"href":"https:\/\/www.ecommerceupdate.com.br\/fr_be\/wp-json\/wp\/v2\/types\/product"}],"replies":[{"embeddable":true,"href":"https:\/\/www.ecommerceupdate.com.br\/fr_be\/wp-json\/wp\/v2\/comments?post=93677"}],"wp:featuredmedia":[{"embeddable":true,"href":"https:\/\/www.ecommerceupdate.com.br\/fr_be\/wp-json\/wp\/v2\/product\/93677"}],"wp:attachment":[{"href":"https:\/\/www.ecommerceupdate.com.br\/fr_be\/wp-json\/wp\/v2\/media?parent=93677"}],"wp:term":[{"taxonomy":"product_cat","embeddable":true,"href":"https:\/\/www.ecommerceupdate.com.br\/fr_be\/wp-json\/wp\/v2\/product_cat?post=93677"},{"taxonomy":"product_tag","embeddable":true,"href":"https:\/\/www.ecommerceupdate.com.br\/fr_be\/wp-json\/wp\/v2\/product_tag?post=93677"}],"curies":[{"name":"wp","href":"https:\/\/api.w.org\/{rel}","templated":true}]}}