{"id":93854,"date":"2026-03-05T21:54:20","date_gmt":"2026-03-06T00:54:20","guid":{"rendered":"https:\/\/www.ecommerceupdate.com.br\/produto\/merchandising-promocao-de-vendas-como-os-conceitos-modernos-estao-sendo-aplicados-no-varejo-fisico-e-na-internet\/"},"modified":"2026-05-08T11:50:55","modified_gmt":"2026-05-08T14:50:55","slug":"merchandising-promocao-de-vendas-como-os-conceitos-modernos-estao-sendo-aplicados-no-varejo-fisico-e-na-internet","status":"publish","type":"product","link":"https:\/\/www.ecommerceupdate.com.br\/fr_be\/produto\/merchandising-promocao-de-vendas-como-os-conceitos-modernos-estao-sendo-aplicados-no-varejo-fisico-e-na-internet\/","title":{"rendered":"Promotion du marchandisage et des ventes et comment les concepts modernes sont appliqu\u00e9s dans la vente au d\u00e9tail physique et sur Internet"},"content":{"rendered":"<div class=\"woocommerce-product-details\"><\/div>","protected":false},"excerpt":{"rendered":"<p>Destinada a quem pretende se atualizar com as \u00faltimas tend\u00eancias do varejo e ser competitivo no mercado de trabalho, esta obra entra no mundo digital discutindo, especificamente, a internet e as redes sociais com base na utiliza\u00e7\u00e3o das ferramentas de merchandising. Com uma linguagem interativa e acess\u00edvel, relata conceitos modernos empregados no varejo em diversas partes do Brasil e do mundo. O livro foi concebido levando em considera\u00e7\u00e3o duas propostas centrais: apresentar os conceitos de merchandising e promo\u00e7\u00e3o de vendas aplicados ao varejo f\u00edsico e verificar como esses conceitos est\u00e3o sendo aplicados na internet e nas redes sociais. Obra altamente indicada para cursos de educa\u00e7\u00e3o executiva e aperfei\u00e7oamento profissional. Livro-texto para as disciplinas Promo\u00e7\u00e3o de Vendas e Merchandising, Marketing de Varejo e Marketing Promocional, em cursos de gradua\u00e7\u00e3o e p\u00f3s-gradua\u00e7\u00e3o.<\/p>","protected":false},"featured_media":93854,"comment_status":"open","ping_status":"closed","template":"","meta":[],"product_cat":[1611,1595,1618],"product_tag":[],"class_list":{"0":"post-93854","1":"product","2":"type-product","3":"status-publish","4":"has-post-thumbnail","5":"product_brand-edicao-portugus-por-wagner-ladeira-autor-fernando-santini-autor","6":"product_cat-administracao-negocios-e-economia","7":"product_cat-livros","8":"product_cat-marketing-e-vendas","10":"first","11":"instock","12":"sale","13":"shipping-taxable","14":"purchasable","15":"product-type-simple"},"aioseo_notices":[],"_links":{"self":[{"href":"https:\/\/www.ecommerceupdate.com.br\/fr_be\/wp-json\/wp\/v2\/product\/93854","targetHints":{"allow":["GET"]}}],"collection":[{"href":"https:\/\/www.ecommerceupdate.com.br\/fr_be\/wp-json\/wp\/v2\/product"}],"about":[{"href":"https:\/\/www.ecommerceupdate.com.br\/fr_be\/wp-json\/wp\/v2\/types\/product"}],"replies":[{"embeddable":true,"href":"https:\/\/www.ecommerceupdate.com.br\/fr_be\/wp-json\/wp\/v2\/comments?post=93854"}],"wp:featuredmedia":[{"embeddable":true,"href":"https:\/\/www.ecommerceupdate.com.br\/fr_be\/wp-json\/wp\/v2\/product\/93854"}],"wp:attachment":[{"href":"https:\/\/www.ecommerceupdate.com.br\/fr_be\/wp-json\/wp\/v2\/media?parent=93854"}],"wp:term":[{"taxonomy":"product_cat","embeddable":true,"href":"https:\/\/www.ecommerceupdate.com.br\/fr_be\/wp-json\/wp\/v2\/product_cat?post=93854"},{"taxonomy":"product_tag","embeddable":true,"href":"https:\/\/www.ecommerceupdate.com.br\/fr_be\/wp-json\/wp\/v2\/product_tag?post=93854"}],"curies":[{"name":"wp","href":"https:\/\/api.w.org\/{rel}","templated":true}]}}