{"id":94354,"date":"2026-03-12T13:40:08","date_gmt":"2026-03-12T16:40:08","guid":{"rendered":"https:\/\/www.ecommerceupdate.com.br\/produto\/e-commerce-conceitos-implementacao-e-gestao\/"},"modified":"2026-05-13T10:59:48","modified_gmt":"2026-05-13T13:59:48","slug":"e-commerce-conceitos-implementacao-e-gestao","status":"publish","type":"product","link":"https:\/\/www.ecommerceupdate.com.br\/fr_be\/produto\/e-commerce-conceitos-implementacao-e-gestao\/","title":{"rendered":"E-commerce : concepts, mise en \u0153uvre et gestion"},"content":{"rendered":"<div class=\"woocommerce-product-details\">\n<h3>D\u00e9tails du produit<\/h3>\n<ul>\n<li>\u00c9diteur : InterSaberes<\/li>\n<li>Date de publication : 1er ao\u00fbt 2016<\/li>\n<li>\u00c9dition : 1a<\/li>\n<li>Langue : Portugais<\/li>\n<li>Nombre de pages : 310 pages<\/li>\n<li>ISBN-10:8559722084<\/li>\n<li>ISBN-13:978-8559722086<\/li>\n<li>Poids du produit : 350g<\/li>\n<li>\u00c2ge de lecture : 12 ans et plus<\/li>\n<li>Dimensions : 20,8 x 14,2 x 1,6 cm<\/li>\n<li>Classement des meilleurs vendeurs : n\u00b0 157 849 dans les livres (repondez au top 100 dans la cat\u00e9gorie Livres) n\u00b0 3 428 dans la cat\u00e9gorie Gestion et leadership<\/li>\n<li>3 428 en gestion et leadership<\/li>\n<li>Avis des clients : 4,7 4,7 \u00e9toiles sur 5 (34)<\/li>\n<\/ul><\/div>","protected":false},"excerpt":{"rendered":"<p>\u00c9largissez les performances de votre entreprise en ligne en ma\u00eetrisant les concepts, la mise en \u0153uvre et la gestion du commerce \u00e9lectronique en mettant l'accent sur des r\u00e9sultats pratiques et mesurables Cette \u00e9dition en portugais, r\u00e9dig\u00e9e par Nara Stefano et Izabel Cristina Zattar, pr\u00e9sente des strat\u00e9gies, des mesures et des op\u00e9rations d\u00e9taill\u00e9es pour augmenter les conversions et l'efficacit\u00e9, avec un prix de R$ 111.73.<\/p>","protected":false},"featured_media":94354,"comment_status":"open","ping_status":"closed","template":"","meta":[],"product_cat":[1611,1621,1595],"product_tag":[2512,2511,2510],"class_list":{"0":"post-94354","1":"product","2":"type-product","3":"status-publish","4":"has-post-thumbnail","5":"product_brand-edicao-portugus-por-nara-stefano-autor-izabel-cristina-zattar-autor","6":"product_cat-administracao-negocios-e-economia","7":"product_cat-gestao-e-lideranca","8":"product_cat-livros","9":"product_tag-gestao-de-lojas-virtuais-para-negocios","10":"product_tag-implementacao-pratica-de-loja-online","11":"product_tag-livro-de-e-commerce-conceitos-e-gestao","13":"first","14":"instock","15":"sale","16":"shipping-taxable","17":"purchasable","18":"product-type-simple"},"aioseo_notices":[],"_links":{"self":[{"href":"https:\/\/www.ecommerceupdate.com.br\/fr_be\/wp-json\/wp\/v2\/product\/94354","targetHints":{"allow":["GET"]}}],"collection":[{"href":"https:\/\/www.ecommerceupdate.com.br\/fr_be\/wp-json\/wp\/v2\/product"}],"about":[{"href":"https:\/\/www.ecommerceupdate.com.br\/fr_be\/wp-json\/wp\/v2\/types\/product"}],"replies":[{"embeddable":true,"href":"https:\/\/www.ecommerceupdate.com.br\/fr_be\/wp-json\/wp\/v2\/comments?post=94354"}],"wp:featuredmedia":[{"embeddable":true,"href":"https:\/\/www.ecommerceupdate.com.br\/fr_be\/wp-json\/wp\/v2\/product\/94354"}],"wp:attachment":[{"href":"https:\/\/www.ecommerceupdate.com.br\/fr_be\/wp-json\/wp\/v2\/media?parent=94354"}],"wp:term":[{"taxonomy":"product_cat","embeddable":true,"href":"https:\/\/www.ecommerceupdate.com.br\/fr_be\/wp-json\/wp\/v2\/product_cat?post=94354"},{"taxonomy":"product_tag","embeddable":true,"href":"https:\/\/www.ecommerceupdate.com.br\/fr_be\/wp-json\/wp\/v2\/product_tag?post=94354"}],"curies":[{"name":"wp","href":"https:\/\/api.w.org\/{rel}","templated":true}]}}