{"id":94361,"date":"2026-03-12T13:41:57","date_gmt":"2026-03-12T16:41:57","guid":{"rendered":"https:\/\/www.ecommerceupdate.com.br\/produto\/amazon-fba-masterclass-navigating-the-e-commerce-revolution\/"},"modified":"2026-05-13T11:01:53","modified_gmt":"2026-05-13T14:01:53","slug":"amazon-fba-masterclass-navigating-the-e-commerce-revolution","status":"publish","type":"product","link":"https:\/\/www.ecommerceupdate.com.br\/fr_be\/produto\/amazon-fba-masterclass-navigating-the-e-commerce-revolution\/","title":{"rendered":"Amazon FBA Masterclass : naviguer dans la r\u00e9volution du commerce \u00e9lectronique"},"content":{"rendered":"<div class=\"woocommerce-product-details\">\n<h3>D\u00e9tails du produit<\/h3>\n<ul>\n<li>ASIN : B0CDNMNTJP<\/li>\n<li>Editeur : Publi\u00e9 ind\u00e9pendamment<\/li>\n<li>Date de publication : 5 ao\u00fbt 2023<\/li>\n<li>Langue : Anglais<\/li>\n<li>ISBN-13:979-8856122717<\/li>\n<li>Poids du produit : 127g<\/li>\n<li>Dimensions : 21,59 x 0,18 x 27,94 cm<\/li>\n<li>Avis des clients : 3,7 3,7 sur 5 \u00e9toiles (4)<\/li>\n<\/ul><\/div>","protected":false},"excerpt":{"rendered":"<p>Transformez votre fonctionnement commercial en ligne en ma\u00eetrisant Amazon FBA avec un guide pratique qui fournit des r\u00e9sultats r\u00e9els d\u00e8s le premier envoi.Dans l'\u00e9dition anglaise de Benjamin Stone, le livre pr\u00e9sente des strat\u00e9gies \u00e9prouv\u00e9es pour le lancement, la gestion des stocks et l'optimisation des publicit\u00e9s, pour seulement R$ 63.77.<\/p>","protected":false},"featured_media":94361,"comment_status":"open","ping_status":"closed","template":"","meta":[],"product_cat":[1611,1595,1610],"product_tag":[2496,2497,2498],"class_list":{"0":"post-94361","1":"product","2":"type-product","3":"status-publish","4":"has-post-thumbnail","5":"product_brand-edicao-ingls-por-benjamin-stone-autor","6":"product_cat-administracao-negocios-e-economia","7":"product_cat-livros","8":"product_cat-livros-internacionais","9":"product_tag-amazon-fba-book","10":"product_tag-fba-masterclass-for-sellers","11":"product_tag-step-by-step-amazon-selling-guide","13":"first","14":"instock","15":"shipping-taxable","16":"purchasable","17":"product-type-simple"},"aioseo_notices":[],"_links":{"self":[{"href":"https:\/\/www.ecommerceupdate.com.br\/fr_be\/wp-json\/wp\/v2\/product\/94361","targetHints":{"allow":["GET"]}}],"collection":[{"href":"https:\/\/www.ecommerceupdate.com.br\/fr_be\/wp-json\/wp\/v2\/product"}],"about":[{"href":"https:\/\/www.ecommerceupdate.com.br\/fr_be\/wp-json\/wp\/v2\/types\/product"}],"replies":[{"embeddable":true,"href":"https:\/\/www.ecommerceupdate.com.br\/fr_be\/wp-json\/wp\/v2\/comments?post=94361"}],"wp:featuredmedia":[{"embeddable":true,"href":"https:\/\/www.ecommerceupdate.com.br\/fr_be\/wp-json\/wp\/v2\/product\/94361"}],"wp:attachment":[{"href":"https:\/\/www.ecommerceupdate.com.br\/fr_be\/wp-json\/wp\/v2\/media?parent=94361"}],"wp:term":[{"taxonomy":"product_cat","embeddable":true,"href":"https:\/\/www.ecommerceupdate.com.br\/fr_be\/wp-json\/wp\/v2\/product_cat?post=94361"},{"taxonomy":"product_tag","embeddable":true,"href":"https:\/\/www.ecommerceupdate.com.br\/fr_be\/wp-json\/wp\/v2\/product_tag?post=94361"}],"curies":[{"name":"wp","href":"https:\/\/api.w.org\/{rel}","templated":true}]}}