{"id":94373,"date":"2026-03-12T13:47:01","date_gmt":"2026-03-12T16:47:01","guid":{"rendered":"https:\/\/www.ecommerceupdate.com.br\/produto\/comercio-digital-e-pmes-em-puebla-o-impacto-do-comercio-digital-e-da-logistica\/"},"modified":"2026-05-13T11:04:58","modified_gmt":"2026-05-13T14:04:58","slug":"comercio-digital-e-pmes-em-puebla-o-impacto-do-comercio-digital-e-da-logistica","status":"publish","type":"product","link":"https:\/\/www.ecommerceupdate.com.br\/fr_be\/produto\/comercio-digital-e-pmes-em-puebla-o-impacto-do-comercio-digital-e-da-logistica\/","title":{"rendered":"Commerce num\u00e9rique et PME \u00e0 Puebla : L'impact du commerce num\u00e9rique et de la logistique"},"content":{"rendered":"<div class=\"woocommerce-product-details\">\n<h3>D\u00e9tails du produit<\/h3>\n<ul>\n<li>Editeur : Editions Our Knowledge<\/li>\n<li>Date de publication : 31 mai 2022<\/li>\n<li>Langue : Portugais<\/li>\n<li>Nombre de pages : 60 pages<\/li>\n<li>ISBN-10:6204785532<\/li>\n<li>ISBN-13:978-6204785530<\/li>\n<li>Dimensions : 15 x 0,36 x 22 cm<\/li>\n<\/ul><\/div>","protected":false},"excerpt":{"rendered":"<p>Boostez la comp\u00e9titivit\u00e9 de votre PME \u00e0 Puebla avec des pratiques de commerce num\u00e9rique qui connectent la vente en ligne, la logistique efficace et le service client. Ce livre analyse l'impact du commerce et de la logistique num\u00e9riques sur la gestion et la performance des PME, offrant des informations pratiques et des voies vers des r\u00e9sultats r\u00e9els. Disponible par R$ 258.40.<\/p>","protected":false},"featured_media":94373,"comment_status":"open","ping_status":"closed","template":"","meta":[],"product_cat":[1611,1621,1595],"product_tag":[2182,2468,2469],"class_list":{"0":"post-94373","1":"product","2":"type-product","3":"status-publish","4":"has-post-thumbnail","5":"product_brand-por-juan-carlos-aranda-autor","6":"product_cat-administracao-negocios-e-economia","7":"product_cat-gestao-e-lideranca","8":"product_cat-livros","9":"product_tag-livro-comercio-digital-pmes-puebla","10":"product_tag-logistica-para-pmes","11":"product_tag-transformacao-digital-pmes-puebla","13":"first","14":"instock","15":"shipping-taxable","16":"purchasable","17":"product-type-simple"},"aioseo_notices":[],"_links":{"self":[{"href":"https:\/\/www.ecommerceupdate.com.br\/fr_be\/wp-json\/wp\/v2\/product\/94373","targetHints":{"allow":["GET"]}}],"collection":[{"href":"https:\/\/www.ecommerceupdate.com.br\/fr_be\/wp-json\/wp\/v2\/product"}],"about":[{"href":"https:\/\/www.ecommerceupdate.com.br\/fr_be\/wp-json\/wp\/v2\/types\/product"}],"replies":[{"embeddable":true,"href":"https:\/\/www.ecommerceupdate.com.br\/fr_be\/wp-json\/wp\/v2\/comments?post=94373"}],"wp:featuredmedia":[{"embeddable":true,"href":"https:\/\/www.ecommerceupdate.com.br\/fr_be\/wp-json\/wp\/v2\/product\/94373"}],"wp:attachment":[{"href":"https:\/\/www.ecommerceupdate.com.br\/fr_be\/wp-json\/wp\/v2\/media?parent=94373"}],"wp:term":[{"taxonomy":"product_cat","embeddable":true,"href":"https:\/\/www.ecommerceupdate.com.br\/fr_be\/wp-json\/wp\/v2\/product_cat?post=94373"},{"taxonomy":"product_tag","embeddable":true,"href":"https:\/\/www.ecommerceupdate.com.br\/fr_be\/wp-json\/wp\/v2\/product_tag?post=94373"}],"curies":[{"name":"wp","href":"https:\/\/api.w.org\/{rel}","templated":true}]}}