{"id":91395,"date":"2026-02-06T04:35:58","date_gmt":"2026-02-06T07:35:58","guid":{"rendered":"https:\/\/www.ecommerceupdate.org\/produto\/curso-completo-como-construir-uma-lista-de-e-mail-lucrativa-marketing-digital\/"},"modified":"2026-05-11T11:19:28","modified_gmt":"2026-05-11T14:19:28","slug":"curso-completo-como-construir-uma-lista-de-e-mail-lucrativa-marketing-digital","status":"publish","type":"product","link":"https:\/\/www.ecommerceupdate.com.br\/he\/produto\/curso-completo-como-construir-uma-lista-de-e-mail-lucrativa-marketing-digital\/","title":{"rendered":"Curso Completo: Como Construir uma Lista de E-mail Lucrativa (Marketing Digital)"},"content":{"rendered":"<div class=\"woocommerce-product-details\"><\/div>","protected":false},"excerpt":{"rendered":"<p>Conquiste uma lista de e-mails lucrativa e eleve o desempenho das suas campanhas, convertendo assinantes em clientes com maior taxa de abertura e de convers\u00e3o. O curso completo oferece um plano pr\u00e1tico com etapas mensur\u00e1veis, incluindo cria\u00e7\u00e3o de iscas digitais eficazes, automa\u00e7\u00e3o de nurturing e segmenta\u00e7\u00e3o avan\u00e7ada para resultados reais. Pre\u00e7o de apenas R$ 9,90 e conte\u00fados focados em administra\u00e7\u00e3o, neg\u00f3cios e economia tornam este estudo acess\u00edvel \u2014 leia mais para descobrir como aplicar as estrat\u00e9gias imediatamente.<\/p>","protected":false},"featured_media":91395,"comment_status":"open","ping_status":"closed","template":"","meta":[],"product_cat":[1611,1608,1607],"product_tag":[2846,2845,2847],"class_list":{"0":"post-91395","1":"product","2":"type-product","3":"status-publish","4":"has-post-thumbnail","5":"product_brand-por-jos-neto-autor-formato-ebook-kindle","6":"product_cat-administracao-negocios-e-economia","7":"product_cat-ebooks-kindle","8":"product_cat-loja-kindle","9":"product_tag-como-construir-lista-de-e-mails","10":"product_tag-curso-completo-de-e-mail-marketing-lucrativo","11":"product_tag-lista-de-e-mails-para-marketing-digital","13":"first","14":"instock","15":"shipping-taxable","16":"purchasable","17":"product-type-simple"},"aioseo_notices":[],"_links":{"self":[{"href":"https:\/\/www.ecommerceupdate.com.br\/he\/wp-json\/wp\/v2\/product\/91395","targetHints":{"allow":["GET"]}}],"collection":[{"href":"https:\/\/www.ecommerceupdate.com.br\/he\/wp-json\/wp\/v2\/product"}],"about":[{"href":"https:\/\/www.ecommerceupdate.com.br\/he\/wp-json\/wp\/v2\/types\/product"}],"replies":[{"embeddable":true,"href":"https:\/\/www.ecommerceupdate.com.br\/he\/wp-json\/wp\/v2\/comments?post=91395"}],"wp:featuredmedia":[{"embeddable":true,"href":"https:\/\/www.ecommerceupdate.com.br\/he\/wp-json\/wp\/v2\/product\/91395"}],"wp:attachment":[{"href":"https:\/\/www.ecommerceupdate.com.br\/he\/wp-json\/wp\/v2\/media?parent=91395"}],"wp:term":[{"taxonomy":"product_cat","embeddable":true,"href":"https:\/\/www.ecommerceupdate.com.br\/he\/wp-json\/wp\/v2\/product_cat?post=91395"},{"taxonomy":"product_tag","embeddable":true,"href":"https:\/\/www.ecommerceupdate.com.br\/he\/wp-json\/wp\/v2\/product_tag?post=91395"}],"curies":[{"name":"wp","href":"https:\/\/api.w.org\/{rel}","templated":true}]}}