{"id":91697,"date":"2026-02-08T10:23:03","date_gmt":"2026-02-08T13:23:03","guid":{"rendered":"https:\/\/www.ecommerceupdate.org\/produto\/a-psicologia-financeira-licoes-atemporais-sobre-fortuna-ganancia-e-felicidade\/"},"modified":"2026-05-11T09:46:12","modified_gmt":"2026-05-11T12:46:12","slug":"a-psicologia-financeira-licoes-atemporais-sobre-fortuna-ganancia-e-felicidade","status":"publish","type":"product","link":"https:\/\/www.ecommerceupdate.com.br\/he\/produto\/a-psicologia-financeira-licoes-atemporais-sobre-fortuna-ganancia-e-felicidade\/","title":{"rendered":"A psicologia financeira: li\u00e7\u00f5es atemporais sobre fortuna, gan\u00e2ncia e felicidade"},"content":{"rendered":"<div class=\"woocommerce-product-details\"><\/div>","protected":false},"excerpt":{"rendered":"<p>Transforme sua rela\u00e7\u00e3o com o dinheiro ao aprender li\u00e7\u00f5es atemporais sobre fortuna, gan\u00e2ncia e felicidade que ajudam a tomar decis\u00f5es mais racionais e satisfat\u00f3rias. O livro, na categoria Administra\u00e7\u00e3o, Neg\u00f3cios e Economia, oferece relatos pr\u00e1ticos, estudos de caso e estrat\u00e9gias de autoconhecimento financeiro, com pre\u00e7o de R$ 30,85. Leia para descobrir como aplicar essas li\u00e7\u00f5es no dia a dia e transformar sua vis\u00e3o de riqueza e bem-estar, come\u00e7ando agora.<\/p>","protected":false},"featured_media":91697,"comment_status":"open","ping_status":"closed","template":"","meta":[],"product_cat":[1611,1613,1595],"product_tag":[2715,2714,2713],"class_list":{"0":"post-91697","1":"product","2":"type-product","3":"status-publish","4":"has-post-thumbnail","5":"product_brand-edicao-portugus-por-morgan-housel-autor-roberta-clapp-tradutor-bruno-fiuza-tradutor-0-mais","6":"product_cat-administracao-negocios-e-economia","7":"product_cat-industrias-e-profissoes","8":"product_cat-livros","9":"product_tag-decisoes-de-investimento-conscientes","10":"product_tag-financas-comportamentais-praticas","11":"product_tag-livro-psicologia-financeira","13":"first","14":"instock","15":"sale","16":"shipping-taxable","17":"purchasable","18":"product-type-simple"},"aioseo_notices":[],"_links":{"self":[{"href":"https:\/\/www.ecommerceupdate.com.br\/he\/wp-json\/wp\/v2\/product\/91697","targetHints":{"allow":["GET"]}}],"collection":[{"href":"https:\/\/www.ecommerceupdate.com.br\/he\/wp-json\/wp\/v2\/product"}],"about":[{"href":"https:\/\/www.ecommerceupdate.com.br\/he\/wp-json\/wp\/v2\/types\/product"}],"replies":[{"embeddable":true,"href":"https:\/\/www.ecommerceupdate.com.br\/he\/wp-json\/wp\/v2\/comments?post=91697"}],"wp:featuredmedia":[{"embeddable":true,"href":"https:\/\/www.ecommerceupdate.com.br\/he\/wp-json\/wp\/v2\/product\/91697"}],"wp:attachment":[{"href":"https:\/\/www.ecommerceupdate.com.br\/he\/wp-json\/wp\/v2\/media?parent=91697"}],"wp:term":[{"taxonomy":"product_cat","embeddable":true,"href":"https:\/\/www.ecommerceupdate.com.br\/he\/wp-json\/wp\/v2\/product_cat?post=91697"},{"taxonomy":"product_tag","embeddable":true,"href":"https:\/\/www.ecommerceupdate.com.br\/he\/wp-json\/wp\/v2\/product_tag?post=91697"}],"curies":[{"name":"wp","href":"https:\/\/api.w.org\/{rel}","templated":true}]}}