{"id":93415,"date":"2026-03-04T08:48:13","date_gmt":"2026-03-04T11:48:13","guid":{"rendered":"https:\/\/www.ecommerceupdate.com.br\/produto\/mastering-facebook-marketplace-introduction-to-facebook-marketplace-english-edition\/"},"modified":"2026-05-11T09:53:24","modified_gmt":"2026-05-11T12:53:24","slug":"mastering-facebook-marketplace-introduction-to-facebook-marketplace-english-edition","status":"publish","type":"product","link":"https:\/\/www.ecommerceupdate.com.br\/he\/produto\/mastering-facebook-marketplace-introduction-to-facebook-marketplace-english-edition\/","title":{"rendered":"Mastering Facebook Marketplace: Introduction to Facebook Marketplace (English Edition)"},"content":{"rendered":"<div class=\"woocommerce-product-details\"><\/div>","protected":false},"excerpt":{"rendered":"<p>Domine o Facebook Marketplace e aumente suas vendas com estrat\u00e9gias pr\u00e1ticas que ajudam voc\u00ea a encontrar, listar e fechar neg\u00f3cios com efici\u00eancia. Apresentado na edi\u00e7\u00e3o inglesa de Valentin Vishnyakov, este guia em formato Kindle oferece m\u00e9todos comprovados para otimizar precifica\u00e7\u00e3o, fotos de alto impacto e comunica\u00e7\u00e3o com compradores. Quer ler mais e transformar suas opera\u00e7\u00f5es no Marketplace? Este livro internacional, dispon\u00edvel por R$ 122,15, \u00e9 o ponto de partida para resultados reais.<\/p>","protected":false},"featured_media":93415,"comment_status":"open","ping_status":"closed","template":"","meta":[],"product_cat":[1653,1595,1610],"product_tag":[2635,2636,2637],"class_list":{"0":"post-93415","1":"product","2":"type-product","3":"status-publish","4":"has-post-thumbnail","5":"product_brand-edicao-ingls-por-valentin-vishnyakov-autor-formato-ebook-kindle","6":"product_cat-educacao-referencia-e-didaticos","7":"product_cat-livros","8":"product_cat-livros-internacionais","9":"product_tag-facebook-marketplace-guide-kindle-ebook","10":"product_tag-how-to-sell-on-facebook-marketplace-guide","11":"product_tag-valentin-vishnyakov-facebook-marketplace-book","13":"first","14":"instock","15":"shipping-taxable","16":"purchasable","17":"product-type-simple"},"aioseo_notices":[],"_links":{"self":[{"href":"https:\/\/www.ecommerceupdate.com.br\/he\/wp-json\/wp\/v2\/product\/93415","targetHints":{"allow":["GET"]}}],"collection":[{"href":"https:\/\/www.ecommerceupdate.com.br\/he\/wp-json\/wp\/v2\/product"}],"about":[{"href":"https:\/\/www.ecommerceupdate.com.br\/he\/wp-json\/wp\/v2\/types\/product"}],"replies":[{"embeddable":true,"href":"https:\/\/www.ecommerceupdate.com.br\/he\/wp-json\/wp\/v2\/comments?post=93415"}],"wp:featuredmedia":[{"embeddable":true,"href":"https:\/\/www.ecommerceupdate.com.br\/he\/wp-json\/wp\/v2\/product\/93415"}],"wp:attachment":[{"href":"https:\/\/www.ecommerceupdate.com.br\/he\/wp-json\/wp\/v2\/media?parent=93415"}],"wp:term":[{"taxonomy":"product_cat","embeddable":true,"href":"https:\/\/www.ecommerceupdate.com.br\/he\/wp-json\/wp\/v2\/product_cat?post=93415"},{"taxonomy":"product_tag","embeddable":true,"href":"https:\/\/www.ecommerceupdate.com.br\/he\/wp-json\/wp\/v2\/product_tag?post=93415"}],"curies":[{"name":"wp","href":"https:\/\/api.w.org\/{rel}","templated":true}]}}