{"id":93671,"date":"2026-03-05T14:06:33","date_gmt":"2026-03-05T17:06:33","guid":{"rendered":"https:\/\/www.ecommerceupdate.com.br\/produto\/mercado-livre-sem-atalhos-o-metodo-de-estudo-e-execucao-por-tras-de-vendas-consistentes-em-marketplaces\/"},"modified":"2026-05-08T11:48:18","modified_gmt":"2026-05-08T14:48:18","slug":"mercado-livre-sem-atalhos-o-metodo-de-estudo-e-execucao-por-tras-de-vendas-consistentes-em-marketplaces","status":"publish","type":"product","link":"https:\/\/www.ecommerceupdate.com.br\/he\/produto\/mercado-livre-sem-atalhos-o-metodo-de-estudo-e-execucao-por-tras-de-vendas-consistentes-em-marketplaces\/","title":{"rendered":"Mercado Livre Sem Atalhos: O m\u00e9todo de estudo e execu\u00e7\u00e3o por tr\u00e1s de vendas consistentes em marketplaces"},"content":{"rendered":"<div class=\"woocommerce-product-details\">\n<h3>Detalhes do produto<\/h3>\n<ul>\n<li>ASIN : B0GF5TDCYZ<\/li>\n<li>Acessibilidade : Saiba mais<\/li>\n<li>Data da publica\u00e7\u00e3o : 6 janeiro 2026<\/li>\n<li>Edi\u00e7\u00e3o : 1\u00aa<\/li>\n<li>Idioma : Portugu\u00eas<\/li>\n<li>Tamanho do arquivo : 5.0 MB<\/li>\n<li>Leitor de tela : Compat\u00edvel<\/li>\n<li>Configura\u00e7\u00e3o de fonte : Habilitado<\/li>\n<li>Dicas de vocabul\u00e1rio : N\u00e3o habilitado<\/li>\n<li>N\u00famero de p\u00e1ginas : 75 p\u00e1ginas<\/li>\n<li>Page Flip : Habilitado<\/li>\n<li>Ranking dos mais vendidos: N\u00ba 520.978 em Loja Kindle (Conhe\u00e7a o Top 100 na categoria Loja Kindle) N\u00ba 451 em Publicidade N\u00ba 1.835 em Empreendimento N\u00ba 3.658 em Gest\u00e3o de Lideran\u00e7a<\/li>\n<li>N\u00ba 451 em Publicidade<\/li>\n<li>N\u00ba 1.835 em Empreendimento<\/li>\n<li>N\u00ba 3.658 em Gest\u00e3o de Lideran\u00e7a<\/li>\n<\/ul><\/div>","protected":false},"excerpt":{"rendered":"<p>Este livro n\u00e3o \u00e9 sobre atalhos, f\u00f3rmulas prontas ou promessas r\u00e1pidas.Ele foi constru\u00eddo a partir de um \u00fanico princ\u00edpio: vendas consistentes no Mercado Livre exigem m\u00e9todo, estudo e execu\u00e7\u00e3o, n\u00e3o sorte.Ao longo das p\u00e1ginas, o autor compartilha o modelo de aprendizado que utilizou para se formar programador ainda jovem, construir carreira na fisioterapia e, mais tarde, aprender do zero a vender no Mercado Livre \u2014 sempre com base em leitura t\u00e9cnica, pr\u00e1tica real, erro e repeti\u00e7\u00e3o.Aqui, voc\u00ea n\u00e3o encontrar\u00e1 \u201cdicas soltas\u201d nem conte\u00fado raso.<br \/>O foco \u00e9 entender a l\u00f3gica da plataforma, as decis\u00f5es que evitam preju\u00edzo, os erros mais comuns de iniciantes e a import\u00e2ncia de desenvolver um processo s\u00f3lido antes de buscar escala.Este livro foi escrito para quem est\u00e1 disposto a pensar antes de vender, estudar antes de executar e assumir responsabilidade pelo pr\u00f3prio aprendizado.Se voc\u00ea procura dinheiro f\u00e1cil, este n\u00e3o \u00e9 o livro certo.<br \/>Se procura clareza, estrutura e um caminho honesto para aprender a jogar o jogo corretamente, este material pode ser um divisor de \u00e1guas.<\/p>","protected":false},"featured_media":93671,"comment_status":"open","ping_status":"closed","template":"","meta":[],"product_cat":[1611,1621,1595],"product_tag":[],"class_list":{"0":"post-93671","1":"product","2":"type-product","3":"status-publish","4":"has-post-thumbnail","5":"product_brand-por-andr-luiz-silva-e-souza-autor-formato-ebook-kindle","6":"product_cat-administracao-negocios-e-economia","7":"product_cat-gestao-e-lideranca","8":"product_cat-livros","10":"first","11":"instock","12":"shipping-taxable","13":"purchasable","14":"product-type-simple"},"aioseo_notices":[],"_links":{"self":[{"href":"https:\/\/www.ecommerceupdate.com.br\/he\/wp-json\/wp\/v2\/product\/93671","targetHints":{"allow":["GET"]}}],"collection":[{"href":"https:\/\/www.ecommerceupdate.com.br\/he\/wp-json\/wp\/v2\/product"}],"about":[{"href":"https:\/\/www.ecommerceupdate.com.br\/he\/wp-json\/wp\/v2\/types\/product"}],"replies":[{"embeddable":true,"href":"https:\/\/www.ecommerceupdate.com.br\/he\/wp-json\/wp\/v2\/comments?post=93671"}],"wp:featuredmedia":[{"embeddable":true,"href":"https:\/\/www.ecommerceupdate.com.br\/he\/wp-json\/wp\/v2\/product\/93671"}],"wp:attachment":[{"href":"https:\/\/www.ecommerceupdate.com.br\/he\/wp-json\/wp\/v2\/media?parent=93671"}],"wp:term":[{"taxonomy":"product_cat","embeddable":true,"href":"https:\/\/www.ecommerceupdate.com.br\/he\/wp-json\/wp\/v2\/product_cat?post=93671"},{"taxonomy":"product_tag","embeddable":true,"href":"https:\/\/www.ecommerceupdate.com.br\/he\/wp-json\/wp\/v2\/product_tag?post=93671"}],"curies":[{"name":"wp","href":"https:\/\/api.w.org\/{rel}","templated":true}]}}