{"id":93850,"date":"2026-03-05T21:50:11","date_gmt":"2026-03-06T00:50:11","guid":{"rendered":"https:\/\/www.ecommerceupdate.com.br\/produto\/how-to-start-an-online-craft-supplies-store-a-step-by-step-guide-to-building-launching-and-growing-a-profitable-online-craft-business-english-edition\/"},"modified":"2026-05-13T10:32:59","modified_gmt":"2026-05-13T13:32:59","slug":"how-to-start-an-online-craft-supplies-store-a-step-by-step-guide-to-building-launching-and-growing-a-profitable-online-craft-business-english-edition","status":"publish","type":"product","link":"https:\/\/www.ecommerceupdate.com.br\/he\/produto\/how-to-start-an-online-craft-supplies-store-a-step-by-step-guide-to-building-launching-and-growing-a-profitable-online-craft-business-english-edition\/","title":{"rendered":"How to Start an Online Craft Supplies Store: A Step-by-Step Guide to Building, Launching, and Growing a Profitable Online Craft Business (English Edition)"},"content":{"rendered":"<div class=\"woocommerce-product-details\">\n<h3>Detalhes do produto<\/h3>\n<ul>\n<li>ASIN : B0GQPGP41Y<\/li>\n<li>Editora : Douw Steyn<\/li>\n<li>Acessibilidade : Saiba mais<\/li>\n<li>Data da publica\u00e7\u00e3o : 1 mar\u00e7o 2026<\/li>\n<li>Idioma : Ingl\u00eas<\/li>\n<li>Tamanho do arquivo : 2.1 MB<\/li>\n<li>Leitor de tela : Compat\u00edvel<\/li>\n<li>Configura\u00e7\u00e3o de fonte : Habilitado<\/li>\n<li>X-Ray : N\u00e3o habilitado<\/li>\n<li>Dicas de vocabul\u00e1rio : Habilitado<\/li>\n<li>N\u00famero de p\u00e1ginas : 122 p\u00e1ginas<\/li>\n<li>Page Flip : Habilitado<\/li>\n<\/ul><\/div>","protected":false},"excerpt":{"rendered":"<p>Starting an online craft supplies store is one of the most practical ways to turn creativity into a sustainable business\u2014especially in South Africa\u2019s growing DIY and maker economy.How to Start an Online Craft Supplies Store is a clear, practical guide for beginners who want to launch a professional, profitable online craft retail business without guesswork or costly mistakes. Written specifically with South African entrepreneurs in mind, this book walks you step by step through the entire process\u2014from choosing a craft niche to building a store that customers trust and return to.Inside this guide, you\u2019ll learn how to:<\/p>\n<p><span>Understand the online craft and DIY market in South Africa<\/span><\/p>\n<p>Understand the online craft and DIY market in South Africa<\/p>\n<p><span>Choose a profitable craft niche without overstocking or overspending<\/span><\/p>\n<p>Choose a profitable craft niche without overstocking or overspending<\/p>\n<p><span>Source craft supplies locally and internationally with confidence<\/span><\/p>\n<p>Source craft supplies locally and internationally with confidence<\/p>\n<p><span>Price products correctly while accounting for VAT and courier costs<\/span><\/p>\n<p>Price products correctly while accounting for VAT and courier costs<\/p>\n<p><span>Set up a user-friendly online store that works on mobile devices<\/span><\/p>\n<p>Set up a user-friendly online store that works on mobile devices<\/p>\n<p><span>Manage inventory, fulfilment, and customer expectations<\/span><\/p>\n<p>Manage inventory, fulfilment, and customer expectations<\/p>\n<p><span>Market your craft supplies store ethically and sustainably<\/span><\/p>\n<p>Market your craft supplies store ethically and sustainably<\/p>\n<p><span>Build long-term customer relationships and scale responsibly<\/span><\/p>\n<p>Build long-term customer relationships and scale responsiblyThis book is ideal for:<\/p>\n<p><span>Crafters who want to turn their hobby into income<\/span><\/p>\n<p>Crafters who want to turn their hobby into income<\/p>\n<p><span>Entrepreneurs starting an online retail business from home<\/span><\/p>\n<p>Entrepreneurs starting an online retail business from home<\/p>\n<p><span>Side-hustlers looking for a flexible, low-overhead business<\/span><\/p>\n<p>Side-hustlers looking for a flexible, low-overhead business<\/p>\n<p><span>Anyone who wants a realistic, South Africa-focused guide to eCommerce<\/span><\/p>\n<p>Anyone who wants a realistic, South Africa-focused guide to eCommerceThis is not a \u201cget rich quick\u201d book. It is a practical roadmap for building a steady, ethical, and sustainable online craft supplies business\u2014one step at a time.<\/p>","protected":false},"featured_media":93850,"comment_status":"open","ping_status":"closed","template":"","meta":[],"product_cat":[1608,1628,1607],"product_tag":[],"class_list":{"0":"post-93850","1":"product","2":"type-product","3":"status-publish","4":"has-post-thumbnail","5":"product_brand-edicao-ingls-por-douw-steyn-autor-formato-ebook-kindle","6":"product_cat-ebooks-kindle","7":"product_cat-ingles-e-outras-linguas","8":"product_cat-loja-kindle","10":"first","11":"instock","12":"shipping-taxable","13":"purchasable","14":"product-type-simple"},"aioseo_notices":[],"_links":{"self":[{"href":"https:\/\/www.ecommerceupdate.com.br\/he\/wp-json\/wp\/v2\/product\/93850","targetHints":{"allow":["GET"]}}],"collection":[{"href":"https:\/\/www.ecommerceupdate.com.br\/he\/wp-json\/wp\/v2\/product"}],"about":[{"href":"https:\/\/www.ecommerceupdate.com.br\/he\/wp-json\/wp\/v2\/types\/product"}],"replies":[{"embeddable":true,"href":"https:\/\/www.ecommerceupdate.com.br\/he\/wp-json\/wp\/v2\/comments?post=93850"}],"wp:featuredmedia":[{"embeddable":true,"href":"https:\/\/www.ecommerceupdate.com.br\/he\/wp-json\/wp\/v2\/product\/93850"}],"wp:attachment":[{"href":"https:\/\/www.ecommerceupdate.com.br\/he\/wp-json\/wp\/v2\/media?parent=93850"}],"wp:term":[{"taxonomy":"product_cat","embeddable":true,"href":"https:\/\/www.ecommerceupdate.com.br\/he\/wp-json\/wp\/v2\/product_cat?post=93850"},{"taxonomy":"product_tag","embeddable":true,"href":"https:\/\/www.ecommerceupdate.com.br\/he\/wp-json\/wp\/v2\/product_tag?post=93850"}],"curies":[{"name":"wp","href":"https:\/\/api.w.org\/{rel}","templated":true}]}}