{"id":93898,"date":"2026-03-06T07:21:58","date_gmt":"2026-03-06T10:21:58","guid":{"rendered":"https:\/\/www.ecommerceupdate.com.br\/produto\/aspectos-de-operacoes-multicanais-e-omnichannel\/"},"modified":"2026-03-13T15:49:55","modified_gmt":"2026-03-13T18:49:55","slug":"aspectos-de-operacoes-multicanais-e-omnichannel","status":"publish","type":"product","link":"https:\/\/www.ecommerceupdate.com.br\/he\/produto\/aspectos-de-operacoes-multicanais-e-omnichannel\/","title":{"rendered":"Aspectos de opera\u00e7\u00f5es multicanais e omnichannel"},"content":{"rendered":"<div class=\"woocommerce-product-details\">\n<h3>Detalhes do produto<\/h3>\n<ul>\n<li>Editora : InterSaberes<\/li>\n<li>Data da publica\u00e7\u00e3o : 28 fevereiro 2022<\/li>\n<li>Edi\u00e7\u00e3o : 1\u00aa<\/li>\n<li>Idioma : Portugu\u00eas<\/li>\n<li>N\u00famero de p\u00e1ginas : 266 p\u00e1ginas<\/li>\n<li>ISBN-10 : 655517367X<\/li>\n<li>ISBN-13 : 978-6555173673<\/li>\n<li>Peso do produto : 300 g<\/li>\n<li>Dimens\u00f5es : 14 x 1.4 x 21 cm<\/li>\n<li>Ranking dos mais vendidos: N\u00ba 483.474 em Livros (Conhe\u00e7a o Top 100 na categoria Livros) N\u00ba 316 em Web Marketing N\u00ba 1.221 em Marketing N\u00ba 9.004 em Gest\u00e3o e Lideran\u00e7a<\/li>\n<li>N\u00ba 316 em Web Marketing<\/li>\n<li>N\u00ba 1.221 em Marketing<\/li>\n<li>N\u00ba 9.004 em Gest\u00e3o e Lideran\u00e7a<\/li>\n<li>Avalia\u00e7\u00f5es dos clientes: 5,0 5,0 de 5 estrelas (4)<\/li>\n<\/ul><\/div>","protected":false},"excerpt":{"rendered":"<p>Imagine a seguinte situa\u00e7\u00e3o: voc\u00ea est\u00e1 em uma loja, sente-se atra\u00eddo por um produto, examina as funcionalidades e, por fim, decide n\u00e3o o comprar. Mais tarde, ao chegar em casa, voc\u00ea se arrepende de n\u00e3o ter adquirido o produto, mas se lembra de que aquela loja em que voc\u00ea esteve tem um aplicativo de vendas on-line. C\u00f4modo, n\u00e3o \u00e9? Do conforto de seu lar, voc\u00ea compra aquele produto que j\u00e1 teve o prazer de \u201cver com as m\u00e3os\u201d e ainda pode receb\u00ea-lo sem sair de casa. Essa experi\u00eancia de consumo s\u00f3 pode ser vivenciada em empresas que atuam em diversas plataformas (multicanais), que podem ser f\u00edsicas ou virtuais. A facilidade de iniciar uma compra em um ambiente f\u00edsico (loja) e finaliz\u00e1-la em meio virtual (internet) s\u00f3 \u00e9 poss\u00edvel se a empresa adota a estrat\u00e9gia omnichannel. Para o consumidor atual, essa possibilidade pode ser o diferencial para que ele efetue ou n\u00e3o a compra. Nesta obra, voc\u00ea aprender\u00e1 a tirar proveito da estrat\u00e9gia omnichannel, seja como consumidor, seja como empres\u00e1rio, seja como vendedor.<\/p>","protected":false},"featured_media":0,"comment_status":"open","ping_status":"closed","template":"","meta":[],"product_cat":[1611,1595,1618],"product_tag":[],"class_list":{"0":"post-93898","1":"product","2":"type-product","3":"status-publish","4":"product_brand-por-las-ribeiro-autor-dayanna-dos-santos-costa-maciel-autor","5":"product_cat-administracao-negocios-e-economia","6":"product_cat-livros","7":"product_cat-marketing-e-vendas","9":"first","10":"instock","11":"sale","12":"shipping-taxable","13":"purchasable","14":"product-type-simple"},"aioseo_notices":[],"_links":{"self":[{"href":"https:\/\/www.ecommerceupdate.com.br\/he\/wp-json\/wp\/v2\/product\/93898","targetHints":{"allow":["GET"]}}],"collection":[{"href":"https:\/\/www.ecommerceupdate.com.br\/he\/wp-json\/wp\/v2\/product"}],"about":[{"href":"https:\/\/www.ecommerceupdate.com.br\/he\/wp-json\/wp\/v2\/types\/product"}],"replies":[{"embeddable":true,"href":"https:\/\/www.ecommerceupdate.com.br\/he\/wp-json\/wp\/v2\/comments?post=93898"}],"wp:attachment":[{"href":"https:\/\/www.ecommerceupdate.com.br\/he\/wp-json\/wp\/v2\/media?parent=93898"}],"wp:term":[{"taxonomy":"product_cat","embeddable":true,"href":"https:\/\/www.ecommerceupdate.com.br\/he\/wp-json\/wp\/v2\/product_cat?post=93898"},{"taxonomy":"product_tag","embeddable":true,"href":"https:\/\/www.ecommerceupdate.com.br\/he\/wp-json\/wp\/v2\/product_tag?post=93898"}],"curies":[{"name":"wp","href":"https:\/\/api.w.org\/{rel}","templated":true}]}}