{"id":93907,"date":"2026-03-06T07:24:33","date_gmt":"2026-03-06T10:24:33","guid":{"rendered":"https:\/\/www.ecommerceupdate.com.br\/produto\/omni-channel-retailing-an-analysis-of-channel-interdependencies-integration-services-and-specific-marketing-instruments\/"},"modified":"2026-05-13T10:44:48","modified_gmt":"2026-05-13T13:44:48","slug":"omni-channel-retailing-an-analysis-of-channel-interdependencies-integration-services-and-specific-marketing-instruments","status":"publish","type":"product","link":"https:\/\/www.ecommerceupdate.com.br\/he\/produto\/omni-channel-retailing-an-analysis-of-channel-interdependencies-integration-services-and-specific-marketing-instruments\/","title":{"rendered":"Omni-Channel Retailing: An Analysis of Channel Interdependencies, Integration Services and Specific Marketing Instruments"},"content":{"rendered":"<div class=\"woocommerce-product-details\"><\/div>","protected":false},"excerpt":{"rendered":"<p>Domine a gest\u00e3o de varejo multicanal com uma vis\u00e3o integrada das interdepend\u00eancias entre canais, elevando a efici\u00eancia operacional, a consist\u00eancia da marca e a taxa de convers\u00e3o ao longo da jornada do cliente. A obra oferece an\u00e1lise de interdepend\u00eancias, servi\u00e7os de integra\u00e7\u00e3o e instrumentos de marketing espec\u00edficos, em edi\u00e7\u00e3o inglesa por Amelie Winters, com pre\u00e7o de R$ 582,02.<\/p>","protected":false},"featured_media":93907,"comment_status":"open","ping_status":"closed","template":"","meta":[],"product_cat":[1611,1595,1610],"product_tag":[2607,2359,2608],"class_list":{"0":"post-93907","1":"product","2":"type-product","3":"status-publish","4":"has-post-thumbnail","5":"product_brand-edicao-ingls-por-amelie-winters-autor","6":"product_cat-administracao-negocios-e-economia","7":"product_cat-livros","8":"product_cat-livros-internacionais","9":"product_tag-channel-interdependencies-and-integration-services","10":"product_tag-omni-channel-retailing-book","11":"product_tag-retail-omni-channel-marketing-instruments-use-cases","13":"first","14":"instock","15":"shipping-taxable","16":"purchasable","17":"product-type-simple"},"aioseo_notices":[],"_links":{"self":[{"href":"https:\/\/www.ecommerceupdate.com.br\/he\/wp-json\/wp\/v2\/product\/93907","targetHints":{"allow":["GET"]}}],"collection":[{"href":"https:\/\/www.ecommerceupdate.com.br\/he\/wp-json\/wp\/v2\/product"}],"about":[{"href":"https:\/\/www.ecommerceupdate.com.br\/he\/wp-json\/wp\/v2\/types\/product"}],"replies":[{"embeddable":true,"href":"https:\/\/www.ecommerceupdate.com.br\/he\/wp-json\/wp\/v2\/comments?post=93907"}],"wp:featuredmedia":[{"embeddable":true,"href":"https:\/\/www.ecommerceupdate.com.br\/he\/wp-json\/wp\/v2\/product\/93907"}],"wp:attachment":[{"href":"https:\/\/www.ecommerceupdate.com.br\/he\/wp-json\/wp\/v2\/media?parent=93907"}],"wp:term":[{"taxonomy":"product_cat","embeddable":true,"href":"https:\/\/www.ecommerceupdate.com.br\/he\/wp-json\/wp\/v2\/product_cat?post=93907"},{"taxonomy":"product_tag","embeddable":true,"href":"https:\/\/www.ecommerceupdate.com.br\/he\/wp-json\/wp\/v2\/product_tag?post=93907"}],"curies":[{"name":"wp","href":"https:\/\/api.w.org\/{rel}","templated":true}]}}