{"id":94287,"date":"2026-03-11T13:14:31","date_gmt":"2026-03-11T16:14:31","guid":{"rendered":"https:\/\/www.ecommerceupdate.com.br\/produto\/o-jornalismo-e-a-midia-social\/"},"modified":"2026-05-13T10:58:11","modified_gmt":"2026-05-13T13:58:11","slug":"o-jornalismo-e-a-midia-social","status":"publish","type":"product","link":"https:\/\/www.ecommerceupdate.com.br\/he\/produto\/o-jornalismo-e-a-midia-social\/","title":{"rendered":"O Jornalismo e a Midia Social"},"content":{"rendered":"<div class=\"woocommerce-product-details\">\n<h3>Detalhes do produto<\/h3>\n<ul>\n<li>Editora : EDIFURB<\/li>\n<li>Data da publica\u00e7\u00e3o : 1 janeiro 2009<\/li>\n<li>Idioma : Portugu\u00eas<\/li>\n<li>N\u00famero de p\u00e1ginas : 88 p\u00e1ginas<\/li>\n<li>ISBN-10 : 8571142556<\/li>\n<li>ISBN-13 : 978-8571142558<\/li>\n<li>Peso do produto : 200 g<\/li>\n<li>Dimens\u00f5es : 16.76 x 11.68 x 0.76 cm<\/li>\n<li>Ranking dos mais vendidos: N\u00ba 768.777 em Livros (Conhe\u00e7a o Top 100 na categoria Livros) N\u00ba 896 em Jornalismo Guias de Escrita N\u00ba 24.494 em Ci\u00eancias Sociais Pol\u00edtica e Ci\u00eancias Sociais N\u00ba 42.659 em Feriados e Festivais Infantil e Infantojuvenil<\/li>\n<li>N\u00ba 896 em Jornalismo Guias de Escrita<\/li>\n<li>N\u00ba 24.494 em Ci\u00eancias Sociais Pol\u00edtica e Ci\u00eancias Sociais<\/li>\n<li>N\u00ba 42.659 em Feriados e Festivais Infantil e Infantojuvenil<\/li>\n<\/ul><\/div>","protected":false},"excerpt":{"rendered":"<p>Descubra como navegar o jornalismo na era das redes com pr\u00e1ticas \u00e9ticas, apura\u00e7\u00e3o rigorosa e divulga\u00e7\u00e3o eficaz que elevam a credibilidade de suas reportagens. Esta edi\u00e7\u00e3o em Portugu\u00eas, assinada por Machado Assis, oferece guias de escrita, refer\u00eancias e conte\u00fados de pesquisa pensados para educa\u00e7\u00e3o, refer\u00eancia e did\u00e1ticos. Confira o pre\u00e7o de apenas R$ 16,30, e mergulhe mais profundamente neste material que promete transformar sua abordagem jornal\u00edstica.<\/p>","protected":false},"featured_media":94287,"comment_status":"open","ping_status":"closed","template":"","meta":[],"product_cat":[1653,1796,1595],"product_tag":[2528,2527,2529],"class_list":{"0":"post-94287","1":"product","2":"type-product","3":"status-publish","4":"has-post-thumbnail","5":"product_brand-edicao-portugus-por-machado-assis-autor","6":"product_cat-educacao-referencia-e-didaticos","7":"product_cat-guias-de-escrita-pesquisa-e-publicacao","8":"product_cat-livros","9":"product_tag-guia-de-escrita-jornalismo-midia-social","10":"product_tag-livro-jornalismo-e-midia-social","11":"product_tag-referencia-pesquisa-jornalismo-midia-social","13":"first","14":"instock","15":"sale","16":"shipping-taxable","17":"purchasable","18":"product-type-simple"},"aioseo_notices":[],"_links":{"self":[{"href":"https:\/\/www.ecommerceupdate.com.br\/he\/wp-json\/wp\/v2\/product\/94287","targetHints":{"allow":["GET"]}}],"collection":[{"href":"https:\/\/www.ecommerceupdate.com.br\/he\/wp-json\/wp\/v2\/product"}],"about":[{"href":"https:\/\/www.ecommerceupdate.com.br\/he\/wp-json\/wp\/v2\/types\/product"}],"replies":[{"embeddable":true,"href":"https:\/\/www.ecommerceupdate.com.br\/he\/wp-json\/wp\/v2\/comments?post=94287"}],"wp:featuredmedia":[{"embeddable":true,"href":"https:\/\/www.ecommerceupdate.com.br\/he\/wp-json\/wp\/v2\/product\/94287"}],"wp:attachment":[{"href":"https:\/\/www.ecommerceupdate.com.br\/he\/wp-json\/wp\/v2\/media?parent=94287"}],"wp:term":[{"taxonomy":"product_cat","embeddable":true,"href":"https:\/\/www.ecommerceupdate.com.br\/he\/wp-json\/wp\/v2\/product_cat?post=94287"},{"taxonomy":"product_tag","embeddable":true,"href":"https:\/\/www.ecommerceupdate.com.br\/he\/wp-json\/wp\/v2\/product_tag?post=94287"}],"curies":[{"name":"wp","href":"https:\/\/api.w.org\/{rel}","templated":true}]}}