{"id":94292,"date":"2026-03-11T13:16:29","date_gmt":"2026-03-11T16:16:29","guid":{"rendered":"https:\/\/www.ecommerceupdate.com.br\/produto\/midia-training-como-usar-as-midias-sociais-a-seu-favor\/"},"modified":"2026-05-13T10:58:43","modified_gmt":"2026-05-13T13:58:43","slug":"midia-training-como-usar-as-midias-sociais-a-seu-favor","status":"publish","type":"product","link":"https:\/\/www.ecommerceupdate.com.br\/he\/produto\/midia-training-como-usar-as-midias-sociais-a-seu-favor\/","title":{"rendered":"M\u00eddia training: como usar as m\u00eddias sociais a seu favor"},"content":{"rendered":"<div class=\"woocommerce-product-details\"><\/div>","protected":false},"excerpt":{"rendered":"<p>Maximize o impacto de suas mensagens nas redes sociais e converta engajamento em resultados reais para sua carreira ou organiza\u00e7\u00e3o. Escrito em Portugu\u00eas por Her\u00f3doto Barbeiro, este guia M\u00eddia training oferece pr\u00e1ticas aplic\u00e1veis, com foco em educa\u00e7\u00e3o, refer\u00eancia e did\u00e1ticos, por apenas R$ 72,58. Leia para descobrir t\u00e9cnicas concretas de uso estrat\u00e9gico das m\u00eddias sociais e como aplic\u00e1-las em escrita, publica\u00e7\u00e3o e pesquisas, tornando-se mais eficiente nas suas a\u00e7\u00f5es online.<\/p>","protected":false},"featured_media":94292,"comment_status":"open","ping_status":"closed","template":"","meta":[],"product_cat":[1653,1796,1595],"product_tag":[2523,2521,2522],"class_list":{"0":"post-94292","1":"product","2":"type-product","3":"status-publish","4":"has-post-thumbnail","5":"product_brand-edicao-portugus-por-herdoto-barbeiro-autor","6":"product_cat-educacao-referencia-e-didaticos","7":"product_cat-guias-de-escrita-pesquisa-e-publicacao","8":"product_cat-livros","9":"product_tag-estrategias-de-conteudo-redes-sociais-para-branding-pessoal","10":"product_tag-livro-guia-midias-sociais-para-negocios","11":"product_tag-treinamento-em-redes-sociais-por-herodoto-barbeiro","13":"first","14":"instock","15":"sale","16":"shipping-taxable","17":"purchasable","18":"product-type-simple"},"aioseo_notices":[],"_links":{"self":[{"href":"https:\/\/www.ecommerceupdate.com.br\/he\/wp-json\/wp\/v2\/product\/94292","targetHints":{"allow":["GET"]}}],"collection":[{"href":"https:\/\/www.ecommerceupdate.com.br\/he\/wp-json\/wp\/v2\/product"}],"about":[{"href":"https:\/\/www.ecommerceupdate.com.br\/he\/wp-json\/wp\/v2\/types\/product"}],"replies":[{"embeddable":true,"href":"https:\/\/www.ecommerceupdate.com.br\/he\/wp-json\/wp\/v2\/comments?post=94292"}],"wp:featuredmedia":[{"embeddable":true,"href":"https:\/\/www.ecommerceupdate.com.br\/he\/wp-json\/wp\/v2\/product\/94292"}],"wp:attachment":[{"href":"https:\/\/www.ecommerceupdate.com.br\/he\/wp-json\/wp\/v2\/media?parent=94292"}],"wp:term":[{"taxonomy":"product_cat","embeddable":true,"href":"https:\/\/www.ecommerceupdate.com.br\/he\/wp-json\/wp\/v2\/product_cat?post=94292"},{"taxonomy":"product_tag","embeddable":true,"href":"https:\/\/www.ecommerceupdate.com.br\/he\/wp-json\/wp\/v2\/product_tag?post=94292"}],"curies":[{"name":"wp","href":"https:\/\/api.w.org\/{rel}","templated":true}]}}