{"id":94293,"date":"2026-03-11T13:16:41","date_gmt":"2026-03-11T16:16:41","guid":{"rendered":"https:\/\/www.ecommerceupdate.com.br\/produto\/comunicacao-propaganda-esg-marca-e-reputacao-em-posts-das-midias-sociais\/"},"modified":"2026-05-13T10:59:05","modified_gmt":"2026-05-13T13:59:05","slug":"comunicacao-propaganda-esg-marca-e-reputacao-em-posts-das-midias-sociais","status":"publish","type":"product","link":"https:\/\/www.ecommerceupdate.com.br\/he\/produto\/comunicacao-propaganda-esg-marca-e-reputacao-em-posts-das-midias-sociais\/","title":{"rendered":"Comunica\u00e7\u00e3o, propaganda, ESG, marca e reputa\u00e7\u00e3o: em posts das m\u00eddias sociais"},"content":{"rendered":"<div class=\"woocommerce-product-details\"><\/div>","protected":false},"excerpt":{"rendered":"<p>Aprimore a percep\u00e7\u00e3o da sua marca nas redes sociais, aumentando credibilidade, engajamento e reputa\u00e7\u00e3o ao integrar de forma pr\u00e1tica comunica\u00e7\u00e3o, propaganda, ESG e gest\u00e3o de marca em cada post. Escrito por Luiz Gaulia e editado pela Viseu, o livro est\u00e1 dispon\u00edvel por apenas R$ 45,90 e traz estrat\u00e9gias aplic\u00e1veis para conte\u00fados alinhados com administra\u00e7\u00e3o, neg\u00f3cios e lideran\u00e7a. Leia para descobrir casos, m\u00e9tricas simples e passos concretos que voc\u00ea pode adaptar imediatamente \u00e0s suas comunica\u00e7\u00f5es.<\/p>","protected":false},"featured_media":94293,"comment_status":"open","ping_status":"closed","template":"","meta":[],"product_cat":[1611,1621,1595],"product_tag":[2519,2518,2520],"class_list":{"0":"post-94293","1":"product","2":"type-product","3":"status-publish","4":"has-post-thumbnail","5":"product_brand-por-luiz-gaulia-autor-viseu-editor","6":"product_cat-administracao-negocios-e-economia","7":"product_cat-gestao-e-lideranca","8":"product_cat-livros","9":"product_tag-gestao-de-marca-e-reputacao-esg-em-midias-sociais","10":"product_tag-livro-branding-esg-em-redes-sociais","11":"product_tag-propaganda-e-comunicacao-corporativa-em-redes-sociais","13":"first","14":"instock","15":"shipping-taxable","16":"purchasable","17":"product-type-simple"},"aioseo_notices":[],"_links":{"self":[{"href":"https:\/\/www.ecommerceupdate.com.br\/he\/wp-json\/wp\/v2\/product\/94293","targetHints":{"allow":["GET"]}}],"collection":[{"href":"https:\/\/www.ecommerceupdate.com.br\/he\/wp-json\/wp\/v2\/product"}],"about":[{"href":"https:\/\/www.ecommerceupdate.com.br\/he\/wp-json\/wp\/v2\/types\/product"}],"replies":[{"embeddable":true,"href":"https:\/\/www.ecommerceupdate.com.br\/he\/wp-json\/wp\/v2\/comments?post=94293"}],"wp:featuredmedia":[{"embeddable":true,"href":"https:\/\/www.ecommerceupdate.com.br\/he\/wp-json\/wp\/v2\/product\/94293"}],"wp:attachment":[{"href":"https:\/\/www.ecommerceupdate.com.br\/he\/wp-json\/wp\/v2\/media?parent=94293"}],"wp:term":[{"taxonomy":"product_cat","embeddable":true,"href":"https:\/\/www.ecommerceupdate.com.br\/he\/wp-json\/wp\/v2\/product_cat?post=94293"},{"taxonomy":"product_tag","embeddable":true,"href":"https:\/\/www.ecommerceupdate.com.br\/he\/wp-json\/wp\/v2\/product_tag?post=94293"}],"curies":[{"name":"wp","href":"https:\/\/api.w.org\/{rel}","templated":true}]}}