{"id":94363,"date":"2026-03-12T13:42:26","date_gmt":"2026-03-12T16:42:26","guid":{"rendered":"https:\/\/www.ecommerceupdate.com.br\/produto\/e-commerce-fgv-management\/"},"modified":"2026-05-03T12:17:32","modified_gmt":"2026-05-03T15:17:32","slug":"e-commerce-fgv-management","status":"publish","type":"product","link":"https:\/\/www.ecommerceupdate.com.br\/he\/produto\/e-commerce-fgv-management\/","title":{"rendered":"E-commerce (FGV Management)"},"content":{"rendered":"<div class=\"woocommerce-product-details\"><\/div>","protected":false},"excerpt":{"rendered":"<p>Melhore a gest\u00e3o do seu e-commerce com estrat\u00e9gias pr\u00e1ticas que aumentam a rentabilidade e a efici\u00eancia operacional. Formato Kindle, por R$ 33,00, escrito por Eduardo Augusto de Andrade, Andr\u00e9 Antunes, Andr\u00e9 Bittencourt do Valle, Andre Kischinevsky e um autor adicional, trazendo uma vis\u00e3o integrada de Administra\u00e7\u00e3o, Neg\u00f3cios e Economia aplicada ao varejo digital. Descubra como aplicar conceitos com exemplos reais para transformar suas decis\u00f5es e resultados e levar seu neg\u00f3cio ao pr\u00f3ximo n\u00edvel.<\/p>","protected":false},"featured_media":0,"comment_status":"open","ping_status":"closed","template":"","meta":[],"product_cat":[1611,1613,1595],"product_tag":[2492,2231,2493],"class_list":{"0":"post-94363","1":"product","2":"type-product","3":"status-publish","4":"product_brand-por-eduardo-augusto-de-andrade-autor-andr-antunes-autor-andr-bittencourt-do-valle-autor-andre-kischinevsky-autor-1-mais-formato-ebook-kindle","5":"product_cat-administracao-negocios-e-economia","6":"product_cat-industrias-e-profissoes","7":"product_cat-livros","8":"product_tag-gestao-de-e-commerce-kindle","9":"product_tag-gestao-de-lojas-online","10":"product_tag-livro-administracao-e-commerce-fgv","12":"first","13":"instock","14":"sale","15":"shipping-taxable","16":"purchasable","17":"product-type-simple"},"aioseo_notices":[],"_links":{"self":[{"href":"https:\/\/www.ecommerceupdate.com.br\/he\/wp-json\/wp\/v2\/product\/94363","targetHints":{"allow":["GET"]}}],"collection":[{"href":"https:\/\/www.ecommerceupdate.com.br\/he\/wp-json\/wp\/v2\/product"}],"about":[{"href":"https:\/\/www.ecommerceupdate.com.br\/he\/wp-json\/wp\/v2\/types\/product"}],"replies":[{"embeddable":true,"href":"https:\/\/www.ecommerceupdate.com.br\/he\/wp-json\/wp\/v2\/comments?post=94363"}],"wp:attachment":[{"href":"https:\/\/www.ecommerceupdate.com.br\/he\/wp-json\/wp\/v2\/media?parent=94363"}],"wp:term":[{"taxonomy":"product_cat","embeddable":true,"href":"https:\/\/www.ecommerceupdate.com.br\/he\/wp-json\/wp\/v2\/product_cat?post=94363"},{"taxonomy":"product_tag","embeddable":true,"href":"https:\/\/www.ecommerceupdate.com.br\/he\/wp-json\/wp\/v2\/product_tag?post=94363"}],"curies":[{"name":"wp","href":"https:\/\/api.w.org\/{rel}","templated":true}]}}