{"id":94373,"date":"2026-03-12T13:47:01","date_gmt":"2026-03-12T16:47:01","guid":{"rendered":"https:\/\/www.ecommerceupdate.com.br\/produto\/comercio-digital-e-pmes-em-puebla-o-impacto-do-comercio-digital-e-da-logistica\/"},"modified":"2026-05-13T11:04:58","modified_gmt":"2026-05-13T14:04:58","slug":"comercio-digital-e-pmes-em-puebla-o-impacto-do-comercio-digital-e-da-logistica","status":"publish","type":"product","link":"https:\/\/www.ecommerceupdate.com.br\/he\/produto\/comercio-digital-e-pmes-em-puebla-o-impacto-do-comercio-digital-e-da-logistica\/","title":{"rendered":"Com\u00e9rcio digital e PMEs em Puebla: O impacto do com\u00e9rcio digital e da log\u00edstica"},"content":{"rendered":"<div class=\"woocommerce-product-details\">\n<h3>Detalhes do produto<\/h3>\n<ul>\n<li>Editora : Edi\u00e7\u00f5es Nosso Conhecimento<\/li>\n<li>Data da publica\u00e7\u00e3o : 31 maio 2022<\/li>\n<li>Idioma : Portugu\u00eas<\/li>\n<li>N\u00famero de p\u00e1ginas : 60 p\u00e1ginas<\/li>\n<li>ISBN-10 : 6204785532<\/li>\n<li>ISBN-13 : 978-6204785530<\/li>\n<li>Dimens\u00f5es : 15 x 0.36 x 22 cm<\/li>\n<\/ul><\/div>","protected":false},"excerpt":{"rendered":"<p>Impulsione a competitividade da sua PME em Puebla com pr\u00e1ticas de com\u00e9rcio digital que conectam vendas online, log\u00edstica eficiente e atendimento ao cliente. Este livro analisa o impacto do com\u00e9rcio digital e da log\u00edstica na gest\u00e3o e no desempenho das PMEs, oferecendo insights pr\u00e1ticos e caminhos para resultados reais. Dispon\u00edvel por R$ 258,40.<\/p>","protected":false},"featured_media":94373,"comment_status":"open","ping_status":"closed","template":"","meta":[],"product_cat":[1611,1621,1595],"product_tag":[2182,2468,2469],"class_list":{"0":"post-94373","1":"product","2":"type-product","3":"status-publish","4":"has-post-thumbnail","5":"product_brand-por-juan-carlos-aranda-autor","6":"product_cat-administracao-negocios-e-economia","7":"product_cat-gestao-e-lideranca","8":"product_cat-livros","9":"product_tag-livro-comercio-digital-pmes-puebla","10":"product_tag-logistica-para-pmes","11":"product_tag-transformacao-digital-pmes-puebla","13":"first","14":"instock","15":"shipping-taxable","16":"purchasable","17":"product-type-simple"},"aioseo_notices":[],"_links":{"self":[{"href":"https:\/\/www.ecommerceupdate.com.br\/he\/wp-json\/wp\/v2\/product\/94373","targetHints":{"allow":["GET"]}}],"collection":[{"href":"https:\/\/www.ecommerceupdate.com.br\/he\/wp-json\/wp\/v2\/product"}],"about":[{"href":"https:\/\/www.ecommerceupdate.com.br\/he\/wp-json\/wp\/v2\/types\/product"}],"replies":[{"embeddable":true,"href":"https:\/\/www.ecommerceupdate.com.br\/he\/wp-json\/wp\/v2\/comments?post=94373"}],"wp:featuredmedia":[{"embeddable":true,"href":"https:\/\/www.ecommerceupdate.com.br\/he\/wp-json\/wp\/v2\/product\/94373"}],"wp:attachment":[{"href":"https:\/\/www.ecommerceupdate.com.br\/he\/wp-json\/wp\/v2\/media?parent=94373"}],"wp:term":[{"taxonomy":"product_cat","embeddable":true,"href":"https:\/\/www.ecommerceupdate.com.br\/he\/wp-json\/wp\/v2\/product_cat?post=94373"},{"taxonomy":"product_tag","embeddable":true,"href":"https:\/\/www.ecommerceupdate.com.br\/he\/wp-json\/wp\/v2\/product_tag?post=94373"}],"curies":[{"name":"wp","href":"https:\/\/api.w.org\/{rel}","templated":true}]}}