{"id":91930,"date":"2026-02-16T05:15:57","date_gmt":"2026-02-16T08:15:57","guid":{"rendered":"https:\/\/www.ecommerceupdate.org\/events-with-calendar-list-pro\/"},"modified":"2026-02-16T05:15:57","modified_gmt":"2026-02-16T08:15:57","slug":"events-with-calendar-list-pro","status":"publish","type":"page","link":"https:\/\/www.ecommerceupdate.com.br\/hr\/events-with-calendar-list-pro\/","title":{"rendered":"events-with-calendar-list-pro"},"content":{"rendered":"<div class='etn-row etn-event-wrapper'>\n        <div class=\"etn-col-md-6 etn-col-lg-20\">\n        <div class=\"etn-event-item\">\n            <!-- thumbnail -->\n            <div class=\"etn-event-thumb\">\n                                    <a\n                        href=\"https:\/\/www.ecommerceupdate.com.br\/hr\/etn\/vtex-day-2026\/\"\n                        aria-label=\"events-with-calendar-list-pro\"\n                    >\n                        <img decoding=\"async\" src=\"https:\/\/www.ecommerceupdate.com.br\/wp-content\/uploads\/2025\/01\/microfone.jpg\" alt=\"Slika\">\n                    <\/a>\n                \n                <div class=\"etn-event-category\">\n                    <span>e-trgovina<\/span> <span>Poslovanje<\/span>                 <\/div>\n                            <\/div>\n            <!-- thumbnail start-->\n\n            <!-- content start-->\n            <div class=\"etn-event-content\">\n                                                            <div class=\"etn-event-location\">\n                            <i class=\"etn-icon etn-location\"><\/i>\n                            Sao Paulo                        <\/div>\n                    \n                \n                <h3 class=\"etn-title etn-event-title\"><a href=\"https:\/\/www.ecommerceupdate.com.br\/hr\/etn\/vtex-day-2026\/\">\n                    VTEX dan 2026<\/a>\n                <\/h3>\n                                    <p>\n                        Consolidado como o maior e mais importante evento de digital commerce do mundo, o\u00a0VTEX DAY\u00a0anuncia as datas de sua edi\u00e7\u00e3o                    <\/p>\n                \n                <div class=\"etn-event-footer\">\n                    <div class=\"etn-event-date\">\n                        \t\t\t<span>\n\t\t\t\t<i class=\"etn-icon etn-calendar\"><\/i>\n\t\t\t\t16\/04\/2026\t\t\t<\/span>\n\t\t                    <\/div>\n                    <div class=\"etn-atend-btn\">\n                                                <a href=\"https:\/\/www.ecommerceupdate.com.br\/hr\/etn\/vtex-day-2026\/\" class=\"etn-btn etn-btn-border\"\n                            title=\"VTEX dan 2026\">Attend                            <i class=\"etn-icon etm-arrow-right\"><\/i><\/a>\n                                            <\/div>\n                <\/div>\n            <\/div>\n                        <!-- content end-->\n        <\/div>\n        <!-- etn event item end-->\n    <\/div>\n        <div class=\"etn-col-md-6 etn-col-lg-20\">\n        <div class=\"etn-event-item\">\n            <!-- thumbnail -->\n            <div class=\"etn-event-thumb\">\n                                    <a\n                        href=\"https:\/\/www.ecommerceupdate.com.br\/hr\/etn\/sbc-summit-rio\/\"\n                        aria-label=\"events-with-calendar-list-pro\"\n                    >\n                        <img decoding=\"async\" src=\"https:\/\/www.ecommerceupdate.com.br\/wp-content\/uploads\/2024\/07\/microfone.jpg\" alt=\"Slika\">\n                    <\/a>\n                \n                <div class=\"etn-event-category\">\n                    <span>Poslovanje<\/span>                 <\/div>\n                            <\/div>\n            <!-- thumbnail start-->\n\n            <!-- content start-->\n            <div class=\"etn-event-content\">\n                                                            <div class=\"etn-event-location\">\n                            <i class=\"etn-icon etn-location\"><\/i>\n                            Rio de Janeiro                        <\/div>\n                    \n                \n                <h3 class=\"etn-title etn-event-title\"><a href=\"https:\/\/www.ecommerceupdate.com.br\/hr\/etn\/sbc-summit-rio\/\">\n                    SBC summit u Riju<\/a>\n                <\/h3>\n                                    <p>\n                        O mercado brasileiro de apostas e jogos de azar vive o seu momento de maior transforma\u00e7\u00e3o, e o\u00a0SBC Summit Rio\u00a0consolida-se                    <\/p>\n                \n                <div class=\"etn-event-footer\">\n                    <div class=\"etn-event-date\">\n                        \t\t\t<span>\n\t\t\t\t<i class=\"etn-icon etn-calendar\"><\/i>\n\t\t\t\t03\/03\/2026\t\t\t<\/span>\n\t\t                    <\/div>\n                    <div class=\"etn-atend-btn\">\n                                                <a href=\"#\"  class=\"etn-btn etn-btn-border etn-event-expired\">Expired! <\/a>\n                                            <\/div>\n                <\/div>\n            <\/div>\n                        <!-- content end-->\n        <\/div>\n        <!-- etn event item end-->\n    <\/div>\n        <div class=\"etn-col-md-6 etn-col-lg-20\">\n        <div class=\"etn-event-item\">\n            <!-- thumbnail -->\n            <div class=\"etn-event-thumb\">\n                                    <a\n                        href=\"https:\/\/www.ecommerceupdate.com.br\/hr\/etn\/hotmart-fire-2026\/\"\n                        aria-label=\"events-with-calendar-list-pro\"\n                    >\n                        <img decoding=\"async\" src=\"https:\/\/www.ecommerceupdate.com.br\/wp-content\/uploads\/2025\/05\/microfone-9.jpeg\" alt=\"Slika\">\n                    <\/a>\n                \n                <div class=\"etn-event-category\">\n                    <span>Poslovanje<\/span>                 <\/div>\n                            <\/div>\n            <!-- thumbnail start-->\n\n            <!-- content start-->\n            <div class=\"etn-event-content\">\n                                                            <div class=\"etn-event-location\">\n                            <i class=\"etn-icon etn-location\"><\/i>\n                            Belo Horizonte                        <\/div>\n                    \n                \n                <h3 class=\"etn-title etn-event-title\"><a href=\"https:\/\/www.ecommerceupdate.com.br\/hr\/etn\/hotmart-fire-2026\/\">\n                    Hotel Hotmart FIRE 2026<\/a>\n                <\/h3>\n                                    <p>\n                        O ecossistema do mercado digital j\u00e1 tem data e local para o seu maior encontro anual. A Hotmart acaba de                    <\/p>\n                \n                <div class=\"etn-event-footer\">\n                    <div class=\"etn-event-date\">\n                        \t\t\t<span>\n\t\t\t\t<i class=\"etn-icon etn-calendar\"><\/i>\n\t\t\t\t10\/09\/2026\t\t\t<\/span>\n\t\t                    <\/div>\n                    <div class=\"etn-atend-btn\">\n                                                <a href=\"https:\/\/www.ecommerceupdate.com.br\/hr\/etn\/hotmart-fire-2026\/\" class=\"etn-btn etn-btn-border\"\n                            title=\"Hotel Hotmart FIRE 2026\">Attend                            <i class=\"etn-icon etm-arrow-right\"><\/i><\/a>\n                                            <\/div>\n                <\/div>\n            <\/div>\n                        <!-- content end-->\n        <\/div>\n        <!-- etn event item end-->\n    <\/div>\n        <div class=\"etn-col-md-6 etn-col-lg-20\">\n        <div class=\"etn-event-item\">\n            <!-- thumbnail -->\n            <div class=\"etn-event-thumb\">\n                                    <a\n                        href=\"https:\/\/www.ecommerceupdate.com.br\/hr\/etn\/gramado-summit-2026\/\"\n                        aria-label=\"events-with-calendar-list-pro\"\n                    >\n                        <img decoding=\"async\" src=\"https:\/\/www.ecommerceupdate.com.br\/wp-content\/uploads\/2024\/08\/microfone-9.jpg\" alt=\"Slika\">\n                    <\/a>\n                \n                <div class=\"etn-event-category\">\n                    <span>e-trgovina<\/span> <span>Poslovanje<\/span>                 <\/div>\n                            <\/div>\n            <!-- thumbnail start-->\n\n            <!-- content start-->\n            <div class=\"etn-event-content\">\n                                                            <div class=\"etn-event-location\">\n                            <i class=\"etn-icon etn-location\"><\/i>\n                            Travnjak                        <\/div>\n                    \n                \n                <h3 class=\"etn-title etn-event-title\"><a href=\"https:\/\/www.ecommerceupdate.com.br\/hr\/etn\/gramado-summit-2026\/\">\n                    Gramado Summit 2026<\/a>\n                <\/h3>\n                                    <p>\n                        Em um mundo que acelera cada vez mais em dire\u00e7\u00e3o ao digital, a Gramado Summit anuncia a sua edi\u00e7\u00e3o de                    <\/p>\n                \n                <div class=\"etn-event-footer\">\n                    <div class=\"etn-event-date\">\n                        \t\t\t<span>\n\t\t\t\t<i class=\"etn-icon etn-calendar\"><\/i>\n\t\t\t\t06\/05\/2026\t\t\t<\/span>\n\t\t                    <\/div>\n                    <div class=\"etn-atend-btn\">\n                                                <a href=\"https:\/\/www.ecommerceupdate.com.br\/hr\/etn\/gramado-summit-2026\/\" class=\"etn-btn etn-btn-border\"\n                            title=\"Gramado Summit 2026\">Attend                            <i class=\"etn-icon etm-arrow-right\"><\/i><\/a>\n                                            <\/div>\n                <\/div>\n            <\/div>\n                        <!-- content end-->\n        <\/div>\n        <!-- etn event item end-->\n    <\/div>\n        <div class=\"etn-col-md-6 etn-col-lg-20\">\n        <div class=\"etn-event-item\">\n            <!-- thumbnail -->\n            <div class=\"etn-event-thumb\">\n                                    <a\n                        href=\"https:\/\/www.ecommerceupdate.com.br\/hr\/etn\/ecommerce-connect-2026\/\"\n                        aria-label=\"events-with-calendar-list-pro\"\n                    >\n                        <img decoding=\"async\" src=\"https:\/\/www.ecommerceupdate.com.br\/wp-content\/uploads\/2025\/05\/microfone-5.jpeg\" alt=\"Slika\">\n                    <\/a>\n                \n                <div class=\"etn-event-category\">\n                    <span>e-trgovina<\/span> <span>Poslovanje<\/span>                 <\/div>\n                            <\/div>\n            <!-- thumbnail start-->\n\n            <!-- content start-->\n            <div class=\"etn-event-content\">\n                                                            <div class=\"etn-event-location\">\n                            <i class=\"etn-icon etn-location\"><\/i>\n                            sao paulo                        <\/div>\n                    \n                \n                <h3 class=\"etn-title etn-event-title\"><a href=\"https:\/\/www.ecommerceupdate.com.br\/hr\/etn\/ecommerce-connect-2026\/\">\n                    Ecommerce Connect 2026<\/a>\n                <\/h3>\n                                    <p>\n                        O mercado digital continua em r\u00e1pida evolu\u00e7\u00e3o, e encontrar as solu\u00e7\u00f5es certas para impulsionar o crescimento do com\u00e9rcio online tornou-se                    <\/p>\n                \n                <div class=\"etn-event-footer\">\n                    <div class=\"etn-event-date\">\n                        \t\t\t<span>\n\t\t\t\t<i class=\"etn-icon etn-calendar\"><\/i>\n\t\t\t\t04\/03\/2026\t\t\t<\/span>\n\t\t                    <\/div>\n                    <div class=\"etn-atend-btn\">\n                                                <a href=\"#\"  class=\"etn-btn etn-btn-border etn-event-expired\">Expired! <\/a>\n                                            <\/div>\n                <\/div>\n            <\/div>\n                        <!-- content end-->\n        <\/div>\n        <!-- etn event item end-->\n    <\/div>\n        <div class=\"etn-col-md-6 etn-col-lg-20\">\n        <div class=\"etn-event-item\">\n            <!-- thumbnail -->\n            <div class=\"etn-event-thumb\">\n                                    <a\n                        href=\"https:\/\/www.ecommerceupdate.com.br\/hr\/etn\/ecom-summit-2026\/\"\n                        aria-label=\"events-with-calendar-list-pro\"\n                    >\n                        <img decoding=\"async\" src=\"https:\/\/www.ecommerceupdate.com.br\/wp-content\/uploads\/2025\/05\/microfone-2.jpeg\" alt=\"Slika\">\n                    <\/a>\n                \n                <div class=\"etn-event-category\">\n                    <span>e-trgovina<\/span> <span>Poslovanje<\/span>                 <\/div>\n                            <\/div>\n            <!-- thumbnail start-->\n\n            <!-- content start-->\n            <div class=\"etn-event-content\">\n                                                            <div class=\"etn-event-location\">\n                            <i class=\"etn-icon etn-location\"><\/i>\n                            Kongresni centar Frei Caneca &amp; Sao Paulo, SP                        <\/div>\n                    \n                \n                <h3 class=\"etn-title etn-event-title\"><a href=\"https:\/\/www.ecommerceupdate.com.br\/hr\/etn\/ecom-summit-2026\/\">\n                    Ecom summit 2026<\/a>\n                <\/h3>\n                                    <p>\n                        Com o mercado de com\u00e9rcio eletr\u00f3nico em constante crescimento, o Ecom Summit anuncia a sua 6\u00aa edi\u00e7\u00e3o, consolidando-se como um                    <\/p>\n                \n                <div class=\"etn-event-footer\">\n                    <div class=\"etn-event-date\">\n                        \t\t\t<span>\n\t\t\t\t<i class=\"etn-icon etn-calendar\"><\/i>\n\t\t\t\t26\/06\/2026\t\t\t<\/span>\n\t\t                    <\/div>\n                    <div class=\"etn-atend-btn\">\n                                                <a href=\"https:\/\/www.ecommerceupdate.com.br\/hr\/etn\/ecom-summit-2026\/\" class=\"etn-btn etn-btn-border\"\n                            title=\"Ecom summit 2026\">Attend                            <i class=\"etn-icon etm-arrow-right\"><\/i><\/a>\n                                            <\/div>\n                <\/div>\n            <\/div>\n                        <!-- content end-->\n        <\/div>\n        <!-- etn event item end-->\n    <\/div>\n        <div class=\"etn-col-md-6 etn-col-lg-20\">\n        <div class=\"etn-event-item\">\n            <!-- thumbnail -->\n            <div class=\"etn-event-thumb\">\n                                    <a\n                        href=\"https:\/\/www.ecommerceupdate.com.br\/hr\/etn\/afiliados-brasil-2026\/\"\n                        aria-label=\"events-with-calendar-list-pro\"\n                    >\n                        <img decoding=\"async\" src=\"https:\/\/www.ecommerceupdate.com.br\/wp-content\/uploads\/2024\/07\/microfone-1.jpg\" alt=\"Slika\">\n                    <\/a>\n                \n                <div class=\"etn-event-category\">\n                    <span>e-trgovina<\/span> <span>Poslovanje<\/span>                 <\/div>\n                            <\/div>\n            <!-- thumbnail start-->\n\n            <!-- content start-->\n            <div class=\"etn-event-content\">\n                                                            <div class=\"etn-event-location\">\n                            <i class=\"etn-icon etn-location\"><\/i>\n                            Kongresni centar Frei Caneca (Rua Frei Caneca, 569 - 4., 5. i 6. kat - Utjeha - Sao Paulo \/ SP                        <\/div>\n                    \n                \n                <h3 class=\"etn-title etn-event-title\"><a href=\"https:\/\/www.ecommerceupdate.com.br\/hr\/etn\/afiliados-brasil-2026\/\">\n                    Podru\u017enice Brazil 2026<\/a>\n                <\/h3>\n                                    <p>\n                        O Afiliados Brasil, principal e maior evento de Marketing de Afiliados da Am\u00e9rica Latina, anuncia oficialmente a sua edi\u00e7\u00e3o de                    <\/p>\n                \n                <div class=\"etn-event-footer\">\n                    <div class=\"etn-event-date\">\n                        \t\t\t<span>\n\t\t\t\t<i class=\"etn-icon etn-calendar\"><\/i>\n\t\t\t\t28\/05\/2026\t\t\t<\/span>\n\t\t                    <\/div>\n                    <div class=\"etn-atend-btn\">\n                                                <a href=\"https:\/\/www.ecommerceupdate.com.br\/hr\/etn\/afiliados-brasil-2026\/\" class=\"etn-btn etn-btn-border\"\n                            title=\"Podru\u017enice Brazil 2026\">Attend                            <i class=\"etn-icon etm-arrow-right\"><\/i><\/a>\n                                            <\/div>\n                <\/div>\n            <\/div>\n                        <!-- content end-->\n        <\/div>\n        <!-- etn event item end-->\n    <\/div>\n    <\/div>","protected":false},"excerpt":{"rendered":"","protected":false},"author":1,"featured_media":0,"parent":0,"menu_order":0,"comment_status":"closed","ping_status":"closed","template":"","meta":{"footnotes":""},"class_list":["post-91930","page","type-page","status-publish"],"aioseo_notices":[],"_links":{"self":[{"href":"https:\/\/www.ecommerceupdate.com.br\/hr\/wp-json\/wp\/v2\/pages\/91930","targetHints":{"allow":["GET"]}}],"collection":[{"href":"https:\/\/www.ecommerceupdate.com.br\/hr\/wp-json\/wp\/v2\/pages"}],"about":[{"href":"https:\/\/www.ecommerceupdate.com.br\/hr\/wp-json\/wp\/v2\/types\/page"}],"author":[{"embeddable":true,"href":"https:\/\/www.ecommerceupdate.com.br\/hr\/wp-json\/wp\/v2\/users\/1"}],"replies":[{"embeddable":true,"href":"https:\/\/www.ecommerceupdate.com.br\/hr\/wp-json\/wp\/v2\/comments?post=91930"}],"version-history":[{"count":0,"href":"https:\/\/www.ecommerceupdate.com.br\/hr\/wp-json\/wp\/v2\/pages\/91930\/revisions"}],"wp:attachment":[{"href":"https:\/\/www.ecommerceupdate.com.br\/hr\/wp-json\/wp\/v2\/media?parent=91930"}],"curies":[{"name":"wp","href":"https:\/\/api.w.org\/{rel}","templated":true}]}}