{"id":91645,"date":"2026-02-07T11:35:38","date_gmt":"2026-02-07T14:35:38","guid":{"rendered":"https:\/\/www.ecommerceupdate.org\/produto\/o-modelo-jeff-bezos-de-comunicacao-1a-edicao-2023\/"},"modified":"2026-03-14T19:54:38","modified_gmt":"2026-03-14T22:54:38","slug":"o-modelo-jeff-bezos-de-comunicacao-1a-edicao-2023","status":"publish","type":"product","link":"https:\/\/www.ecommerceupdate.com.br\/hr\/produto\/o-modelo-jeff-bezos-de-comunicacao-1a-edicao-2023\/","title":{"rendered":"Jeff Bezos model komunikacije 1. izdanje 2023"},"content":{"rendered":"<div class=\"woocommerce-product-details\">\n<div id=\"aplus_feature_div\" class=\"celwidget\" data-feature-name=\"aplus\" data-csa-c-type=\"widget\" data-csa-c-content-id=\"aplus\" data-csa-c-slot-id=\"aplus_feature_div\" data-csa-c-asin=\"\" data-csa-c-is-in-initial-active-row=\"false\">\n<div id=\"aplus\" class=\"a-section a-spacing-large bucket\">\n<h3 class=\"\">Od izdava\u010da<\/h3>\n<div lang=\"pt_BR\">\n<div class=\"aplus-v2 desktop celwidget\">\n<div class=\"celwidget aplus-module 3p-module-b aplus-standard\">\n<div class=\"aplus-module-wrapper aplus-3p-fixed-width\"> <img decoding=\"async\" alt=\"ted, komunikacija, amazon, prodaja ideja, osvajanje ljudi\" src=\"https:\/\/m.media-amazon.com\/images\/S\/aplus-media-library-service-media\/2ba962f0-9640-4c63-bd47-314777da91bb.__CR0,0,970,600_PT0_SX970_V1___.jpg\" \/> <\/div>\n<\/p>\n<\/div>\n<div class=\"celwidget aplus-module 3p-module-b aplus-standard\">\n<div class=\"aplus-module-wrapper aplus-3p-fixed-width\"> <img decoding=\"async\" alt=\"ted, komunikacija, amazon, prodaja ideja, osvajanje ljudi\" src=\"https:\/\/m.media-amazon.com\/images\/S\/aplus-media-library-service-media\/7a5d4aa8-317b-465c-ba84-d7b77b50356f.__CR0,0,970,600_PT0_SX970_V1___.jpg\" \/> <\/div>\n<\/p>\n<\/div>\n<div class=\"celwidget aplus-module module-9 aplus-standard\">\n<div class=\"aplus-module-wrapper apm-fixed-width apm-spacing\">\n<div class=\"apm-flex\">\n<div class=\"apm-flex-item-third-width\">\n<p class=\"apm-text-center\"> <img decoding=\"async\" alt=\"ted, komunikacija, amazon, prodaja ideja, osvajanje ljudi\" src=\"https:\/\/m.media-amazon.com\/images\/S\/aplus-media-library-service-media\/93da2081-0117-4f4f-ae67-0aabd26f8245.__CR0,0,300,300_PT0_SX300_V1___.jpg\" \/> <\/p>\n<\/p>\n<\/div>\n<div class=\"apm-flex-item-third-width\">\n<p class=\"apm-text-center\"> <img decoding=\"async\" alt=\"ted, komunikacija, amazon, prodaja ideja, osvajanje ljudi\" src=\"https:\/\/m.media-amazon.com\/images\/S\/aplus-media-library-service-media\/d952febc-e234-4cbe-9109-ace617f2831e.__CR0,0,300,300_PT0_SX300_V1___.jpg\" \/> <\/p>\n<\/p>\n<\/div>\n<div class=\"apm-flex-item-third-width\">\n<p class=\"apm-text-center\"> <img decoding=\"async\" alt=\"ted, komunikacija, amazon, prodaja ideja, osvajanje ljudi\" src=\"https:\/\/m.media-amazon.com\/images\/S\/aplus-media-library-service-media\/40dd1a9f-09b7-4af8-b62d-9424868fcc44.__CR0,0,300,300_PT0_SX300_V1___.jpg\" \/> <\/p>\n<\/p>\n<\/div>\n<\/div>\n<\/div>\n<\/div>\n<div class=\"celwidget aplus-module 3p-module-b aplus-standard\">\n<div class=\"aplus-module-wrapper aplus-3p-fixed-width\"> <img decoding=\"async\" alt=\"ted, komunikacija, amazon, prodaja ideja, osvajanje ljudi\" src=\"https:\/\/m.media-amazon.com\/images\/S\/aplus-media-library-service-media\/e2ffe184-baf1-411f-9d7e-de51d9b36ac5.__CR0,0,970,600_PT0_SX970_V1___.jpg\" \/> <\/div>\n<\/p>\n<\/div>\n<div class=\"celwidget aplus-module module-9 aplus-standard\">\n<div class=\"aplus-module-wrapper apm-fixed-width apm-spacing\">\n<div class=\"apm-flex\">\n<div class=\"apm-flex-item-third-width\">\n<p class=\"apm-text-center\"> <img decoding=\"async\" alt=\"ted, komunikacija, amazon, prodaja ideja, osvajanje ljudi\" src=\"https:\/\/m.media-amazon.com\/images\/S\/aplus-media-library-service-media\/bfc96ddf-76db-4914-8a96-a0f98636eb0c.__CR0,0,300,300_PT0_SX300_V1___.jpg\" \/> <\/p>\n<h4 class=\"a-spacing-mini\"> O Benviri <\/h4>\n<p> Brend je prisutan na tr\u017ei\u0161tu ne\u0161to vi\u0161e od deset godina, djeluju\u0107i kao kustos transformativnih sadr\u017eaja u suradnji s renomiranim stru\u010dnjacima, usmjerenih profesionalcima razli\u010ditih razina, Njegov portfelj sastoji se od radova koji nastoje promicati osobni i profesionalni razvoj, poti\u010du\u0107i eti\u010dki i odr\u017eivi rast. <\/p>\n<p> Uredni\u010dki pe\u010dat posve\u0107en poslovanju, menad\u017ementu, tehnologiji i inovacijama, profesionalnom razvoju, financijama i publicisti\u010dkim djelima usmjerenim na razmi\u0161ljanje o radu i svijetu u XXI. <\/p>\n<\/p>\n<\/div>\n<div class=\"apm-flex-item-third-width\">\n<p class=\"apm-text-center\"> <img decoding=\"async\" alt=\"ted, komunikacija, amazon, prodaja ideja, osvajanje ljudi\" src=\"https:\/\/m.media-amazon.com\/images\/S\/aplus-media-library-service-media\/c946b016-e907-4b83-961f-ab2374f5a6df.__CR0,0,300,300_PT0_SX300_V1___.jpg\" \/> <\/p>\n<h4 class=\"a-spacing-mini\"> Pet zvjezdica komunikacija 1. izdanje <\/h4>\n<p> Povijesnim i suvremenim primjerima iznimnih komunikatora ova knjiga u\u010di \u010ditatelja da se izrazi jasno\u0107om, karizmom i uvjerenjem, u razli\u010ditim kontekstima. <\/p>\n<\/p>\n<\/div>\n<div class=\"apm-flex-item-third-width\">\n<p class=\"apm-text-center\"> <img decoding=\"async\" alt=\"ted, komunikacija, amazon, prodaja ideja, osvajanje ljudi\" src=\"https:\/\/m.media-amazon.com\/images\/S\/aplus-media-library-service-media\/2896dcbf-72c1-4fa0-bcf7-d1f1c5d3ac85.__CR0,0,300,300_PT0_SX300_V1___.jpg\" \/> <\/p>\n<h4 class=\"a-spacing-mini\"> Ted. Razgovarajte, uvjerite se, uzbudite se. Kako se predstaviti velikoj publici <\/h4>\n<p> Ovo je knjiga koja donosi najbolje od oba svijeta: Carmine Gallo, jedan od najve\u0107ih stru\u010dnjaka za javno govorenje, autor bestselera u Brazilu i sada razotkriva metodu koja velike TED prezentacije \u010dini svjetskim uspjehom. <\/p>\n<\/p>\n<\/div>\n<\/div>\n<\/div>\n<\/div>\n<\/div>\n<\/div>\n<\/div>\n<\/div>\n<h3>Detalji proizvoda<\/h3>\n<ul>\n<li>ASIN: B0C4FVR6PF<\/li>\n<li>Izdava\u010d: Benvira<\/li>\n<li>Pristupa\u010dnost: Saznajte vi\u0161e<\/li>\n<li>Datum objave: 10. lipnja 2023<\/li>\n<li>Jezik: portugalski<\/li>\n<li>Veli\u010dina datoteke: 1.1 MB<\/li>\n<li>\u010cita\u010d zaslona: Kompatibilan<\/li>\n<li>Konfiguracija fonta: Omogu\u0107eno<\/li>\n<li>Savjeti za rje\u010dnik: Nije omogu\u0107eno<\/li>\n<li>Broj stranica: 424 stranice<\/li>\n<li>ISBN-13:978-6558101727<\/li>\n<li>Okretanje stranice: omogu\u0107eno<\/li>\n<li>Poredak najprodavanijih proizvoda: br. 58.056 u Kindle Storeu (Upoznajte 100 najboljih u kategoriji Kindle Store) br. 128 u vje\u0161tinama br. 1.460 u samopomo\u0107i br. 1.966 u poslovanju i ekonomiji<\/li>\n<li>128 U kompetencijama<\/li>\n<li>1460 U samopomo\u0107i<\/li>\n<li>1966. U poslovanju i ekonomiji<\/li>\n<li>Recenzije kupaca: 4,9 4,9 od 5 zvjezdica (152)<\/li>\n<\/ul><\/div>","protected":false},"excerpt":{"rendered":"<p>Autor najprodavanijeg TED govora, uvjeri, uzbudi otkriva komunikacijske tajne Jeffa Bezosa i podu\u010dava kako ih savladati Jeff Bezos je sanjar koji je odva\u017enu ideju pretvorio u najutjecajniju tvrtku na svijetu, revolucioniraju\u0107i e-trgovinu i zauvijek modificiraju\u0107i na\u010din na koji ljudi kupuju i prodaju. Ova knjiga otkriva komunikacijske strategije koje je Bezos koristio kako bi iskoristio izvanredan rast Amazona. Student vodstva i komunikacije, podigao je na\u010din na koji njegovi zaposlenici pi\u0161u, sura\u0111uju, inoviraju, predstavljaju i prodaju ideje.Kao jedan od najinovativnijih i vizionarskih poduzetnika na\u0161eg vremena, Jeff Bezos stvorio je model komunikacije tako u\u010dinkovit i u\u010dinkovit da je Tzos svijet organiziran od strane ovih tvrtki.<\/p>","protected":false},"featured_media":91645,"comment_status":"open","ping_status":"closed","template":"","meta":[],"product_cat":[1611,1608,1607],"product_tag":[],"class_list":{"0":"post-91645","1":"product","2":"type-product","3":"status-publish","4":"has-post-thumbnail","6":"product_brand-por-carmine-gallo-autor-editor-formato-ebook-kindle","7":"product_cat-administracao-negocios-e-economia","8":"product_cat-ebooks-kindle","9":"product_cat-loja-kindle","11":"first","12":"instock","13":"sale","14":"shipping-taxable","15":"purchasable","16":"product-type-simple"},"aioseo_notices":[],"_links":{"self":[{"href":"https:\/\/www.ecommerceupdate.com.br\/hr\/wp-json\/wp\/v2\/product\/91645","targetHints":{"allow":["GET"]}}],"collection":[{"href":"https:\/\/www.ecommerceupdate.com.br\/hr\/wp-json\/wp\/v2\/product"}],"about":[{"href":"https:\/\/www.ecommerceupdate.com.br\/hr\/wp-json\/wp\/v2\/types\/product"}],"replies":[{"embeddable":true,"href":"https:\/\/www.ecommerceupdate.com.br\/hr\/wp-json\/wp\/v2\/comments?post=91645"}],"wp:featuredmedia":[{"embeddable":true,"href":"https:\/\/www.ecommerceupdate.com.br\/hr\/wp-json\/wp\/v2\/product\/91645"}],"wp:attachment":[{"href":"https:\/\/www.ecommerceupdate.com.br\/hr\/wp-json\/wp\/v2\/media?parent=91645"}],"wp:term":[{"taxonomy":"product_cat","embeddable":true,"href":"https:\/\/www.ecommerceupdate.com.br\/hr\/wp-json\/wp\/v2\/product_cat?post=91645"},{"taxonomy":"product_tag","embeddable":true,"href":"https:\/\/www.ecommerceupdate.com.br\/hr\/wp-json\/wp\/v2\/product_tag?post=91645"}],"curies":[{"name":"wp","href":"https:\/\/api.w.org\/{rel}","templated":true}]}}