{"id":91680,"date":"2026-02-07T21:06:53","date_gmt":"2026-02-08T00:06:53","guid":{"rendered":"https:\/\/www.ecommerceupdate.org\/produto\/a-logistica-no-e-commerce-brasileiro-do-clique-a-entrega-analise-e-perspectivas-do-setor-de-transporte-no-comercio-digital\/"},"modified":"2026-03-13T15:25:24","modified_gmt":"2026-03-13T18:25:24","slug":"a-logistica-no-e-commerce-brasileiro-do-clique-a-entrega-analise-e-perspectivas-do-setor-de-transporte-no-comercio-digital","status":"publish","type":"product","link":"https:\/\/www.ecommerceupdate.com.br\/hr\/produto\/a-logistica-no-e-commerce-brasileiro-do-clique-a-entrega-analise-e-perspectivas-do-setor-de-transporte-no-comercio-digital\/","title":{"rendered":"Logistika u brazilskoj e-trgovini: od klika do isporuke: analiza i perspektive transportnog sektora u digitalnoj trgovini"},"content":{"rendered":"<div class=\"woocommerce-product-details\">\n<div id=\"aplus_feature_div\" class=\"celwidget\" data-feature-name=\"aplus\" data-csa-c-type=\"widget\" data-csa-c-content-id=\"aplus\" data-csa-c-slot-id=\"aplus_feature_div\" data-csa-c-asin=\"\" data-csa-c-is-in-initial-active-row=\"false\">\n<div id=\"aplus\" class=\"a-section a-spacing-large bucket\">\n<h3 class=\"\">Od izdava\u010da<\/h3>\n<div lang=\"pt_BR\">\n<div class=\"aplus-v2 desktop celwidget\">\n<div class=\"celwidget aplus-module module-12 aplus-standard\">\n<div class=\"aplus-module-wrapper apm-spacing apm-floatnone apm-fixed-width\">\n<div class=\"apm-sidemodule aplus-module-content\">\n<div class=\"apm-hero-image\"> <img decoding=\"async\" alt=\"Logistika u brazilskoj e-trgovini\" src=\"https:\/\/m.media-amazon.com\/images\/S\/aplus-media-library-service-media\/ad50992c-bc13-4dd0-ade2-7f2e6ab2716b.__CR0,0,970,300_PT0_SX970_V1___.jpg\" \/> <\/div>\n<\/p>\n<\/div>\n<\/div>\n<\/div>\n<div class=\"celwidget aplus-module module-12 aplus-standard\">\n<div class=\"aplus-module-wrapper apm-spacing apm-floatnone apm-fixed-width\">\n<div class=\"apm-sidemodule aplus-module-content\">\n<div class=\"apm-hero-image\"> <img decoding=\"async\" alt=\"Logistika u brazilskoj e-trgovini\" src=\"https:\/\/m.media-amazon.com\/images\/S\/aplus-media-library-service-media\/c799f656-e67b-4242-b264-4d13cd7265bf.__CR0,0,970,300_PT0_SX970_V1___.jpg\" \/> <\/div>\n<\/p>\n<\/div>\n<\/div>\n<\/div>\n<div class=\"celwidget aplus-module module-12 aplus-standard\">\n<div class=\"aplus-module-wrapper apm-spacing apm-floatnone apm-fixed-width\">\n<div class=\"apm-sidemodule aplus-module-content\">\n<div class=\"apm-hero-image\"> <img decoding=\"async\" alt=\"Logistika u brazilskoj e-trgovini\" src=\"https:\/\/m.media-amazon.com\/images\/S\/aplus-media-library-service-media\/3c458979-6216-4a85-baaf-300640a34d40.__CR0,0,970,300_PT0_SX970_V1___.jpg\" \/> <\/div>\n<\/p>\n<\/div>\n<\/div>\n<\/div>\n<div class=\"celwidget aplus-module module-12 aplus-standard\">\n<div class=\"aplus-module-wrapper apm-spacing apm-floatnone apm-fixed-width\">\n<div class=\"apm-sidemodule aplus-module-content\">\n<div class=\"apm-hero-image\"> <img decoding=\"async\" alt=\"Logistika u brazilskoj e-trgovini\" src=\"https:\/\/m.media-amazon.com\/images\/S\/aplus-media-library-service-media\/092829db-230c-4837-9d5a-1ab5b40fc9cf.__CR0,0,970,300_PT0_SX970_V1___.jpg\" \/> <\/div>\n<\/p>\n<\/div>\n<\/div>\n<\/div>\n<\/div>\n<\/div>\n<\/div>\n<\/div>\n<h3>Detalji proizvoda<\/h3>\n<ul>\n<li>Izdava\u010d: Alta Books<\/li>\n<li>Datum objave: 31. srpnja 2024<\/li>\n<li>Izdanje: 1a<\/li>\n<li>Jezik: portugalski<\/li>\n<li>Broj stranica : 240 stranica<\/li>\n<li>ISBN-10:8550821535<\/li>\n<li>ISBN-13:978-8550821535<\/li>\n<li>Te\u017eina proizvoda: 340g<\/li>\n<li>Dob \u010ditanja: 12 godina i vi\u0161e<\/li>\n<li>Dimenzije: 16 x 1,5 x 23 cm<\/li>\n<li>Poredak najprodavanijih knjiga: br. 93 523 u knjigama (Upoznajte 100 najboljih u kategoriji knjiga) br. 32 u online trgovini br. 110 u web marketingu br. 2 135 u upravljanju i vodstvu<\/li>\n<li>32 U online trgovini<\/li>\n<li>110 U web marketingu<\/li>\n<li>2.135 u upravljanju i vodstvu<\/li>\n<li>Recenzije kupaca: 4,3 4,3 od 5 zvjezdica (8)<\/li>\n<\/ul><\/div>","protected":false},"excerpt":{"rendered":"<p>Zamislite sljede\u0107e situacije:<br \/> ''kupite odjevni predmet putem interneta i na putu od posla do ku\u0107e uklonite proizvod na obli\u017enjem mjestu isporuke.<br \/> ''kupite online knjigu koju toliko \u017eelite, a publikacija sti\u017ee u va\u0161e ruke za nekoliko sati.<br \/> 30 Minuta, naru\u010dite u\u017einu sa svog telefona, a ona vam do\u0111e putem drona.<br \/> Ovo su neki primjeri rje\u0161enja koja ve\u0107 pobolj\u0161avaju kup\u010devo iskustvo kupnje i u\u010dinit \u0107e ga jo\u0161 pozitivnijim tijekom sljede\u0107ih nekoliko godina, skra\u0107uju\u0107i odnos vremena i prostora u stjecanju dobra.To pokazuje va\u017enost dubljeg poznavanja e-trgovine, posebno logisti\u010dkih procesa koji pridonose utopiji trenutne isporuke postaje mogu\u0107e.To je ono \u0161to publikacija Logistics in Brazilian E-Commerce predla\u017ee.<br \/> Knjiga se na inovativan na\u010din bavi promjenama, prilikama, trendovima i izazovima koje je e-trgovina donijela logistici - posebno za prijevoz, tako\u0111er donose\u0107i rezultate istra\u017eivanja bez presedana provedenog s glavnim prijevoznicima koji djeluju u ovom segmentu, predstavljanjem osnova podr\u0161ke e-trgovini, ovaj posao postaje bitan za one koji \u017eele dublje upoznati slo\u017eene procese uklju\u010dene u prodaju putem interneta i u prijevoz narud\u017ebi. Osnovno pravilo je pru\u017eanje raznih usluga dostave, balansiranje vremena, tro\u0161kova i pogodnosti za potro\u0161a\u010da. <\/p>","protected":false},"featured_media":91680,"comment_status":"open","ping_status":"closed","template":"","meta":[],"product_cat":[1611,1613,1595],"product_tag":[],"class_list":{"0":"post-91680","1":"product","2":"type-product","3":"status-publish","4":"has-post-thumbnail","6":"product_brand-por-bruno-batista-autor-tiago-veras-autor-elaine-radel-autor-felipe-amaral-autor-1-mais","7":"product_cat-administracao-negocios-e-economia","8":"product_cat-industrias-e-profissoes","9":"product_cat-livros","11":"first","12":"instock","13":"sale","14":"shipping-taxable","15":"purchasable","16":"product-type-simple"},"aioseo_notices":[],"_links":{"self":[{"href":"https:\/\/www.ecommerceupdate.com.br\/hr\/wp-json\/wp\/v2\/product\/91680","targetHints":{"allow":["GET"]}}],"collection":[{"href":"https:\/\/www.ecommerceupdate.com.br\/hr\/wp-json\/wp\/v2\/product"}],"about":[{"href":"https:\/\/www.ecommerceupdate.com.br\/hr\/wp-json\/wp\/v2\/types\/product"}],"replies":[{"embeddable":true,"href":"https:\/\/www.ecommerceupdate.com.br\/hr\/wp-json\/wp\/v2\/comments?post=91680"}],"wp:featuredmedia":[{"embeddable":true,"href":"https:\/\/www.ecommerceupdate.com.br\/hr\/wp-json\/wp\/v2\/product\/91680"}],"wp:attachment":[{"href":"https:\/\/www.ecommerceupdate.com.br\/hr\/wp-json\/wp\/v2\/media?parent=91680"}],"wp:term":[{"taxonomy":"product_cat","embeddable":true,"href":"https:\/\/www.ecommerceupdate.com.br\/hr\/wp-json\/wp\/v2\/product_cat?post=91680"},{"taxonomy":"product_tag","embeddable":true,"href":"https:\/\/www.ecommerceupdate.com.br\/hr\/wp-json\/wp\/v2\/product_tag?post=91680"}],"curies":[{"name":"wp","href":"https:\/\/api.w.org\/{rel}","templated":true}]}}